{"id":81,"date":"2025-03-31T12:01:24","date_gmt":"2025-03-31T10:01:24","guid":{"rendered":"https:\/\/jesusworte-fuer-die-endzeit.com\/WP\/?page_id=81"},"modified":"2025-03-31T12:01:24","modified_gmt":"2025-03-31T10:01:24","slug":"geistige-krankheitsursachen","status":"publish","type":"page","link":"https:\/\/jesusworte-fuer-die-endzeit.com\/WP\/geistige-krankheitsursachen\/","title":{"rendered":"Geistige Krankheitsursachen"},"content":{"rendered":"\n<figure class=\"wp-block-image size-large\"><img loading=\"lazy\" decoding=\"async\" width=\"1024\" height=\"665\" src=\"https:\/\/jesusworte-fuer-die-endzeit.com\/WP\/wp-content\/uploads\/2025\/03\/ocean-3605547_1920-1024x665.jpg\" alt=\"\" class=\"wp-image-33\" srcset=\"https:\/\/jesusworte-fuer-die-endzeit.com\/WP\/wp-content\/uploads\/2025\/03\/ocean-3605547_1920-1024x665.jpg 1024w, https:\/\/jesusworte-fuer-die-endzeit.com\/WP\/wp-content\/uploads\/2025\/03\/ocean-3605547_1920-300x195.jpg 300w, https:\/\/jesusworte-fuer-die-endzeit.com\/WP\/wp-content\/uploads\/2025\/03\/ocean-3605547_1920-768x498.jpg 768w, https:\/\/jesusworte-fuer-die-endzeit.com\/WP\/wp-content\/uploads\/2025\/03\/ocean-3605547_1920-1536x997.jpg 1536w, https:\/\/jesusworte-fuer-die-endzeit.com\/WP\/wp-content\/uploads\/2025\/03\/ocean-3605547_1920.jpg 1920w\" sizes=\"auto, (max-width: 1024px) 100vw, 1024px\" \/><\/figure>\n\n\n\n<p class=\"has-vivid-red-color has-text-color has-link-color wp-elements-ede6cf5a25b07ef8d28c28b55bf8b7d7\"><strong>G\u00d6TTLICHE&nbsp; HINWEISE&nbsp; AUS&nbsp; GANZHEITLICHER SICHT<\/strong><\/p>\n\n\n\n<p><strong>INHALT<\/strong><\/p>\n\n\n\n<p><strong>1.&nbsp;&nbsp; A S T R A L<\/strong><\/p>\n\n\n\n<p>\u2022&nbsp;&nbsp;&nbsp;&nbsp;&nbsp;&nbsp; Bestimmte Planetenkonstellationen w\u00e4hren der Geburt<\/p>\n\n\n\n<p><strong>2.&nbsp;&nbsp; K A R M I S C H<\/strong><\/p>\n\n\n\n<p>\u2022&nbsp;&nbsp;&nbsp;&nbsp;&nbsp;&nbsp; Verschuldung im Vorleben an Menschen, Tieren durch Machtmissbrauch, Lieblosigkeiten, Grausamkeiten<\/p>\n\n\n\n<p><strong>3.&nbsp;&nbsp; S P I R I T U AL<\/strong><\/p>\n\n\n\n<p>\u2022&nbsp;&nbsp;&nbsp;&nbsp;&nbsp;&nbsp; Einfl\u00fcsse von fremden geistigen Wesen<\/p>\n\n\n\n<p><strong><em>4.<\/em><\/strong> <em>NATURAL<\/em><\/p>\n\n\n\n<p>\u2022&nbsp;&nbsp;&nbsp;&nbsp;&nbsp;&nbsp; <em>Famili\u00e4re, genetisch bedingte Belastungen, Demenzen, Umweltvergiftung<\/em><\/p>\n\n\n\n<p><strong><em>5.<\/em><\/strong> <em>PERS\u00d6NLICH<\/em><\/p>\n\n\n\n<p>\u2022&nbsp;&nbsp;&nbsp;&nbsp;&nbsp;&nbsp; <em>Summe aller Empfindungen, Gef\u00fchle, Gedanken, Worte und Taten. religi\u00f6se Ausrichtung, Ern\u00e4hrung, Einfluss von Drogen aller Art, Operationen unter Narkose, Antibiotika, Medikamentenkonsum, HD Heft 90<\/em><\/p>\n\n\n\n<p><strong>1. ASTRAL<\/strong><\/p>\n\n\n\n<p>Bestimmte Planetenkonstellationen w\u00e4hren der Geburt<\/p>\n\n\n\n<p><strong><u>A1) Planetarische Einfl\u00fcsse; Planeten unseres Sonnensystems<\/u><\/strong><\/p>\n\n\n\n<p><strong>M<\/strong>ein <strong>V<\/strong>ater <strong>e<\/strong>rkl\u00e4rt <strong>m<\/strong>ir <strong>j<\/strong>eden <strong>S<\/strong>onntag <strong>u<\/strong>nsere <strong>n<\/strong>eun <strong>P<\/strong>laneten:<\/p>\n\n\n\n<p><strong>M<\/strong>erkur-<strong>V<\/strong>enus-<strong>E<\/strong>rde-<strong>M<\/strong>ars-<strong>J<\/strong>upiter-<strong>S<\/strong>aturn-<strong>U<\/strong>ranus-<strong>N<\/strong>eptun-<strong>P<\/strong>luto<\/p>\n\n\n\n<p><strong><u>A2) Materie ist Seelensubstanz<\/u><\/strong><\/p>\n\n\n\n<p><strong>Alle Materie ist ein gerichtetes und aus sich selbst verh\u00e4rtetes Geistiges. Materie ist eine allergr\u00f6bste und schwerste Umh\u00fcllung des Geistigen!&nbsp;<\/strong> (Ev.Band 4; Kap.103,4)<\/p>\n\n\n\n<p>Alle Materie ist <strong>Seelensubstanz<\/strong>, in einem gefestetem Zustand und hat die Bestimmung, durch eine lange Reihe von allerlei Formen in ein freies und selbstst\u00e4ndiges Leben \u00fcberzugehen (Ev.Bd8\/K.103,4)<\/p>\n\n\n\n<p><strong><u>A3) OD-Feld<\/u><\/strong><\/p>\n\n\n\n<p>Jeder Lebensteil ob Stein, Blume, Baum, Insekt, Wirbeltier, Mensch, Spurenelement, Atom, Elektron oder sogar <strong>PLANET<\/strong> hat ein <strong>OD-Feld.<\/strong> (HD30; 25,26).<\/p>\n\n\n\n<p><strong>Odkraft =Lebensenergie, Lebensstrom= g\u00f6ttlicher ODEM<\/strong> (HD30\/20-29)<\/p>\n\n\n\n<p><strong>Ohne OD: kein Leben; es gibt nichts Geistiges ohne OD<\/strong><\/p>\n\n\n\n<p>Unsere Seele n\u00e4hrt sich von den geistigen Kraftpotenzen aus diesen <strong>Odfeldern<\/strong>. OD ist nichts Stoffliches, nichts Materielles<\/p>\n\n\n\n<p>A4) Jeder Planet eures Sonnensystems hat seine Strahlenkraft, seinen <strong>OD-Mantel<\/strong> und vermag dadurch auf alles, was sich auf eurer Erde bewegt oder f\u00fcr euch als tote Materie gilt, einzuwirken. (VorTr11.2.88; S4)<\/p>\n\n\n\n<p><strong>Od<\/strong>, andere Bezeichnungen:&nbsp; Anch, Chi, Pneuma, Orenda, Wakanda, Mana\u2026 (HD94;26-34;HD30;20)<\/p>\n\n\n\n<p><strong><u>A5) Prim\u00e4rstrahlen<\/u><\/strong><\/p>\n\n\n\n<p>Die Strahlen, die aus dem Kosmos zu euch dringen, werden als <strong>Prim\u00e4rstrahlen<\/strong> bezeichnet. Alles auf eurer Welt, was diese Prim\u00e4rstrahlen aufnimmt, wird dadurch aufgeladen. (GD522)<\/p>\n\n\n\n<p>&nbsp;In den <strong>Chakras<\/strong> werden diese Prim\u00e4rstrahlen umgewandelt in&nbsp;&nbsp; Sekund\u00e4rstrahlen und transformiert dem Leib zugef\u00fchrt. \u00dcber die Chakras gelangen sie in jede Zelle und Faser eures ganzen Seins<\/p>\n\n\n\n<p><strong><u>A6) Zuordnung der Planeten zu Organe des Menschen<\/u><\/strong><\/p>\n\n\n\n<p>z.B. Niere: Venus; Durch die kosmischen Strahlen ist der Mensch an bestimmte Mineralien und Metalle gebunden. (HD 66)<\/p>\n\n\n\n<p>Bei ung\u00fcnstigen Planetenkonstellationen kann ein Mensch einen Mangel z.B bei Eisen, Kupfer oder anderen Elementen haben.<\/p>\n\n\n\n<p><strong>Uranus und Neptun<\/strong> geh\u00f6rt zu den mystischen Planeten und die Mystik liegt in eurem Dr\u00fcsensystem. Die Dr\u00fcsen sind auch mit den Nervengeflechten eurer Seele verbunden. (HD24: 29)<\/p>\n\n\n\n<p><strong>A7)<\/strong> <strong>Geistige Ursachen von Krankheiten<\/strong>:<\/p>\n\n\n\n<p>Sobald die solare Energie, die ihr ununterbrochen aus dem All empfangen d\u00fcrft, durch euer negatives, dunkles niedriges Empfinden, F\u00fchlen, Denken, Sprechen und Tun gest\u00f6rt wird, entstehen Reflexe in eurem physischen Leib. Wenn diese Ballungen nie abgebaut werden, bilden sich <strong>kranke Zellen.<\/strong><\/p>\n\n\n\n<p><strong>A8)<\/strong> <strong>HERZ<\/strong><\/p>\n\n\n\n<p>Wenn ein Mensch sowohl Zorn wie \u00c4rger mit sich herumtr\u00e4gt, sowie an der Vergangenheit h\u00e4ngt, nicht vergessen und vergeben kann, sich in seiner Empfindungs- und Gedankenwelt immer um Herzensleid-Episoden herumdreht, entstehen St\u00f6rungen im <strong>Herzrythmus<\/strong> ebenso in den <strong>Koronargef\u00e4\u00dfen.<\/strong> &nbsp;Das Vergeben und Vergessen allen Leids sind zwei wichtige Tugenden, um wieder gesund zu werden.<\/p>\n\n\n\n<p><strong>A9)<\/strong> <strong>DIE STERNE ZWINGEN NICHT<\/strong><\/p>\n\n\n\n<p>Der Mensch ist sein <strong>eigener Schicksalsschmied<\/strong> (HD41;18)<\/p>\n\n\n\n<p>Nur einzelne Stationen im Leben eines Menschen sind festgelegt zum Abtragen von karmischer Schuld oder durch die Entscheidungen im jetzigen Leben (GD384).<\/p>\n\n\n\n<p>Alles dazwischen unterliegt dem freien Willen des Menschen. Es gibt nicht irgend ein Schicksal. Es ist genau <strong>euer Schicksal.<\/strong> (GD354;HD41)<\/p>\n\n\n\n<p><strong>A10)<\/strong> <strong>Der Zeitpunkt der Geburt ist wichtig<\/strong><\/p>\n\n\n\n<p><strong>Dieser wird durch GOTT festgelegt, damit das OD-Feld des dann wirkenden Planeten zum betreffenden Kind passt.<\/strong> (GD321)<\/p>\n\n\n\n<p>Ihr sollt euren Werdeprozess mit den in euch ruhenden Elementen&nbsp; beschleunigen und in jenem Element aufbrechen, dass euch ganz spezifisch zugeordnet ist (HD18\/21;GD508)<\/p>\n\n\n\n<p><strong>A11)<\/strong> <strong>Der freie Wille eines Menschen ist st\u00e4rker als die Odstrahlen der Weltenk\u00f6rper.<\/strong><\/p>\n\n\n\n<p><strong>Sie zeigen jedoch eine Tendenz an<\/strong> (HD41;23)<\/p>\n\n\n\n<p>Die planetarischen Einfl\u00fcsse in eurem Leben sind gegeben. (GD321)<\/p>\n\n\n\n<p>A12) Selbst wenn ihr durch die Einstrahlungen der Planeten eures Sonnensystems veranlasst werdet, das eine zu tun und das andere zu lassen, dann h\u00e4ngt das wiederum zusammen mit euren <strong>fr\u00fcheren Leben<\/strong>, die notgedrungener Weise eure <strong>Geburtsstunde<\/strong> auch festgelegt haben. Es ist verbunden mit eurem freien Willen, den ihr seit eurer geistigen Geburt erhalten habt. (HD41;24)<\/p>\n\n\n\n<p><strong>2. KARMA<\/strong><\/p>\n\n\n\n<p>Verschuldung im Vorleben an Menschen, Tieren durch Machtmissbrauch, Lieblosigkeiten, Grausamkeiten<\/p>\n\n\n\n<p><strong><u>K1) KARMA: Gesetz von Ursache und Wirkung.<\/u><\/strong><\/p>\n\n\n\n<p><strong>Reinkarnationslehre wurde 533 gestrichen!!<\/strong><\/p>\n\n\n\n<p>Bis zum Jahre 553 n.Chr. blieb die Lehre von der Reinkarnation ein fester Bestandteil der r\u00f6m. kath. Kirche. Auf der im Jahre 543 durch den ostr\u00f6mischen Kaiser Justinian einberufenen Synagoge in Konstantinopel&nbsp; wurde sie jedoch als h\u00e4retisch abgestempelt.<\/p>\n\n\n\n<p>Alle Bisch\u00f6fe und Papst Vigilius mussten 10 Jahre sp\u00e4ter, auf dem 5. Allgemeinen&nbsp;Konzil (2. Konzil von Konstantinopel), diesem Beschluss nachgeben, wenn sie nicht Sanktionen des Kaiserhofes erwarten wollten<\/p>\n\n\n\n<p>Die fr\u00fcheren Kirchv\u00e4ter wurden fortan als H\u00e4retiker abgetan und viele Bibelstellen, die auf die Reinkarnation hingewiesen haben, wurden abge\u00e4ndert. (HD 7\/S8; GD92; GD324)<\/p>\n\n\n\n<p>Infolge der Entfernung der Reinkarnationslehre wurde auch das Wissen um das <strong>Karma<\/strong> (Sanskrit=Ausgleich) unter den Christen beseitigt, denn&nbsp; das Gesetz der Wiedergeburt ist an das <strong>Karma<\/strong> gebunden.<\/p>\n\n\n\n<p><strong><u>K2) Karma ist das Gesetz von Ursache und Wirkung.<\/u><\/strong><\/p>\n\n\n\n<p>Dieses Karma wird geschaffen durch diese verschiedenen<\/p>\n\n\n\n<p>Reinkarnationen, da ihr alle mehrmals in einem K\u00f6rper mit dem gleichen Geist und der gleichen Seele einverleibt werdet. &nbsp;<\/p>\n\n\n\n<p><strong><u>K3) Entstehung von Karma:<\/u><\/strong><\/p>\n\n\n\n<p>Vorrangig ist die Verschuldung an Menschen, Tieren, Pflanzen, oder Naturgeistwesen durch Machtmissbrauch, Lieblosigkeiten, Grausamkeiten sowie okkultischen Praktiken. (HD90\/31; GD40)<\/p>\n\n\n\n<p>Es gibt ein pers\u00f6nliches <strong>Karma<\/strong>,- ein Familien-, L\u00e4nder-und sogar ein Planetenkarma. Alles greift ineinander. (BO602;)<\/p>\n\n\n\n<p>Die geistigen Gesetze erfordern, dass eine Seele, die <strong>unterlassen<\/strong> hat, Gutes zu tun, die Leid zugef\u00fcgt hat, sei es in Gedanken, Worten und Taten, dies in einem <strong>sp\u00e4teren Leben<\/strong> an ihrem <strong>eigenen K\u00f6rper<\/strong> erlebt (DH8\/26; GD18)<\/p>\n\n\n\n<p>Jeder Mensch, der an das Gesetz von <strong>Karma<\/strong> und Reinkarnation glaubt, ist auch bestrebt jede Stunde in seinem Leben lichtvoll zu verbringen, weil er wei\u00df, das, dass was dunkel, nieder und negativ ist, <strong>neue Schuld<\/strong> kreiert. (HD57\/33; GD161)<\/p>\n\n\n\n<p><strong><u>K4) Information VOR der Reinkarnation:<\/u><\/strong><\/p>\n\n\n\n<p>Wir konnten vor unserer Einverleibung aus mehreren M\u00f6glichkeiten w\u00e4hlen zwischen gew\u00e4hlter Familie, Glaubensgemeinschaft, Wohnort, Staat.<\/p>\n\n\n\n<p>Wir sind aufgerufen im g\u00f6ttlichen Sinn <strong>karmaaufl\u00f6send<\/strong> t\u00e4tig zu sein. (HD89\/5)<\/p>\n\n\n\n<p><strong>K5)<\/strong> <strong>Karmatilgung<\/strong><\/p>\n\n\n\n<p>durch Liebestaten, durch das Sich-Selbst-Verschenken, weil ihr dem DU Freude bereiten wollt. (HD28\/21; GD492)<\/p>\n\n\n\n<p>Ihr sollt bei all jenen Menschen, wo ihr gefehlt habt, ob sie noch leben oder schon in der geistigen Welt sind, Abbitte leisten und eingestehen, was ihr an Ungutem getan habt. &nbsp;(HD22\/13; GD206)<\/p>\n\n\n\n<p>So viele Gef\u00fchle des Hasses, des Grolls, des Argwohns liegen im ganzen Kosmos\u2026.viele Millionen Menschen, die keine Liebe in sich tragen. Alles bildet eine Akkumulation, eine <strong>Zusammenballung von negativen Schwingungen \u2026<\/strong> dabei entstehen auf der Welt und im Kosmos so ungeheure Spannungen in der Atmosph\u00e4re, im \u00c4therreich. &nbsp;(HD57\/75; GD 75)<\/p>\n\n\n\n<p><strong>Naturkatastrophen sind Akkumulationen von<\/strong> negativen Gef\u00fchlsimpulsen, schlechten Empfindungen, b\u00f6sen Gedanken, lieblosen Worten und schlechten Taten (HD88; BO156)<\/p>\n\n\n\n<p><strong>K6) Kollektives Karma<\/strong><\/p>\n\n\n\n<p>(5. Gesetz der Bergpredigt)<\/p>\n\n\n\n<p>Die Mitarbeit am L\u00f6schen von kollektivem Karma einer Nation besteht darin, dass ihr euch kontrolliert, euren Dienstbereich, in den ihr gestellt wurdet, bis in alle Einzelheiten kennt. (HD36\/20)<\/p>\n\n\n\n<p><strong><u>K7) Todeszeitpunkt:<\/u><\/strong><\/p>\n\n\n\n<p>Er h\u00e4ngt in den meisten F\u00e4llen mit dem Karma zusammen, das abgetragen werden muss. Es ist Gott allein, der einem Menschen das Leben schenkt und es auch wieder nimmt:&nbsp; der Todeszeitpunkt ist&nbsp; bei keiner einzigen Seele unverr\u00fcckbar festgelegt. (HD7\/22; GD22)<\/p>\n\n\n\n<p>Ohne Verfehlungen, ohne S\u00fcndigen, gibt es kein Leben auf dieser Welt. Jedoch sollt ihr Sieger sein und mit JEDEM TAG <strong>NEU<\/strong> <strong>BEGINNEN!<\/strong> (HD43\/12;GD298)<\/p>\n\n\n\n<p>Lasst euch nicht in \u00c4ngste, in N\u00f6te, in Zweifel und auch nicht in ein schlechtes Gewissen treiben. Alles hat ja seinen Sinn und Zweck (HD43;GD408)<\/p>\n\n\n\n<p>An einem <strong>einzigen Erdentag<\/strong> k\u00f6nnt ihr so gro\u00dfe geistige Fortschritte erwerben, wie 100 Jahre im Jenseits, weil dort die gleichen M\u00f6glichkeiten nicht mehr gegeben sind. (HD80\/37;GD580)<\/p>\n\n\n\n<p>Ihr werdet immer wieder in jene Bahnen gelenkt die euch aufs neue M\u00f6glichkeiten geben, <strong>angestaute karmische Schuld<\/strong> aus diesem oder fr\u00fcheren Leben zu l\u00f6schen. Chance annehmen! (HD81\/21; GD460)<\/p>\n\n\n\n<p>Die meisten Christen haben 20,30 bis 70 Mal reinkarniert. (HD63\/25; GD455)<\/p>\n\n\n\n<p>Alle Vorleben sind im kosmischen und geistigen Ged\u00e4chtnis gespeichert. Die Einstrahlungen aus euren Vorleben wirken konstant. Es ist eine <strong>permanente Reflexion<\/strong> zwischen eurem <strong>Unter,-Tages,-und \u00dcberbewusstsein<\/strong> vorhanden. (HD63\/23;GD153).<\/p>\n\n\n\n<p>Das pers\u00f6nliche Karma kann kein Mensch f\u00fcr den anderen l\u00f6schen, sondern nur Teile der Schuld die im <strong>kollektivem Sinne<\/strong> auf eurer Welt und Menschheit liegt. (HD36\/20) &nbsp;<\/p>\n\n\n\n<p><strong>3. SPIRITUAL<\/strong><\/p>\n\n\n\n<p><strong><u>S1) Einfl\u00fcsse von fremden geistigen Wesen<\/u><\/strong><\/p>\n\n\n\n<p>Ihr seid ununterbrochen mit der <strong>unsichtbaren, geistigen Welt<\/strong> verbunden. Die Einstrahlungen, die aus ihr zu euch flie\u00dfen, k\u00f6nnt ihr nicht aufhalten. Ihr seid verantwortlich f\u00fcr das was ihr dann empfangt. (HD91\/20; BO226)<\/p>\n\n\n\n<p>Ihr sollt euch stets bewusst sein, dass ihr auf dieser Erde ein <strong>DOPPELLEBEN<\/strong> f\u00fchrt, weil ihr <strong>Geist<\/strong> seid. (HD91\/20;BO173)<\/p>\n\n\n\n<p>Ihr seid alle von <strong>unsichtbaren Wesenheiten<\/strong> umgeben. Ihr bestimmt deren Frequenz. (BO471)<\/p>\n\n\n\n<p>Sie k\u00f6nnen nur jene molekularen Schwingungen in eurer Seele und in eurem Geist anpeilen, die schon ruhend in euch vorhanden sind (HD45\/36; GD157).<\/p>\n\n\n\n<p><strong>S2) Unsichtbare Geisterwelt:<\/strong><\/p>\n\n\n\n<ol style=\"list-style-type:lower-alpha\" class=\"wp-block-list\">\n<li><strong>Seelen verstorbener Menschen<\/strong><\/li>\n\n\n\n<li><strong>Natur und Elementargeistwesen der DEVA-Linie<\/strong><\/li>\n\n\n\n<li><strong>Elementseelen<\/strong><\/li>\n\n\n\n<li><strong>Schemen und Phantome<\/strong>, die durch Empfindungen, Gef\u00fchle, Gedanken, Vorstellungen, Werte, sowie Taten der Menschen selbst geschaffen werden.<\/li>\n<\/ol>\n\n\n\n<p><strong>S3) Arme Seelen verstorbener Menschen:<\/strong><\/p>\n\n\n\n<p>Millionen schweifen in&nbsp; <strong>Zwischenbereichen<\/strong> und in den <strong>dunkelsten Astralebenen<\/strong> herum. Diese Geistwesen bedienen sich der Menschen um ihre Eigenschaften auszuleben oder sich auszutoben.<\/p>\n\n\n\n<p>(HD90\/2;BO60)<\/p>\n\n\n\n<p><strong>S4) Okkultismus<\/strong><\/p>\n\n\n\n<p>Ist jenes Feld, dass von all diesen dunklen, tiefen und niederen Seelen benutzt wird. Sie waren schon einmal bzw. einige Male auf dieser Welt inkarniert. Durch ihr b\u00f6ses negatives Denken, und Handeln sind sie an diese Welt gebunden. (H90\/30; BO40)<\/p>\n\n\n\n<p><strong>S5)<\/strong> <strong>Selbstgeschaffene<\/strong> <strong>Pr\u00e4gungen<\/strong>:<\/p>\n\n\n\n<p>Alle S\u00fcnden \u2026 sind durch die ausge\u00fcbte Tat <strong>nicht<\/strong> einfach <strong>abgeschlossen<\/strong>. Die in ihnen ruhende Schwingung existiert nach wie vor im \u00c4therreich. Daraus entstehen Phantome, welche lebende Menschen beschatten, deren Seelenpr\u00e4gungen sie anziehen. (HD90\/32;BO458)<\/p>\n\n\n\n<p>Dunkle Geistwesen ver\u00e4ndern das <strong>Blutbild<\/strong> und schaffen Krankheit.<\/p>\n\n\n\n<p>Spektrum: Gr\u00f6\u00dfenwahn, Tobsuchtsanf\u00e4lle, Hysterie, Melancholie, Depressionen, niedere Emotionen wie Zorn, Groll, Hass, Wut, Neid, zwanghafte triebhafte, instinktgebundene, gewaltvolle Handlungen. (HD90\/29; BO23)<\/p>\n\n\n\n<p>Auf diese Weise werden Informationen im Gehirn durch <strong>unsichtbare Geistwesen<\/strong> angepeilt, die noch mit den gleichen M\u00e4ngeln behaftet sind. So kommt es bei jenen Menschen zu Umsetzungen oder gar Besetzungen. (HD90\/31;BO379)<\/p>\n\n\n\n<p>Bei einem <strong>Zornausbruch<\/strong> str\u00f6men aus euch so tiefe Schwingungen heraus, dass ihr dadurch Geistwesen, die an dies Erde gebunden sind, anzieht. Sie laben sich dann an den Ausbr\u00fcchen. (HD90\/29; BO79)<\/p>\n\n\n\n<p><strong>S6)<\/strong> <strong>Blockaden<\/strong><\/p>\n\n\n\n<p>Sie entstehen durch einen Versto\u00df gegen g\u00f6ttliche Gesetze. Entt\u00e4uschte Erwartungen, \u00c4rgernisse, Auseinandersetzungen, das Nicht-Vergeben und Vergessen f\u00fchren ebenfalls zu Pr\u00e4gungen, die wieder erl\u00f6st werden wollen. (HD16\/20)<\/p>\n\n\n\n<p><strong>Blockaden stehen in Verbindung mit Krankheiten.<\/strong><\/p>\n\n\n\n<p>Durch Blockaden bleibt unser Gottesbewusstsein, wie die Farben unserer Aura und der Chakren getr\u00fcbt. &nbsp;(GD 15\/20) S11)<\/p>\n\n\n\n<p>1. Pr\u00e4gung im Mutterleib<\/p>\n\n\n\n<p>H\u00e4ufigste <strong>Blockade<\/strong> beim <strong>Zeugungsakt<\/strong>. Durch falsche Erziehung sowie Ern\u00e4hrung ergeben sich weitere Blockaden. (HD15\/20) S12)<\/p>\n\n\n\n<p>Was wir empfinden, f\u00fchlen, h\u00f6ren, sehen, riechen, schmecken, betasten, darauf reagieren unsere Dr\u00fcsen. Von dort gibt es reflektorische Impulse an die Chakren (feinstoffliche Kraftzentren unseres K\u00f6rpers), diese hinterlassen spezifische Pr\u00e4gungen, die zu einer <strong>Blockade<\/strong> f\u00fchren k\u00f6nnen.<\/p>\n\n\n\n<p><strong>Blockadenerkennung<\/strong>:<\/p>\n\n\n\n<p>Ihr sollt mit eurem Herzen, eurer Seele und eurem Geist arbeiten. Dann verm\u00f6gt ihr auch alle Einpr\u00e4gungen zu entziffern, wahrzunehmen und sie zu l\u00f6schen. (HD16\/25)<\/p>\n\n\n\n<p>Kontrolliert euch, damit ihr alles was ihr <strong>UNBEWUSST<\/strong> tut, meidet. Sucht nach dem Grund.<\/p>\n\n\n\n<p><strong>S7) Unwillk\u00fcrliches (sympathisches) Nervensystem:<\/strong><\/p>\n\n\n\n<p>In diesem liegen&nbsp; jene Impulse, die ihr vor allem im Laufe eurer Leben gesammelt habt und&nbsp; die in eurem Seelenbild eingepr\u00e4gt sind. Ihr sollt euer&nbsp; <strong>SELBST<\/strong> ergr\u00fcnden. Dies geschieht nur \u00fcber <strong>SELBSTKONTROLLE<\/strong> und <strong>SELBSTDISZIPLIN.<\/strong> (HD16)<\/p>\n\n\n\n<p><strong>Pr\u00e4gungen<\/strong> sind in den <strong>HANDLINIEN<\/strong> erkennbar<\/p>\n\n\n\n<p>Sie sind ein Hinweis f\u00fcr die leibliche Wiedergeburt auf der Erde, gebildet durch eure Vorexistentien.<\/p>\n\n\n\n<p><strong>Pr\u00e4gungen<\/strong> ebenso durch die Physiognomie erkennbar. Auch in den Augen reflektiert sich der Seelenspiegel. (HD47\/21)<\/p>\n\n\n\n<p>Ein jedes Menschenkind hat seine Verfehlungen und Verschuldungen abzutragen.<\/p>\n\n\n\n<p>Das Schicksal wird ihm ansonsten immer wieder die gleichen Hindernisse auf seinen Lebensweg stellen. Das kann viele Menschenleben dauern. (HD89\/BO76)<\/p>\n\n\n\n<p><strong>S8) Jeder Tag NEUBEGINN!<\/strong><\/p>\n\n\n\n<p>Kein Blick zur\u00fcck auf Dinge, die euch belastet, gekr\u00e4nkt, beleidigt oder sogar gesch\u00e4digt haben.<\/p>\n\n\n\n<p>Die g\u00f6ttliche Gerechtigkeit sorgt f\u00fcr den Ausgleich. (HD17\/29;GD363)<\/p>\n\n\n\n<p><\/p>\n","protected":false},"excerpt":{"rendered":"<p>G\u00d6TTLICHE&nbsp; HINWEISE&nbsp; AUS&nbsp; GANZHEITLICHER SICHT INHALT 1.&nbsp;&nbsp; A S T R A L \u2022&nbsp;&nbsp;&nbsp;&nbsp;&nbsp;&nbsp; Bestimmte Planetenkonstellationen w\u00e4hren der Geburt 2.&nbsp;&nbsp; K A R M I S C H \u2022&nbsp;&nbsp;&nbsp;&nbsp;&nbsp;&nbsp; Verschuldung im Vorleben an Menschen, Tieren durch Machtmissbrauch, Lieblosigkeiten, Grausamkeiten 3.&nbsp;&nbsp; S P I R I T U AL \u2022&nbsp;&nbsp;&nbsp;&nbsp;&nbsp;&nbsp; Einfl\u00fcsse von fremden geistigen Wesen 4. [&hellip;]<\/p>\n","protected":false},"author":1,"featured_media":0,"parent":0,"menu_order":0,"comment_status":"closed","ping_status":"closed","template":"","meta":{"zakra_sidebar_layout":"customizer","zakra_remove_content_margin":false,"zakra_sidebar":"customizer","zakra_transparent_header":"customizer","zakra_logo":0,"zakra_main_header_style":"default","zakra_menu_item_color":"","zakra_menu_item_hover_color":"","zakra_menu_item_active_color":"","zakra_menu_active_style":"","zakra_page_header":true,"footnotes":""},"class_list":["post-81","page","type-page","status-publish","hentry"],"_links":{"self":[{"href":"https:\/\/jesusworte-fuer-die-endzeit.com\/WP\/wp-json\/wp\/v2\/pages\/81","targetHints":{"allow":["GET"]}}],"collection":[{"href":"https:\/\/jesusworte-fuer-die-endzeit.com\/WP\/wp-json\/wp\/v2\/pages"}],"about":[{"href":"https:\/\/jesusworte-fuer-die-endzeit.com\/WP\/wp-json\/wp\/v2\/types\/page"}],"author":[{"embeddable":true,"href":"https:\/\/jesusworte-fuer-die-endzeit.com\/WP\/wp-json\/wp\/v2\/users\/1"}],"replies":[{"embeddable":true,"href":"https:\/\/jesusworte-fuer-die-endzeit.com\/WP\/wp-json\/wp\/v2\/comments?post=81"}],"version-history":[{"count":1,"href":"https:\/\/jesusworte-fuer-die-endzeit.com\/WP\/wp-json\/wp\/v2\/pages\/81\/revisions"}],"predecessor-version":[{"id":82,"href":"https:\/\/jesusworte-fuer-die-endzeit.com\/WP\/wp-json\/wp\/v2\/pages\/81\/revisions\/82"}],"wp:attachment":[{"href":"https:\/\/jesusworte-fuer-die-endzeit.com\/WP\/wp-json\/wp\/v2\/media?parent=81"}],"curies":[{"name":"wp","href":"https:\/\/api.w.org\/{rel}","templated":true}]}}