{"id":77,"date":"2025-03-31T11:55:50","date_gmt":"2025-03-31T09:55:50","guid":{"rendered":"https:\/\/jesusworte-fuer-die-endzeit.com\/WP\/?page_id=77"},"modified":"2025-03-31T11:55:50","modified_gmt":"2025-03-31T09:55:50","slug":"vorzeichen-fuer-naturkatastrophen","status":"publish","type":"page","link":"https:\/\/jesusworte-fuer-die-endzeit.com\/WP\/vorzeichen-fuer-naturkatastrophen\/","title":{"rendered":"Vorzeichen f\u00fcr Naturkatastrophen"},"content":{"rendered":"\n<figure class=\"wp-block-image size-large\"><img loading=\"lazy\" decoding=\"async\" width=\"1024\" height=\"768\" src=\"https:\/\/jesusworte-fuer-die-endzeit.com\/WP\/wp-content\/uploads\/2025\/03\/sky-8752964_1920-1024x768.jpg\" alt=\"\" class=\"wp-image-55\" srcset=\"https:\/\/jesusworte-fuer-die-endzeit.com\/WP\/wp-content\/uploads\/2025\/03\/sky-8752964_1920-1024x768.jpg 1024w, https:\/\/jesusworte-fuer-die-endzeit.com\/WP\/wp-content\/uploads\/2025\/03\/sky-8752964_1920-300x225.jpg 300w, https:\/\/jesusworte-fuer-die-endzeit.com\/WP\/wp-content\/uploads\/2025\/03\/sky-8752964_1920-768x576.jpg 768w, https:\/\/jesusworte-fuer-die-endzeit.com\/WP\/wp-content\/uploads\/2025\/03\/sky-8752964_1920-1536x1152.jpg 1536w, https:\/\/jesusworte-fuer-die-endzeit.com\/WP\/wp-content\/uploads\/2025\/03\/sky-8752964_1920.jpg 1920w\" sizes=\"auto, (max-width: 1024px) 100vw, 1024px\" \/><\/figure>\n\n\n\n<p><em>Auf nat\u00fcrliche Weise ist es nicht mehr m\u00f6glich, die Menschen zu Jesus Christus zu f\u00fchren.&nbsp;Und also m\u00fcsste Ich Meine Gesch\u00f6pfe verloren gehen lassen, wollte Ich es bewenden&nbsp; lassen bei nat\u00fcrlichen Vorg\u00e4ngen, die v\u00f6llig ohne Eindruck bleiben.<\/em><\/p>\n\n\n\n<p><em>Und ob es euch auch scheinen mag, als gehet ihr einer friedvollen Zeit entgegen\u2026es ist nur die Stille vor dem Sturm.<\/em><\/p>\n\n\n\n<p><em>Die Menschheit lebt nicht mehr so, dass das Erdenleben ein friedvolles sein kann, sie strebt keine geistige Entwicklung an.<\/em><\/p>\n\n\n\n<p><em>Die Zeit ist erf\u00fcllt\u2026.doch nur die Menschen, die Mir zustreben, sehen die Zeichen und sie zweifeln nicht, dass nun in Erf\u00fcllung geht, was Seher und Propheten vorausgesagt haben\u2026<\/em><\/p>\n\n\n\n<p><em>Durch die Naturelemente will Ich mich \u00e4u\u00dfern.&nbsp;Wo noch ein Funken Glaube im Menschen ist, dort ist eine Rettungsm\u00f6glichkeit, denn dieser noch in letzter Stunde die Gedanken hinwenden zu Mir.<\/em><\/p>\n\n\n\n<p><em>Ich lasse die Erde erbeben\u2026.und wo keine Hilfe mehr ersichtlich ist, kann Ich allein noch Rettung bringen. Und wer in gr\u00f6\u00dfter Not sich seines Kinderglaubens erinnert\u2026Mich anruft, der wird es wahrlich nicht bereuen\u2026Er ist gerettet f\u00fcr Zeit und Ewigkeit, denn das irdische Leben zu verlieren ist dann nur noch eine Gnade, wenn die Seele noch im geistigen Reich aufw\u00e4rts schreitet.<\/em><\/p>\n\n\n\n<p><em>Zuvor aber kommt ein ungew\u00f6hnliches Naturereignis\u2026.eine ernste Mahnung.<\/em><\/p>\n\n\n\n<p><em>Die Menschen k\u00f6nnen sich keine Vorstellung machen von dem Geschehen, durch das Ich Mich ihnen wieder in Erinnerung bringen will\u2026<\/em><\/p>\n\n\n\n<p><em>Es werden alle Elemente gegeneinander w\u00fcten\u2026bis Ich Selbst den Elementen gebiete und Stunden des Grauens und Schreckens beende\u2026<\/em><\/p>\n\n\n\n<p><em>Lernet glauben und rufet Mich, so Ich euch also erkenntlich bin und dann glaubet, dass Meine letzte Ank\u00fcndigung sich erf\u00fcllt, dass das Ende kommt und mit ihm das letzte Gericht\u2026.n\u00fctzet diese letzte Gnadenfrist holet nach, was ihr vers\u00e4umtet\u2026.<\/em><\/p>\n\n\n\n<p><em>Ich rede euch an, vorerst leise und voller Liebe euch zur Umkehr ermahnend um dann immer lauter Meine Stimme zu erheben.<\/em><\/p>\n\n\n\n<p>B.D.Nr.5941\/1954, B.D.6970; 1957<\/p>\n\n\n\n<p><strong>Lichterscheinung vor der Katastrophe<\/strong><\/p>\n\n\n\n<p><em>Es geht eine gro\u00dfe geistige Aktion Meinem Eingriff voraus, die den Meinen den Glauben st\u00e4rken soll und ein letzter Hinweis ist auf das kommende Naturereignis.<\/em><\/p>\n\n\n\n<p><em>Es werden die Meinigen Lichterscheinungen am Firmament sehen, klar und deutlich, so dass jegliche Selbstt\u00e4uschung ausgeschaltet ist, w\u00e4hrend Ungl\u00e4ubige nichts sehen und Hinweise darauf verlachen als Phantastereien.<\/em><\/p>\n\n\n\n<p><em>Und dies ist das letzte Zeichen.<\/em><\/p>\n\n\n\n<p><em>Dann lasset alles Irdische seinen Lauf gehen und sorget nur noch f\u00fcr euer Seelen\u2026verbindet euch tief und innig mit Mir, auf dass Ich euch gegenw\u00e4rtig sein kann in tiefster Not. Dann nehmet euch noch derer an, die um euch sind und furchtsam die Ver\u00e4nderungen in der Natur beobachten, gebet Ihnen kurz Aufkl\u00e4rung und weiset sie hin zu Mir, sprechet von Mir als von einem Gott der Liebe. Der Sich eines jeden Menschen annimmt und niemanden ausl\u00e4sst, der zu Ihm ruft um Hilfe.<\/em><\/p>\n\n\n\n<p><em>Und dann harret auf Mich, f\u00fcrchtet euch nicht, so Meine Stimme ert\u00f6net in einer St\u00e4rke, dass die Menschen erbeben werden.<\/em><\/p>\n\n\n\n<p>D.D.Nr.4359\/1948\/S16<\/p>\n\n\n\n<p><strong>Ank\u00fcndigung eines Sternes<\/strong><\/p>\n\n\n\n<p><em>Es wird sich ein Stern l\u00f6sen aus seiner gewohnten Bahn und den Weg nehmen zur Erde. Die Erde wird einen Sto\u00df erleiden\u2026.doch zu einer v\u00f6lligen Zerst\u00f6rung wird diese Naturkatastrophe nicht f\u00fchren, aber doch von einem unvorstellbaren Ausma\u00df sein, dass f\u00fcr unz\u00e4hlige Menschen schon damit das Ende gekommen ist.<\/em><\/p>\n\n\n\n<p><em>Ein gewaltiges Beben wird die Erde ersch\u00fcttern\u2026eine solches wie die Menschen noch nicht erlebt haben seit Beginn dieser Epoche.<\/em><\/p>\n\n\n\n<p><em>Das ihr von dem Stern noch nichts wisset, liegt an seiner gro\u00dfen Entfernung, die dieser Stern noch zur\u00fcckzulegen hat, ehe er in den Sehbereich derer kommt, die ihn wahrnehmen werden.<\/em><\/p>\n\n\n\n<p><em>Es werden sich sogenannte \u201etote Erdstrecken\u201c bilden, die keinerlei Leben aufweisen, weil die Erdausd\u00fcnstungen an diesen Stellen jegliches Leben ersticken. Es wird ein sichtliches Einwirken von Naturkr\u00e4ften zu erkennen sein.&nbsp;<\/em><\/p>\n\n\n\n<p><em>Es wird sich ein gewaltiger Sturm erheben, der alles entwurzelt und empor jagt; es wird sich die Erde spalten; es wird eine unertr\u00e4gliche Hitze die Menschen zuvor schon unf\u00e4hig machen und stumpf und teilnahmslos verfolgen sie die ersten Erscheinungen in der Natur, bis sie ihre schlimme Lage erkennen und nun fast brutal um ihr Leben k\u00e4mpfen.<\/em><\/p>\n\n\n\n<p><em>Und Ich werde allen denen, die guten Willens sind, beistehen in ihrer Not.<\/em><\/p>\n\n\n\n<p>B.D.7405; 1959\/S19, B.D.Nr.7421\/1959, B.D.Nr.4940\/1950\/S27<\/p>\n\n\n\n<p><strong>Ausma\u00df des Zerst\u00f6rungswerkes<\/strong><\/p>\n\n\n\n<p><em>In welchem Ausma\u00df der Zerst\u00f6rungsakt im Willen Gottes vor sich gehen wird\u2026.wird alles \u00fcbertreffen, was je gewesen ist. L\u00e4nder und Meere werden sich ver\u00e4ndern, Fl\u00fcsse werden aus den Ufern treten und so Bilder geschaffen werden, dass die Menschen sich in andere Gegenden versetzt glauben.<\/em><\/p>\n\n\n\n<p><em>Es wird die Not so gro\u00df sein, dass nur allein Liebe sie ertragen l\u00e4sst, und wo einer f\u00fcr den anderen t\u00e4tig ist, wird auch bald Erleichterung und Hilfe zu sp\u00fcren sein, die ihnen sichtlich von oben zuteil wird.<\/em><\/p>\n\n\n\n<p>B.D.Nr.4441\/1948\/S33<\/p>\n\n\n\n<p><strong>Hergang der Katastrophe<\/strong><\/p>\n\n\n\n<p><em>Die wenigsten Menschen beachten die Anzeichen der kommenden Zeit\u2026sie werden auch anf\u00e4nglich den Erscheinungen keine Beachtung schenken.<\/em><\/p>\n\n\n\n<p><em>Es werden durch Windhosen zuerst die Menschen aufmerksam gemacht werden\u2026in kleinen Abst\u00e4nden werden heftige Erdst\u00f6\u00dfe sp\u00fcrbar sein und es wird sich der Himmel verdunkeln, ein Donnerget\u00f6se wird vernehmbar sein&#8230;unter den Menschen und Tieren wird eine Panik ausbrechen\u2026<\/em><\/p>\n\n\n\n<p><em>Das Get\u00f6se wird immer lauter, die Erdersch\u00fctterungen immer heftiger, die Erde \u00f6ffnet sich und gewaltige Wassermassen brechen sich Bahn aus dem Erdinneren.<\/em><\/p>\n\n\n\n<p><em>Es werden die Tage zuvor so strahlend sein, dass eine gewisse Sorglosigkeit die Menschen ergriffen hat und es wird der Umsturz so pl\u00f6tzlich kommen, dass niemand Vorsorge treffen kann.<\/em><\/p>\n\n\n\n<p><em>Nur der gl\u00e4ubige Mensch sp\u00fcrt die g\u00f6ttliche Allmacht und vertraut sich seinem Sch\u00f6pfer an\u2026.und er wird versuchen geistige Hilfe zu bringen, wo es nur m\u00f6glich ist, er wird die Ungl\u00fccklichen tr\u00f6sten und zu Gott hinweisen. Er wird jenen die M\u00f6glichkeit geben zu wirken f\u00fcr Ihn\u2026Ihnen wir ein reiches Bet\u00e4tigungsfeld zugewiesen werden und der Samen wird auf guten Boden fallen, denn Gott verschonet, die Seiner achten oder in gr\u00f6\u00dfter Not zu Ihm finden.<\/em><\/p>\n\n\n\n<p>B.D.1538\/1940\/S35<\/p>\n\n\n\n<p><strong>Naturkatastrophe vor dem Ende<\/strong><\/p>\n\n\n\n<p><em>Es wird die Erde in ihren Grundfesten ersch\u00fcttert werden. Es folgen nun in einzelnen Gebieten auf der Erde Detonationen von gr\u00f6\u00dftem Ausma\u00df&#8230;denen sich dann ein W\u00fcten der Naturelemente anschlie\u00dft, dessen Folgen unvorstellbar sind und erst nachher von den \u00dcberlebenden \u00fcbersehen werden k\u00f6nnen.<\/em><\/p>\n\n\n\n<p><em>Pl\u00f6tzlich und unerwartet werden sich die ersten Anzeichen bemerkbar machen, dass sich kosmische Ver\u00e4nderungen zeigen, dass scheinbar alles aus der gesetzlichen Ordnung ger\u00e4t; es werden seltsame Beobachtungen gemacht werden am Sternenhimmel, es werden bedrohliche Verfinsterungen eintreten f\u00fcr kurze Zeit, aber immer wird wieder ein scheinbare Ruhe danach sein.<\/em><\/p>\n\n\n\n<p><em>Es kann nur von Segen sein, zu wissen, dass alles vorherbestimmt ist von eurem Gott und Sch\u00f6pfer, doch nicht um euch zu schaden, sondern nur, um euren Seelen zu n\u00fctzen, die sich in \u00e4u\u00dferster Gefahr befinden verloren zu gehen.<\/em><\/p>\n\n\n\n<p><em>Kurze Zeit danach folgt das Ende dieser Erde, das aber nicht von Mir aus heraufbeschworen wird, sondern durch menschlichen Willen stattfindet, den Ich aber nicht mindere.<\/em><\/p>\n\n\n\n<p>B.D.Nr.7151\/1958\/S37<\/p>\n\n\n\n<p><strong>Zeichen der Endzeit<\/strong><\/p>\n\n\n\n<p><em>Es geht dem letzten Gericht die Endzeit voraus, und diese umfasst eine Zeitspanne von nur wenigen Monaten, die durch einen au\u00dfergew\u00f6hnlich rigorosen Glaubenskampf gekennzeichnet sind.<\/em><\/p>\n\n\n\n<p>B.D.Nr.3209\/1944\/S39<\/p>\n\n\n\n<p><strong>Irdisches Aufbl\u00fchen\u2026Baldiger Verfall<\/strong><\/p>\n\n\n\n<p><em>Weltlich gesehen, werdet ihr ein st\u00e4ndiges Aufbl\u00fchen verfolgen k\u00f6nnen, denn die Menschen streben \u00fcbereifrig irdische Verbesserungen und irdischen Wohlstand an, ihr ganzes Sinnen und Trachten ist nur irdisch gerichtet\u2026geistige Ziele kennen sie nicht.<\/em><\/p>\n\n\n\n<p><em>Jeder harte Schicksalsschlag aber ist nur ein Mittel, die Menschen wachzur\u00fctteln aus der Ruhe ihres irdischen Daseins\u2026<\/em><\/p>\n\n\n\n<p>B.D.Nr.9542\/1963\/S47<\/p>\n\n\n\n<p><strong>Naturgeschehen und Chaos<\/strong><\/p>\n\n\n\n<p><em>Das Chaos durch die Naturgewalten wird unbeschreiblich sein und ihr werdet viel Kraft ben\u00f6tigen um durchzuhalten. Aber ihr k\u00f6nnet euch diese Kraft erbitten jederzeit von Mir, ihr k\u00f6nnt sie euch sichern durch Wirken in Liebe, ihr werdet niemals kraftlos dem Schicksal ausgeliefert sein, wenn ihr nur helfen wollt euren Mitmenschen und wenn ihr euch Meine Hilfe dazu erbittet.<\/em><\/p>\n\n\n\n<p><em>Um der geistigen Not willen lasse Ich dies Naturgeschehen \u00fcber euch kommen, auf dass ihr zur Besinnung kommen sollet was das irdische Leben wert ist, wenn es nur weltlich ausgelebt wird. Denn ihr werdet jeglichen Besitz verlieren<\/em><\/p>\n\n\n\n<p>B.D.Nr.7643\/1960\/S51<\/p>\n\n\n\n<p><strong>Folgen von Experimenten<\/strong><\/p>\n\n\n\n<p><em>Die Menschen wagen sich an Experimente, ohne deren Ausgang erforscht zu haben\u2026.sie l\u00f6sen Kr\u00e4fte aus, die sie nicht beherrschen und sie dadurch dem Untergang geweiht sind. Und mit ihnen wird auch das Sch\u00f6pfungswerk Erde den gewaltigsten Zerst\u00f6rungen ausgesetzt sein\u2026Es wird sich die ganze Erdoberfl\u00e4che total ver\u00e4ndern, es werden alle Sch\u00f6pfungswerke auf der Erde der Vernichtung anheimfallen, bis in das Erdinnere werden die Auswirkungen dringen\u2026<\/em><\/p>\n\n\n\n<p>B.D.8624\/1963\/Heft: Gottes Aufruf an die sterbende Welt\/S29<\/p>\n\n\n\n<p><strong>Erscheinungen im Kosmos<\/strong><\/p>\n\n\n\n<p><em>Sie werden einen Stern entdecken, der st\u00e4ndig mehr in Erdn\u00e4he kommt und scheinbar seinen Lauf in ungesetzlichen Bahnen nimmt\u2026sie werden auf immer neue Absonderlichkeiten aufmerksam, so sie seinen Lauf verfolgen<\/em><\/p>\n\n\n\n<p>B.D.Nr.6313\/1955\/Heft Nr.229\/S17<\/p>\n\n\n\n<p><strong>Ann\u00e4herung eines Sternes<\/strong><\/p>\n\n\n\n<p><em>Der oft sich euren Blicken entziehen und dann pl\u00f6tzlich wieder auftauchen wird, denn er ist von undurchdringlichen Nebeln begleitet die sich ab und zu aufl\u00f6sen, um sich immer wieder aufs Neue zu verdichten\u2026<\/em><\/p>\n\n\n\n<p>B.D.Nr.6324\/1955\/S18<\/p>\n\n\n\n<p><strong>Ver\u00e4ndertes Sternenbild<\/strong><\/p>\n\n\n\n<p><em>Es werden Sterne in andere Bahnen geleitet, sie werden in einem anderen Verh\u00e4ltnis zur Erde stehen als bisher\u2026.dadurch werden Sterne sichtbar werden, die noch nie gesehen wurden und es wird einer als direkte Gefahr f\u00fcr die Erde in Erscheinung treten\u2026<\/em><\/p>\n\n\n\n<p><em>Ihr Menschen stehet vor dem Ende\u2026Ihr selbst bereitet etwas vor, was noch schlimmere Auswirkungen haben wird, denn was ihr unternehmet, das gef\u00e4hrdet die ganze Erde\u2026<\/em><\/p>\n\n\n\n<p>B.D.Nr.6405\/1955\/S21<\/p>\n\n\n\n<p><strong>Einfachste Lebensf\u00fchrung<\/strong><\/p>\n\n\n\n<p><em>Eine gewaltige \u00c4nderung der bestehenden Lebensverh\u00e4ltnisse wird die kommende Zeit mit sich bringen\u2026denn es wird die kommende Naturkatastrophe die gr\u00f6\u00dften Zerst\u00f6rungen anrichten&#8230;Es wird sich ein jeder Mensch begn\u00fcgen m\u00fcssen mit der einfachsten Lebensf\u00fchrung, jedoch Entbehrungen und M\u00fchsalen ausgesetzt sein\u2026<\/em><\/p>\n\n\n\n<p>GD.2454\/1942\/ Heft Nr.109\/Voraussagen\/ S52<\/p>\n\n\n\n<p>Ausz\u00fcge aus der Jesusoffenbarungen an Bertha Dudde\/Heft Nr.37: Hergang der Katastrophe&nbsp; www.bertha-dudde.info<\/p>\n","protected":false},"excerpt":{"rendered":"<p>Auf nat\u00fcrliche Weise ist es nicht mehr m\u00f6glich, die Menschen zu Jesus Christus zu f\u00fchren.&nbsp;Und also m\u00fcsste Ich Meine Gesch\u00f6pfe verloren gehen lassen, wollte Ich es bewenden&nbsp; lassen bei nat\u00fcrlichen Vorg\u00e4ngen, die v\u00f6llig ohne Eindruck bleiben. Und ob es euch auch scheinen mag, als gehet ihr einer friedvollen Zeit entgegen\u2026es ist nur die Stille vor [&hellip;]<\/p>\n","protected":false},"author":1,"featured_media":0,"parent":0,"menu_order":0,"comment_status":"closed","ping_status":"closed","template":"","meta":{"zakra_sidebar_layout":"customizer","zakra_remove_content_margin":false,"zakra_sidebar":"customizer","zakra_transparent_header":"customizer","zakra_logo":0,"zakra_main_header_style":"default","zakra_menu_item_color":"","zakra_menu_item_hover_color":"","zakra_menu_item_active_color":"","zakra_menu_active_style":"","zakra_page_header":true,"footnotes":""},"class_list":["post-77","page","type-page","status-publish","hentry"],"_links":{"self":[{"href":"https:\/\/jesusworte-fuer-die-endzeit.com\/WP\/wp-json\/wp\/v2\/pages\/77","targetHints":{"allow":["GET"]}}],"collection":[{"href":"https:\/\/jesusworte-fuer-die-endzeit.com\/WP\/wp-json\/wp\/v2\/pages"}],"about":[{"href":"https:\/\/jesusworte-fuer-die-endzeit.com\/WP\/wp-json\/wp\/v2\/types\/page"}],"author":[{"embeddable":true,"href":"https:\/\/jesusworte-fuer-die-endzeit.com\/WP\/wp-json\/wp\/v2\/users\/1"}],"replies":[{"embeddable":true,"href":"https:\/\/jesusworte-fuer-die-endzeit.com\/WP\/wp-json\/wp\/v2\/comments?post=77"}],"version-history":[{"count":1,"href":"https:\/\/jesusworte-fuer-die-endzeit.com\/WP\/wp-json\/wp\/v2\/pages\/77\/revisions"}],"predecessor-version":[{"id":78,"href":"https:\/\/jesusworte-fuer-die-endzeit.com\/WP\/wp-json\/wp\/v2\/pages\/77\/revisions\/78"}],"wp:attachment":[{"href":"https:\/\/jesusworte-fuer-die-endzeit.com\/WP\/wp-json\/wp\/v2\/media?parent=77"}],"curies":[{"name":"wp","href":"https:\/\/api.w.org\/{rel}","templated":true}]}}