{"id":75,"date":"2025-03-31T11:54:17","date_gmt":"2025-03-31T09:54:17","guid":{"rendered":"https:\/\/jesusworte-fuer-die-endzeit.com\/WP\/?page_id=75"},"modified":"2025-03-31T11:54:17","modified_gmt":"2025-03-31T09:54:17","slug":"krematorium-bitte-nicht-teil-2","status":"publish","type":"page","link":"https:\/\/jesusworte-fuer-die-endzeit.com\/WP\/krematorium-bitte-nicht-teil-2\/","title":{"rendered":"Krematorium &#8211; bitte nicht Teil 2"},"content":{"rendered":"\n<figure class=\"wp-block-image size-large\"><img loading=\"lazy\" decoding=\"async\" width=\"1024\" height=\"683\" src=\"https:\/\/jesusworte-fuer-die-endzeit.com\/WP\/wp-content\/uploads\/2025\/03\/sunset-573566_1920-1024x683.jpg\" alt=\"\" class=\"wp-image-57\" srcset=\"https:\/\/jesusworte-fuer-die-endzeit.com\/WP\/wp-content\/uploads\/2025\/03\/sunset-573566_1920-1024x683.jpg 1024w, https:\/\/jesusworte-fuer-die-endzeit.com\/WP\/wp-content\/uploads\/2025\/03\/sunset-573566_1920-300x200.jpg 300w, https:\/\/jesusworte-fuer-die-endzeit.com\/WP\/wp-content\/uploads\/2025\/03\/sunset-573566_1920-768x512.jpg 768w, https:\/\/jesusworte-fuer-die-endzeit.com\/WP\/wp-content\/uploads\/2025\/03\/sunset-573566_1920-1536x1024.jpg 1536w, https:\/\/jesusworte-fuer-die-endzeit.com\/WP\/wp-content\/uploads\/2025\/03\/sunset-573566_1920.jpg 1920w\" sizes=\"auto, (max-width: 1024px) 100vw, 1024px\" \/><\/figure>\n\n\n\n<p>Der &nbsp;K\u00f6rper ist von feinstofflichen Leibern&nbsp;umgeben. Die unsichtbaren K\u00f6rper sind der \u00c4ther-, der Astral-, der Mental- und der Intuitionsk\u00f6rper.<\/p>\n\n\n\n<p>Ihr seid mit einer Silberschnur, die ihr in eurem K\u00f6rper habt, mit Seele&nbsp; und Geist verbunden.<\/p>\n\n\n\n<p>Der \u00c4therleib ist euer Begleiter w\u00e4hrend eures irdischen Daseins. Er ist so zu sagen an die Erde gebunden. Ihr ben\u00f6tigt ihn, weil in ihm die Chakren sowie die Seelenpr\u00e4gungen manifestiert sind.<\/p>\n\n\n\n<p>Wenn ihr in der jenseitigen Welt lebt, ist nicht der \u00c4therleib, sondern sind die fluidalen K\u00f6rper zust\u00e4ndig.<\/p>\n\n\n\n<p>Der \u00c4ther und der Astralleib geh\u00f6ren zusammen, wobei der erstgenannte nach 3 Tagen des Abschiedsnehmen auf dieser Erde aufgel\u00f6st wird.<\/p>\n\n\n\n<p>Ihr Menschen sollt nie einen Angeh\u00f6rigen kremieren lassen, insbesonders dann, &nbsp;wenn dieser Mensch ein jenseitiges Leben ablehnt und \u00fcberhaupt keinen Begriff von Geist und Seele hat.<\/p>\n\n\n\n<p>Der betreffende Erdenb\u00fcrger wird w\u00e4hrend der Kremation furchtbare &nbsp;Qualen ausstehen m\u00fcssen, denn die Verbindung des Seelenk\u00f6rpers mit dem physischen Leib ist noch so stark verankert, dass die Seele alles miterleben muss, was sich nun abspielt, auch mit ihrem ganzen Gef\u00fchlsbereich.<\/p>\n\n\n\n<p>Die Schmerzen, die ein solches Individuum als Geist bei einer Kremation, Sezierung, Obduktion etc. dann erleben muss, gravieren sich in das Seelenkleid ein.<\/p>\n\n\n\n<p>Es ist die Kraft des Seelenk\u00f6rpers, dass sich die Trennung nur bei wenigen Menschen schnell vollzieht. Bei den meisten ist dieser Vorgang mit enorm viel Aufwand an Energie und Zeit verbunden. Die Entfernung kann daher erst \u00fcber Wochen, ja sogar Monate erfolgen, weil die Silberschnur so stark an die Materie gebunden ist, dass sie sich nur sehr schwer zu l\u00f6sen vermag.<\/p>\n\n\n\n<p>Die <strong>Erdbestattung<\/strong> gibt einer\/m Verstorbenen die M\u00f6glichkeit, sich \u00fcber <strong>Tage, Wochen und Monate sukzessive<\/strong> abzul\u00f6sen.<\/p>\n\n\n\n<p>Kein einziges Erdenkind darf sich entleiben. Das Leben, das euch von GOTT geschenkt wurde, soll auch nur wieder von IHM genommen werden.<\/p>\n\n\n\n<p>Die Silberschnur wird durch das massive pers\u00f6nliche Eingreifen eines Erdbewohners in sein Leben so stark besch\u00e4digt, dass es lange Zeit dauert, bis sich der damit verbundene&nbsp; Seelenk\u00f6rper wieder erholt hat.<\/p>\n\n\n\n<p>Nur bei wenigen Menschen vollzieht sich die Trennung&nbsp; schnell.<\/p>\n","protected":false},"excerpt":{"rendered":"<p>Der &nbsp;K\u00f6rper ist von feinstofflichen Leibern&nbsp;umgeben. Die unsichtbaren K\u00f6rper sind der \u00c4ther-, der Astral-, der Mental- und der Intuitionsk\u00f6rper. Ihr seid mit einer Silberschnur, die ihr in eurem K\u00f6rper habt, mit Seele&nbsp; und Geist verbunden. Der \u00c4therleib ist euer Begleiter w\u00e4hrend eures irdischen Daseins. Er ist so zu sagen an die Erde gebunden. Ihr ben\u00f6tigt [&hellip;]<\/p>\n","protected":false},"author":1,"featured_media":0,"parent":0,"menu_order":0,"comment_status":"closed","ping_status":"closed","template":"","meta":{"zakra_sidebar_layout":"customizer","zakra_remove_content_margin":false,"zakra_sidebar":"customizer","zakra_transparent_header":"customizer","zakra_logo":0,"zakra_main_header_style":"default","zakra_menu_item_color":"","zakra_menu_item_hover_color":"","zakra_menu_item_active_color":"","zakra_menu_active_style":"","zakra_page_header":true,"footnotes":""},"class_list":["post-75","page","type-page","status-publish","hentry"],"_links":{"self":[{"href":"https:\/\/jesusworte-fuer-die-endzeit.com\/WP\/wp-json\/wp\/v2\/pages\/75","targetHints":{"allow":["GET"]}}],"collection":[{"href":"https:\/\/jesusworte-fuer-die-endzeit.com\/WP\/wp-json\/wp\/v2\/pages"}],"about":[{"href":"https:\/\/jesusworte-fuer-die-endzeit.com\/WP\/wp-json\/wp\/v2\/types\/page"}],"author":[{"embeddable":true,"href":"https:\/\/jesusworte-fuer-die-endzeit.com\/WP\/wp-json\/wp\/v2\/users\/1"}],"replies":[{"embeddable":true,"href":"https:\/\/jesusworte-fuer-die-endzeit.com\/WP\/wp-json\/wp\/v2\/comments?post=75"}],"version-history":[{"count":1,"href":"https:\/\/jesusworte-fuer-die-endzeit.com\/WP\/wp-json\/wp\/v2\/pages\/75\/revisions"}],"predecessor-version":[{"id":76,"href":"https:\/\/jesusworte-fuer-die-endzeit.com\/WP\/wp-json\/wp\/v2\/pages\/75\/revisions\/76"}],"wp:attachment":[{"href":"https:\/\/jesusworte-fuer-die-endzeit.com\/WP\/wp-json\/wp\/v2\/media?parent=75"}],"curies":[{"name":"wp","href":"https:\/\/api.w.org\/{rel}","templated":true}]}}