{"id":73,"date":"2025-03-31T11:53:32","date_gmt":"2025-03-31T09:53:32","guid":{"rendered":"https:\/\/jesusworte-fuer-die-endzeit.com\/WP\/?page_id=73"},"modified":"2025-03-31T11:53:32","modified_gmt":"2025-03-31T09:53:32","slug":"krematorium-bitte-nicht","status":"publish","type":"page","link":"https:\/\/jesusworte-fuer-die-endzeit.com\/WP\/krematorium-bitte-nicht\/","title":{"rendered":"Krematorium &#8211; bitte nicht"},"content":{"rendered":"\n<figure class=\"wp-block-image size-large\"><img loading=\"lazy\" decoding=\"async\" width=\"1024\" height=\"683\" src=\"https:\/\/jesusworte-fuer-die-endzeit.com\/WP\/wp-content\/uploads\/2025\/03\/sunset-573566_1920-1024x683.jpg\" alt=\"\" class=\"wp-image-57\" srcset=\"https:\/\/jesusworte-fuer-die-endzeit.com\/WP\/wp-content\/uploads\/2025\/03\/sunset-573566_1920-1024x683.jpg 1024w, https:\/\/jesusworte-fuer-die-endzeit.com\/WP\/wp-content\/uploads\/2025\/03\/sunset-573566_1920-300x200.jpg 300w, https:\/\/jesusworte-fuer-die-endzeit.com\/WP\/wp-content\/uploads\/2025\/03\/sunset-573566_1920-768x512.jpg 768w, https:\/\/jesusworte-fuer-die-endzeit.com\/WP\/wp-content\/uploads\/2025\/03\/sunset-573566_1920-1536x1024.jpg 1536w, https:\/\/jesusworte-fuer-die-endzeit.com\/WP\/wp-content\/uploads\/2025\/03\/sunset-573566_1920.jpg 1920w\" sizes=\"auto, (max-width: 1024px) 100vw, 1024px\" \/><\/figure>\n\n\n\n<p>Offenbarung von J. Christus<a><\/a><\/p>\n\n\n\n<p>Zur Erdenzeit bilden K\u00f6rper, Seele und Geist eine Einheit. Durch diese Verbindung ist eine Verkettung vom Organischen zum Psychischen mit dem Geistigen erfolgt. Das Geistige im Menschen, mit dem er nachher weiterlebt, ist vor allem in den Blutbahnen und in den Dr\u00fcsen vorhanden.<\/p>\n\n\n\n<p>Wenn nun nach Ableben der menschliche K\u00f6rper, der nur noch eine H\u00fclle ist, &#8211; denn Seele und Geist sind beim letzten Atemzug (zum gr\u00f6\u00dften Teil) miteinander ausgetreten-, verbrannt, also kremiert wird, dann besteht ja nachher nur mehr ein H\u00e4ufchen Asche.<\/p>\n\n\n\n<p>Jener Teil von Geist und Seele, der sich in den Blutbahnen und in den Dr\u00fcsen gebildet hat, kann durch die betreffende Seele nicht mehr herausgezogen werden.<\/p>\n\n\n\n<p>Je nach Entwicklung des Geistes vollzieht sich diese L\u00f6sung von seinem physischen K\u00f6rper langsam oder schnell.<\/p>\n\n\n\n<p>Das ist einfach verschieden, alles ist individuell. Wenn jedoch ein Mensch noch tief verwurzelt ist im Irdischen, im Erdgebundenen und im Weltlichen, dann braucht dieser Geist viele Tage, bis er alles aus dem K\u00f6rper herausgeholt hat, dass er zu seiner Weiterentwicklung ben\u00f6tigt.<\/p>\n\n\n\n<p>Es wird dringend empfohlen, <strong>sich nicht kremieren zu lassen,<\/strong> weil Seele und Geist demzufolge zu wenig Zeit haben, sich vom K\u00f6rper g\u00e4nzlich zu l\u00f6sen, um alle Stoffteilchen feinster Struktur herauszuziehen. Ein hoher Geist tr\u00e4gt keinen Schaden. Ein tiefer Geist wird jedoch au\u00dfer ordentlich gesch\u00e4digt.<\/p>\n\n\n\n<p>Dieser betreffend Mensch wird w\u00e4hrend der Kremation furchtbare Qualen ausstehen m\u00fcssen, denn die Verbindung des Seelenk\u00f6rpers mit dem physischen Leib ist noch so stark verankert, dass diese Seele alles miterleben muss, was sich nun abspielt und zwar nicht nur mit ihren geistigen Augen, sowie Ohren, sondern auch mit ihrem ganzen Gef\u00fchlsbereich.<\/p>\n\n\n\n<p>Die Erdbestattung gibt einem verstorbenen Menschen die M\u00f6glichkeit, sich \u00fcber Tage, ja, sogar&nbsp; \u00fcber Wochen und&nbsp; Monate sukzessive zu l\u00f6sen. Es spielt keine Rolle, wenn das Blut schon ausgetrocknet ist.<\/p>\n\n\n\n<p>Es ist eine Pflicht den lieben Heimgegangenen den \u00dcbergang zu erleichtern und nicht zu erschweren. Asche besteht sehr wohl noch aus Stoff, jedoch ist das, was im K\u00f6rper liegt, zu kostbar, um einfach verbrannt zu werden, weil es mit Seele und Geist verbunden ist.<\/p>\n\n\n\n<p>Es kann in Dutzenden von B\u00fcchern anders stehen. Was Ich euch hier offenbare, ist die h\u00f6chste g\u00f6ttliche Autorit\u00e4t.<\/p>\n","protected":false},"excerpt":{"rendered":"<p>Offenbarung von J. Christus Zur Erdenzeit bilden K\u00f6rper, Seele und Geist eine Einheit. Durch diese Verbindung ist eine Verkettung vom Organischen zum Psychischen mit dem Geistigen erfolgt. Das Geistige im Menschen, mit dem er nachher weiterlebt, ist vor allem in den Blutbahnen und in den Dr\u00fcsen vorhanden. Wenn nun nach Ableben der menschliche K\u00f6rper, der [&hellip;]<\/p>\n","protected":false},"author":1,"featured_media":0,"parent":0,"menu_order":0,"comment_status":"closed","ping_status":"closed","template":"","meta":{"zakra_sidebar_layout":"customizer","zakra_remove_content_margin":false,"zakra_sidebar":"customizer","zakra_transparent_header":"customizer","zakra_logo":0,"zakra_main_header_style":"default","zakra_menu_item_color":"","zakra_menu_item_hover_color":"","zakra_menu_item_active_color":"","zakra_menu_active_style":"","zakra_page_header":true,"footnotes":""},"class_list":["post-73","page","type-page","status-publish","hentry"],"_links":{"self":[{"href":"https:\/\/jesusworte-fuer-die-endzeit.com\/WP\/wp-json\/wp\/v2\/pages\/73","targetHints":{"allow":["GET"]}}],"collection":[{"href":"https:\/\/jesusworte-fuer-die-endzeit.com\/WP\/wp-json\/wp\/v2\/pages"}],"about":[{"href":"https:\/\/jesusworte-fuer-die-endzeit.com\/WP\/wp-json\/wp\/v2\/types\/page"}],"author":[{"embeddable":true,"href":"https:\/\/jesusworte-fuer-die-endzeit.com\/WP\/wp-json\/wp\/v2\/users\/1"}],"replies":[{"embeddable":true,"href":"https:\/\/jesusworte-fuer-die-endzeit.com\/WP\/wp-json\/wp\/v2\/comments?post=73"}],"version-history":[{"count":1,"href":"https:\/\/jesusworte-fuer-die-endzeit.com\/WP\/wp-json\/wp\/v2\/pages\/73\/revisions"}],"predecessor-version":[{"id":74,"href":"https:\/\/jesusworte-fuer-die-endzeit.com\/WP\/wp-json\/wp\/v2\/pages\/73\/revisions\/74"}],"wp:attachment":[{"href":"https:\/\/jesusworte-fuer-die-endzeit.com\/WP\/wp-json\/wp\/v2\/media?parent=73"}],"curies":[{"name":"wp","href":"https:\/\/api.w.org\/{rel}","templated":true}]}}