{"id":71,"date":"2025-03-31T11:52:36","date_gmt":"2025-03-31T09:52:36","guid":{"rendered":"https:\/\/jesusworte-fuer-die-endzeit.com\/WP\/?page_id=71"},"modified":"2025-03-31T11:52:36","modified_gmt":"2025-03-31T09:52:36","slug":"seelenunterweisung-im-jenseits","status":"publish","type":"page","link":"https:\/\/jesusworte-fuer-die-endzeit.com\/WP\/seelenunterweisung-im-jenseits\/","title":{"rendered":"Seelenunterweisung im Jenseits"},"content":{"rendered":"\n<figure class=\"wp-block-image size-large\"><img loading=\"lazy\" decoding=\"async\" width=\"1024\" height=\"683\" src=\"https:\/\/jesusworte-fuer-die-endzeit.com\/WP\/wp-content\/uploads\/2025\/03\/clouds-2716_1920-1024x683.jpg\" alt=\"\" class=\"wp-image-23\" srcset=\"https:\/\/jesusworte-fuer-die-endzeit.com\/WP\/wp-content\/uploads\/2025\/03\/clouds-2716_1920-1024x683.jpg 1024w, https:\/\/jesusworte-fuer-die-endzeit.com\/WP\/wp-content\/uploads\/2025\/03\/clouds-2716_1920-300x200.jpg 300w, https:\/\/jesusworte-fuer-die-endzeit.com\/WP\/wp-content\/uploads\/2025\/03\/clouds-2716_1920-768x512.jpg 768w, https:\/\/jesusworte-fuer-die-endzeit.com\/WP\/wp-content\/uploads\/2025\/03\/clouds-2716_1920-1536x1024.jpg 1536w, https:\/\/jesusworte-fuer-die-endzeit.com\/WP\/wp-content\/uploads\/2025\/03\/clouds-2716_1920.jpg 1920w\" sizes=\"auto, (max-width: 1024px) 100vw, 1024px\" \/><\/figure>\n\n\n\n<p>Nach direkten Offenbarungen von Jesus an J. Lorber, Dr. Walter Lutz: Neuoffenbarung Nr . 3: Lorberverlag<a><\/a>, Evangelien Band Nr., Robert Blum Band Nr., Bischof Martin<\/p>\n\n\n\n<p>Jesus: <em>\u201eIm Jenseits hat des Menschen Seele zun\u00e4chst nur sich selbst und ist die Sch\u00f6pferin ihrer Welt wie in einem Traum. In solch einer Welt kann es keine anderen Wege geben, als die sich eine Seele aus ihrer Liebe, ihrem Willen und ihrer Phantasie gebahnt hat. Ist ihr Liebe und ihr Wille nach Meiner Ordnung gut und gerecht, wenn auch nur zum gr\u00f6\u00dften Teil, dann wird solche Seele nach einigen bitteren Erfahrungen sich bald f\u00fcr die ordentlichen Wege entscheiden, auf ihnen vorw\u00e4rtsschreiten und so von ihren Phantasie- und Traumdasein in ein wahres, wirkliches Sein \u00fcbergehen, in welchem ihr alles in stets hellerem Lichte verst\u00e4ndlich und begreiflich wird.\u201c<\/em><\/p>\n\n\n\n<p>Ev. Bd. 10; Kap. 113, 3-5, und 7<\/p>\n\n\n\n<p>Jesus zu einem bekehrten r\u00f6m. Richter: <em>\u201eAuch im Jenseits wird den Seelen das Evangelium von Meinen zahllosen Engeln verk\u00fcndet. Die es anh\u00f6ren, annehmen und sich danach richten, werden auch zur Seligkeit gelangen\u2026<\/em><\/p>\n\n\n\n<p><em>Sei dir um niemand im Jenseits allzu bange; denn Gottes Liebe, Weisheit und Erbarmung walten \u00fcberall, auch im gro\u00dfen Jenseits.\u201c<\/em><\/p>\n\n\n\n<p>Ev. Bd, 10; Kap. 12, 5-6<\/p>\n\n\n\n<p>Jesus, \u00fcber den raum\u00f6rtlichen Aufenthalt von Seelen im Jenseits: <em>\u201eRaum\u00f6rtlich h\u00e4lt sich eine unvollendete Seele nach dem Abfall ihres Leibes \u2013 besonders in der ersten Zeit- gew\u00f6hnlich dort auf, wo sie sich im Leibe aufgehalten hat. In solchem Falle sieht und h\u00f6rt sie aber von der Naturwelt, die sie im Leibe bewohnt hat, nichts wenn sie sich auch r\u00e4umlich auf derselben Welt befindet.<\/em><\/p>\n\n\n\n<p><em>Ihr Sein ist mehr oder weniger wie ein heller Traum,&nbsp; in welchem die Seele lebt und ganz handelt, als bef\u00e4nde sie sich in der nat\u00fcrlichen Welt und es geht ihr die verlassene Naturwelt nicht im geringsten ab.<\/em><\/p>\n\n\n\n<p><em>Jedoch&nbsp; wird&nbsp; diese Gegend fr\u00fcher oder sp\u00e4ter vernichtet und die Seele befindet sich dann in einer anderen Welt, die ihrem Zustand angemessen ist. \u2026sie beginnt ernstlich \u00fcber ihren Zustand Betrachtungen&nbsp; zu machen und wird inne, dass sie die irdische Welt verlassen hat. In solchem Zustand&nbsp; wird sie von vollendeten Geistern belehrt, was sie zu tun hat\u2026<\/em><\/p>\n\n\n\n<p><em>Wenn eine Seele zum vollen Bewusstsein gelangt, kommt sie zur klaren Erinnerung an alles, was sie war, wie sie geworden ist, was sie gemacht hat und wie die Welt, in der sie lebte, bestellt war.&#8220;<\/em><\/p>\n\n\n\n<p>Ev. Bd. Kap 66, 10-15<\/p>\n\n\n\n<p>Jesus: <em>\u201eJede Seele wird jenseits ganz aus ihrer Liebe, aus ihrem Glauben und der vollen Freiheit ihres Willens fortleben. Ist die Liebe rein und gut, so wird auch ihr jenseitiges Leben ein reines, gutes und seliges sein\u2026&#8220;<\/em><\/p>\n\n\n\n<p>Ev. Bd. 6, Kap 14,7<\/p>\n\n\n\n<p>Jesus: \u201e<em>Wie des Menschen Inneres beschaffen ist, wenn er diese Welt verl\u00e4sst, so auch wird jenseits die Welt beschaffen sein, die er aus sich selbst gestalten und in der er dann gut oder schlecht leben wird.<\/em><\/p>\n\n\n\n<p><em>Alle, die in der Wahrheit und im Lichte aus Meinem Worte sind durch den lebendigen Glauben und ihr Tun danach, deren Welt in Meinem Reiche wird voll Licht und Liebe sein. Die aber eigenwillig im Falschen und daraus im B\u00f6sen sind, deren Welt wird gleich sein ihrem lichtlosen, argen Inneren.\u201c<\/em><\/p>\n\n\n\n<p>Ev. Bd. 6, Kap. 33, 9-10<\/p>\n\n\n\n<p>Jesus: <em>\u201eDr\u00fcben im Geisterreich wird alles auf dieser Welt noch so verborgen Gehaltene bis aufs kleinste offenbar werden. Was jemand noch so geheim und verborgen tut, wird ihm jenseits von den D\u00e4chern herab verk\u00fcndet und das vor vielen Augen und Ohren.\u201c<\/em><\/p>\n\n\n\n<p>Ev. Bd. 5, Kap.136,12<\/p>\n\n\n\n<p>Von Jesus zur Belehrung eines lichtsuchenden r\u00f6mischen Ratsherren: <em>\u201eEs geht im Jenseits nur dem wohl, der auf der Welt im Leibe gerecht war und gute Werke aus\u00fcbte;&nbsp; den Ungerechten, Verleumdern, Harten und v\u00f6llig Lieblosen aber geht es schlimm\u2026<\/em><\/p>\n\n\n\n<p><em>Wenn du hin\u00fcberkommen wirst in deiner strengen, harten Sinnesart, so wirst du auch die strenge und unerbittliche Gerechtigkeit, aber keine Liebe und Erbarmung finden. Denn keine Seele findet bei uns etwas anderes, als was sie in ihrem Gem\u00fcte mit sich bringt.\u201c<\/em><\/p>\n\n\n\n<p>Ev. Bd.7, 218, 7 und 8<\/p>\n\n\n\n<p>Jesus: <em>\u201eEin hier (auf der Erde) schon v\u00f6llig im Geiste wiedergeborener Mensch der sein k\u00fcnftiges Leben in aller Klarheit in sich hat und lebendig f\u00fchlt, kann seines Erdenlebens Ende schon genau zum Voraus wissen, denn die Abnahme der Leibesb\u00fcrde wird ihn nur mit h\u00f6chster Freude erf\u00fcllen.\u201c<\/em><\/p>\n\n\n\n<p>Ev.Bd.8; Kap. 30,7<\/p>\n\n\n\n<p>Die Seele des einstigen r\u00f6mischen Herrschers Julius C\u00e4sar schildert ihr anf\u00e4nglich licht- und trostloses, einsames Leben im Jenseits, die Besserung ihrer Lage durch die Anrufung des Gottes der Juden und durch die Seelen armer Juden, denen Julius C\u00e4sar auf Erden Wohltaten erwiesen hatte.<\/p>\n\n\n\n<p>Diese ehemalige Herrscherseele machte im Geisterreich gro\u00dfe Fortschritte durch dem\u00fctigende, niedere Arbeit unter F\u00fchrung und Belehrung eines Engels.<\/p>\n\n\n\n<p>Ev.Bd.7; Kap 218, 12-18; Kap. 219, 1-7<\/p>\n\n\n\n<p>An ihren Grabst\u00e4tten haftende arme \u201eFriedhofsseelen\u201c werden als leichte Nebel sichtbar und streben, von der Willensmacht gedr\u00e4ngt, in die N\u00e4he des Herrn.<\/p>\n\n\n\n<p>Rbl.Bd.2, Kap..226,10<\/p>\n\n\n\n<p>Jesus vergleicht das g\u00f6ttliche Gnadenwalten an einem gro\u00dfen S\u00fcnder mit einer gr\u00fcndlichen Uhrmacherarbeit und schlie\u00dft mit den Worten, gerichtet an den einstigen Bischof Martin im Mittelreich: <em>\u201eHast du alle deine&nbsp; Gebrechen erkannt, dann erst kann die Raspel, die Feile, die Zange und endlich auch eine Putz- und Polierb\u00fcrste angelegt werden, um aus dir einen ganz neuen Menschen in der Ordnung Gottes zu gestalten.\u201c<\/em><\/p>\n\n\n\n<p>BM.Kap.21, 30-34<\/p>\n\n\n\n<p>Jesus enth\u00fcllt im Jenseits dem einstigen Bischof Martin&nbsp; nach dessen l\u00e4ngeren heilsamen Alleinsein die M\u00e4ngel und Schw\u00e4chen seiner Seele besonders sein Lieblosigkeit gegen Arme.<\/p>\n\n\n\n<p>BM. Kap. 13, 1-10<\/p>\n\n\n\n<p>Jesus: <em>\u201eWie des Menschen Seele auf Erden durch Leiden und Schmerzen, die er durch sein unordentliches Leben sich selbst bereitet hat\u2026\u2026so werden auch die Seelen im gro\u00dfen Jenseits durch allerlei Leiden und Widerw\u00e4rtigkeiten&nbsp; mit der Weile gel\u00e4utert\u2026und so von Stufe zu Stufe in ein helleres, gl\u00fccklicheres Sein \u00fcbergehen.<\/em><\/p>\n\n\n\n<p><em>Doch im gro\u00dfen Jenseits geht das schwerer und m\u00fchsamer als auf dieser Welt\u2026&#8220;<\/em><\/p>\n\n\n\n<p>Ev.Bd.10, Kap: 113, 1-2<\/p>\n\n\n\n<p>Jesus: <em>\u201eDie Belehrung sehr schwacher oder zart empfindsamer Seelen darf auch im Jenseits nicht sofort durch zu machtvolle Geister in zwingender Weise geschehen.&#8220;<\/em><\/p>\n\n\n\n<p>BM. Kap. 36, 16-17<\/p>\n\n\n\n<p>Unlautere Seelen k\u00f6nnen sich im Jenseits nicht verstellen, von h\u00f6heren Geistern werden sie sofort durchschaut.<\/p>\n\n\n\n<p>BM. Kap. 62,3<\/p>\n\n\n\n<p>Der Herr: <em>\u201eOb ein Mensch auf der Welt Bettler oder Kaiser war, das ist im Geisterreiche vollkommen gleich. Die M\u00e4chtigen der Welt werden sich im Meere der Ewigkeit in ihrer Einbildung als das noch lange d\u00fcnken, was sie auf der Welt waren. Der Kaiser wird sich dort noch als Kaiser d\u00fcnken und der Bettler \u2013 mit dem Anspruch auf Vergeltung- als Bettler; aber dennoch werden dort in der gro\u00dfen Wirklichkeit beide miteinander ein gleiches Los teilen. Nur d\u00fcrfte der Arme eher in die G\u00e4rung kommen und sein Wesen daher auch eher von der wahren Demut angef\u00fcllt werden als der Kaiser oder ein sonstiger Weltgro\u00dfer.\u201c<\/em><\/p>\n\n\n\n<p>Jenseits der Schwelle; Abs. 5, und 7<\/p>\n\n\n\n<p>Ein General schildert das traurige, als endlos langdauernd empfundene Erleben und den verzweifelten Zustand einer mit ihm Kriegsgefallenen lichtlosen Schar im Jenseits. Er fordert seine Kameraden auf, den ihnen durch zwei Lichtboten verk\u00fcndeten rettenden Glauben an die Gottheit Jesu, des Gekreuzigten anzunehmen.<\/p>\n\n\n\n<p>Rbl. Bd. 1, Kap.129,&nbsp; 8-10<\/p>\n\n\n\n<p>Ein Astronom <em>&#8222;\u2026gelangt in einer wegen der Verg\u00e4nglichkeit der Menschen verzweifelten Gem\u00fctsverfassung ins Geisterreich. Hier darf er durch die Gnade des Herrn den gekreuzigten Heiland erschauen und sich entscheiden, ob er bei Jesus bleiben oder weiter die Sternenwelt erforschen will. Er entscheidet sich f\u00fcr das Letztere\u2026.&#8220;<\/em><\/p>\n\n\n\n<p>Der Herr: <em>\u201eSehet, wie dieser Astronom sein Wasser sucht und darin zu Mir schwimmen will, nicht beachtend, dass Ich schon bei ihm \u2013 und er bei Mir war!\u201c<\/em><\/p>\n\n\n\n<p>Sterbeszenen: II. Abs.1-42<\/p>\n\n\n\n<p>Ein Engel Gottes zu der soeben ins Jenseits getretenen Seele eines in der Welt hochber\u00fchmten Mannes: \u201e<em>Ich bin ein Bote Gottes, des Herrn Jesus Christus, bestimmt, dich zu f\u00fchren \u2013 so du willst \u2013 des Herrn Wege; du aber bist nun k\u00f6rperlich gestorben f\u00fcr die \u00e4u\u00dfere, materielle Welt und befindest dich in der Geisterwelt. Hier stehen dir zwei Wege offen: der Weg zum Herrn in den Himmel oder \u2013 der Weg zur H\u00f6lle! Es kommt nun ganz auf dich an, wie du wandeln wirst; denn siehe hier bist du vollkommen frei und kannst tun, was du willst\u2026.<\/em><\/p>\n\n\n\n<p><em>Aber wisse, dass es hier nur einen Gott, einen Herrn und einen Richter gibt, und dieser ist&nbsp; JESUS, der in der Welt Gekreuzigte! An diesen allein halte dich, so wirst du zum wahren Licht und Leben gelangen<\/em>.&#8220;<\/p>\n\n\n\n<p>Sterbenszenen I; Expl. Abs. 14-16<\/p>\n\n\n\n<p>Jesus zu lehrenden Geistern im Jenseits: <em>\u201eEs soll von unserer Seite nie mangeln, allen Seelen nach ihrer Fassungskraft den rechten Weg zu zeigen und sie durch eine rechte Belehrung zum Guten hinzulenken.<\/em><\/p>\n\n\n\n<p><em>Wollen sie rechten Weges im Lichte wandeln, so wird es f\u00fcr sie gut sein; wollen sie aber das durchaus nicht, nun, so werde ihnen darob von uns keine Strafe zuteil, sondern das nur, was sie selbst wollen und sie haben dadurch des Gerichtes und der Strafe in \u00dcberf\u00fclle!<\/em><\/p>\n\n\n\n<p><em>Sehet das ist die wahre himmlische Ordnung der reinsten Liebe Meines Herzens!\u201c<\/em><\/p>\n\n\n\n<p>Rbl. I; kap. 111, 6-7<\/p>\n","protected":false},"excerpt":{"rendered":"<p>Nach direkten Offenbarungen von Jesus an J. Lorber, Dr. Walter Lutz: Neuoffenbarung Nr . 3: Lorberverlag, Evangelien Band Nr., Robert Blum Band Nr., Bischof Martin Jesus: \u201eIm Jenseits hat des Menschen Seele zun\u00e4chst nur sich selbst und ist die Sch\u00f6pferin ihrer Welt wie in einem Traum. In solch einer Welt kann es keine anderen Wege [&hellip;]<\/p>\n","protected":false},"author":1,"featured_media":0,"parent":0,"menu_order":0,"comment_status":"closed","ping_status":"closed","template":"","meta":{"zakra_sidebar_layout":"customizer","zakra_remove_content_margin":false,"zakra_sidebar":"customizer","zakra_transparent_header":"customizer","zakra_logo":0,"zakra_main_header_style":"default","zakra_menu_item_color":"","zakra_menu_item_hover_color":"","zakra_menu_item_active_color":"","zakra_menu_active_style":"","zakra_page_header":true,"footnotes":""},"class_list":["post-71","page","type-page","status-publish","hentry"],"_links":{"self":[{"href":"https:\/\/jesusworte-fuer-die-endzeit.com\/WP\/wp-json\/wp\/v2\/pages\/71","targetHints":{"allow":["GET"]}}],"collection":[{"href":"https:\/\/jesusworte-fuer-die-endzeit.com\/WP\/wp-json\/wp\/v2\/pages"}],"about":[{"href":"https:\/\/jesusworte-fuer-die-endzeit.com\/WP\/wp-json\/wp\/v2\/types\/page"}],"author":[{"embeddable":true,"href":"https:\/\/jesusworte-fuer-die-endzeit.com\/WP\/wp-json\/wp\/v2\/users\/1"}],"replies":[{"embeddable":true,"href":"https:\/\/jesusworte-fuer-die-endzeit.com\/WP\/wp-json\/wp\/v2\/comments?post=71"}],"version-history":[{"count":1,"href":"https:\/\/jesusworte-fuer-die-endzeit.com\/WP\/wp-json\/wp\/v2\/pages\/71\/revisions"}],"predecessor-version":[{"id":72,"href":"https:\/\/jesusworte-fuer-die-endzeit.com\/WP\/wp-json\/wp\/v2\/pages\/71\/revisions\/72"}],"wp:attachment":[{"href":"https:\/\/jesusworte-fuer-die-endzeit.com\/WP\/wp-json\/wp\/v2\/media?parent=71"}],"curies":[{"name":"wp","href":"https:\/\/api.w.org\/{rel}","templated":true}]}}