{"id":67,"date":"2025-03-31T11:50:35","date_gmt":"2025-03-31T09:50:35","guid":{"rendered":"https:\/\/jesusworte-fuer-die-endzeit.com\/WP\/?page_id=67"},"modified":"2025-03-31T11:50:35","modified_gmt":"2025-03-31T09:50:35","slug":"seelen-im-jenseits","status":"publish","type":"page","link":"https:\/\/jesusworte-fuer-die-endzeit.com\/WP\/seelen-im-jenseits\/","title":{"rendered":"Seelen im Jenseits"},"content":{"rendered":"\n<figure class=\"wp-block-image size-large\"><img loading=\"lazy\" decoding=\"async\" width=\"1024\" height=\"683\" src=\"https:\/\/jesusworte-fuer-die-endzeit.com\/WP\/wp-content\/uploads\/2025\/03\/sky-7218043_1920-1024x683.jpg\" alt=\"\" class=\"wp-image-54\" srcset=\"https:\/\/jesusworte-fuer-die-endzeit.com\/WP\/wp-content\/uploads\/2025\/03\/sky-7218043_1920-1024x683.jpg 1024w, https:\/\/jesusworte-fuer-die-endzeit.com\/WP\/wp-content\/uploads\/2025\/03\/sky-7218043_1920-300x200.jpg 300w, https:\/\/jesusworte-fuer-die-endzeit.com\/WP\/wp-content\/uploads\/2025\/03\/sky-7218043_1920-768x512.jpg 768w, https:\/\/jesusworte-fuer-die-endzeit.com\/WP\/wp-content\/uploads\/2025\/03\/sky-7218043_1920-1536x1024.jpg 1536w, https:\/\/jesusworte-fuer-die-endzeit.com\/WP\/wp-content\/uploads\/2025\/03\/sky-7218043_1920.jpg 1920w\" sizes=\"auto, (max-width: 1024px) 100vw, 1024px\" \/><\/figure>\n\n\n\n<p class=\"has-black-color has-text-color has-link-color wp-elements-95f5ee5421fa88160b62a694b502a256\"><em>G\u00f6ttliche Offenbarungen von Jesus Christus, empfangen von \u00a0B. Dudde ab Juni 1937-1965; Herausgegeben von Freunden der Neuoffenbarung: Ingo Schneuing Fl\u00f6rekeweg 9; 21339 L\u00fcneburg<\/em>, <em>http:\/\/www.berta-dudde.info<\/em><\/p>\n\n\n\n<p class=\"has-vivid-red-color has-text-color has-link-color wp-elements-2681cda56718c3d9a176fb983d64fed7\"><strong>Zustand nach dem Tod<\/strong><\/p>\n\n\n\n<p>Ihr betretet nach eurem Ableben ein Reich, das dem gleichet, dass ihr verlassen habt\u2026d.h. eurem Seelenzustand entsprechend ist auch nun eure Umgebung. Hat nur die Materie euer Denken erf\u00fcllt, so erscheint euch auch die Welt, die ihr nun betretet, materiell; sie wird alle Dinge vor eure Augen stellen, denen eure Sinne noch gelten, nur dass es eine Scheinwelt ist, die vergeht, sowie ihr sie in Besitz nehmen m\u00f6chtet\u2026.manche Seelen wissen oft nicht, dass sie dem Leibe nach gestorben sind\u2026..die Scheingebilde ihrer Umgebung werden ihnen jedoch immer unklarer, immer verschwommener, sodass sie ein entsetzliche Leere f\u00fchlen\u2026und dann bewegen sie sich in \u00f6den, endlos weiten Gegenden\u2026<\/p>\n\n\n\n<p>Ihre Unwissenheit wird sie qu\u00e4len, denn sie k\u00f6nnen es sich nicht erkl\u00e4ren, warum sie nichts sehen k\u00f6nnen, mit niemanden mehr sprechen k\u00f6nnen und doch existent sind\u2026<\/p>\n\n\n\n<p>Hat aber der Mensch auf Erden sich schon l\u00f6sen k\u00f6nnen von der Materie\u2026dann kann sich die Seele beim Verlassen der irdischen H\u00fclle wieder finden in Sph\u00e4ren des Lichtes\u2026.<\/p>\n\n\n\n<p>B.D.Nr.6838 Heft Wiedersehen im Jenseits; Heft 156<\/p>\n\n\n\n<p class=\"has-vivid-red-color has-text-color has-link-color wp-elements-78c8b44fc1de545b653c12318eabe213\"><strong>Qualen durch Verlangen nach irdischem Gut<\/strong><\/p>\n\n\n\n<p>Was die Seele nun begehrt, ist f\u00fcr sie unerreichbar und doch qu\u00e4lt sie das Verlangen danach unvorstellbar. Es ist die Gier danach weit gr\u00f6\u00dfer wie auf Erden, eben weil sie unerf\u00fcllt bleibt\u2026.es sind dies wahre Tantalusqualen.<\/p>\n\n\n\n<p>Aber endlose Zeiten kann die verzweifelte Lage einer Seele dauern, bis sie endlich zum Erkennen dieser kommt. Und solange ist sie auch in Erdenn\u00e4he, sie kann sich nicht l\u00f6sen aus ihrer bekannten Umgebung und sie \u00fcbertr\u00e4gt daher oft ihre eigenen Begierden auf willensschwache Menschen gleicher Veranlagung.<\/p>\n\n\n\n<p>B.D.Nr.1741; Heft 156<\/p>\n\n\n\n<p class=\"has-vivid-red-color has-text-color has-link-color wp-elements-2fd7809a883f86c187c3e3c6b4c05c07\"><strong>Seelen in Erdenn\u00e4he<\/strong><\/p>\n\n\n\n<p>Es sind unz\u00e4hlige Seelen in Erdenn\u00e4he, deren Reifezustand ein sehr niedriger ist und die darum noch immer das Verlangen nach der Erde in sich tragen, weil ihnen die h\u00f6heren Sph\u00e4ren noch unzug\u00e4nglich sind. Diesen Seelen ist es oft noch nicht bewusst, dass sie der Erde nicht mehr angeh\u00f6ren\u2026.<\/p>\n\n\n\n<p>Die Erde ist von unz\u00e4hligen Wesen umgeben, die gleichsam noch auf Erden leben, doch unerkannt von Menschen, die das f\u00fcr nicht-seiend<\/p>\n\n\n\n<p>erkl\u00e4ren, was sie nicht sehen und greifen k\u00f6nnen und die deshalb auch nicht glauben wollen, dass die Seelen der Verstorbenen die zur\u00fcckbleibenden Menschen umgeben. Denn nur das geistige Auge k\u00f6nnte sie sehen, das leibliche Auge ist blind, folglich k\u00f6nnen die Seelen sich in keiner Weise bemerkbar machen, weil die Menschen darauf nicht reagieren.<\/p>\n\n\n\n<p>B.D. Nr.2401 Heft 156<\/p>\n\n\n\n<p class=\"has-vivid-red-color has-text-color has-link-color wp-elements-5d931179afd65d81005d333fe74860dd\"><strong>D\u00e4mmerungszustand im Jenseits<\/strong><\/p>\n\n\n\n<p>Im dichten Nebeln befinden sich die Seelen, die hin\u00fcbergehen in das jenseitige Reich, ohne ihren Erl\u00f6ser (Jesus Christus) gefunden zu haben.<\/p>\n\n\n\n<p>Und in diesem Reich der D\u00e4mmerung sind die meisten Seelen, die von der Erde abgerufen werden\u2026f\u00fcr diese Seelen kommt nun eine Zeit v\u00f6lliger Ab\u00f6dung\u2026 eine Zeit wo sie einsam umherirren und nur allein mit ihren Gedanken sind. Sie k\u00f6nnen nichts um sich<\/p>\n\n\n\n<p>erkennen, sie sind blind im Geist und verm\u00f6gen auch nichts au\u00dfer sich wahrzunehmen, aber sie haben das Bewusstsein des Ichs nicht&nbsp; verloren..<\/p>\n\n\n\n<p>Nun stellt es sich heraus, ob liebend eines solchen Menschen gedacht wird\u2026denn jedes liebe Gedenken ist wie ein fester Grund auf dem sich die Seele bewegen kann,&nbsp; jeder liebende Gedanke schafft der Seele einen Lichtblick\u2026&nbsp;&nbsp;&nbsp;&nbsp;&nbsp;&nbsp;&nbsp;&nbsp;<\/p>\n\n\n\n<p>B.D. Nr 7418; Heft 156; S 39<\/p>\n\n\n\n<p class=\"has-vivid-red-color has-text-color has-link-color wp-elements-7bd4067aeac30ddbb05143881c8661cd\"><strong>Wiedersehen im Jenseits<\/strong><\/p>\n\n\n\n<p>&nbsp;Ob euch ein Wiedersehen mit euren Lieben schon verg\u00f6nnt ist gleich nach eurem Abscheiden von dieser Erde, das ist von dem Reifegrad abh\u00e4ngig, in dem sowohl eure Seelen als auch die Seelen eurer Lieben stehen. Die Seele muss selbst im Licht stehen, um erkennen zu k\u00f6nnen, wer sich ihr naht\u2026.<\/p>\n\n\n\n<p>Diese Seelen werden als Folge ihrer Reife, immer den Ihrigen sich nahen\u2026 um den noch schwachen Seelen zu helfen, auch zur H\u00f6he zu gelangen\u2026<\/p>\n\n\n\n<p>Es gibt ein Wiedersehen, doch die Zeit\u2026bestimmet ihr selbst\u2026sorget nur daf\u00fcr, dass ihr nicht v\u00f6llig erkenntnislos hin\u00fcbergehet\u2026<\/p>\n\n\n\n<p>Lange aber werdet ihr mitunter warten m\u00fcssen, wenn ihr selbst nicht die Reife erlanget auf Erden\u2026denn alles kann nur im Rahmen der Gesetzm\u00e4\u00dfigkeit vor sich gehen, und die Freiheit eures Willens muss geachtet werden auch im geistigen Reich, auf dass ihr einmal selig werdet\u2026.<\/p>\n\n\n\n<p>Wenn sich die Seelen begegnen im geistigen Reich, die auf Erden in Liebe miteinander verbunden waren, so k\u00f6nnen sie sich zusammenschlie\u00dfen zu gemeinsamen Wirken\u2026<\/p>\n\n\n\n<p>Und dann sind beide Seelen von h\u00f6chster Seligkeit erf\u00fcllt, zusammen schaffen und wirken zu k\u00f6nnen, wenngleich ihr Wirkungsfeld nun ein ganz anderes als auf Erden ist.<\/p>\n\n\n\n<p>b.D.Nr.6312 Heft 156 S 54-56<\/p>\n\n\n\n<p class=\"has-vivid-red-color has-text-color has-link-color wp-elements-6085ee179e08938c533e714ccfa41968\"><strong>Liebevolle Gedanken an Verstorbene<\/strong><\/p>\n\n\n\n<p>Vergegenw\u00e4rtigt euch die Not der Seelen im geistigen Reich, die unvollkommen abgeschieden sind, die keinen Glauben hatten auf Erden an ein Fortleben nach dem Tode und die sich nun versetzt sehen in d\u00fcstere, \u00f6de Gegenden ohne Licht und ohne Frieden\u2026sie finden sich nicht zurecht, ihr Los ist ein trauriges\u2026<\/p>\n\n\n\n<p>Es ist ihnen nur zu helfen durch F\u00fcrbitte, dass sie Kraft vermittelt bekommen, um ihren Willen recht zu richten.<\/p>\n\n\n\n<p>B.D.5855; Heft&nbsp;156<\/p>\n\n\n\n<p>Folgen aber einer Seele hilfswillige Gedanken nach, dann empfindet sie diese auch wohlt\u00e4tig und h\u00e4lt sich st\u00e4ndig in der N\u00e4he derer auf, von denen der Kraftstrom ausgeht\u2026.<\/p>\n\n\n\n<p>Diese liebevollen Gedanken haben eine Wirkung noch \u00fcber das Grab hinaus, es sind gewisserma\u00dfen Wohltaten, welche die Menschen auf Erde ihren Abgeschiedenen erweisen k\u00f6nnen. Es sind liebevolle Gedanken auch die einzigen Mittel, ihnen zu helfen in geistiger Not\u2026.<\/p>\n\n\n\n<p>Oft bringen sich die Seelen selbst in Erinnerung, indem sie pl\u00f6tzlich sich in die Gedanken der Menschen eindr\u00e4ngen\u2026 und dann solltet ihr Menschen auch l\u00e4ngere Zeit gedanklich bei ihnen verweilen, weil dies eine stille Bitte ist um Hilfe in ihrer Not.<\/p>\n\n\n\n<p>Ihr wisset es nicht, wie bedeutungsvoll ein inniges Gebet ist f\u00fcr die leidenden Seelen\u2026.die sicherste Hilfe ist es, wenn ihr sie immer nur in Gedanken hinweiset zu Jesus Christus, der allein ihr Retter ist und dem sie sich anvertrauen m\u00fcssen, um aus ihrer Not heraus zu kommen..<\/p>\n\n\n\n<p>\u2026durch ein solches Gebet l\u00f6sen sich ganze Scharen aus ihrer Erstarrung\u2026<\/p>\n\n\n\n<p>B.D.Nr. 7036; Heft 156&nbsp; S70-76<\/p>\n\n\n\n<p class=\"has-vivid-red-color has-text-color has-link-color wp-elements-9deb444a154d62e63e30bdfb24e59b00\"><strong>Seelen, die keine Liebe auf Erden erworben haben<\/strong><\/p>\n\n\n\n<p>Der Leidensweg einer unerl\u00f6sten Seele ist den Menschen nicht zu beschreiben und&nbsp; doch sollen sie wissen, dass es ein unvorstellbarer trostloser Zustand ist, den sie ertragen muss.<\/p>\n\n\n\n<p>Es ergeht an die Menschen immer wieder die Mahnung, dieser Seelen nicht zu vergessen. Sie danken es den Menschen tausendfach.<\/p>\n\n\n\n<p>\u2026Sie werden auch niemals einen Menschen bedr\u00e4ngen, der ihnen Gutes tut.<\/p>\n\n\n\n<p>B.D. Nr.2165; Heft 156; S 77<\/p>\n\n\n\n<p class=\"has-vivid-red-color has-text-color has-link-color wp-elements-50985df7abc7adbb5913a7357723ffa4\"><strong>Kraft der F\u00fcrbitte<\/strong><\/p>\n\n\n\n<p>Liebende F\u00fcrbitte ist ein ungeheurer Kraftstrom, der seine Wirkung niemals verfehlen wird. Schlie\u00dft alle eure Lieben in diese F\u00fcrbitte ein\u2026weiset sie stets zu Jesus Christus hin\u2026<\/p>\n\n\n\n<p>Gro\u00df ist die Not jener Seelen, die pl\u00f6tzlich und unvorbereitet abgerufen werden von der Erde\u2026.die Mehrzahl geht hin\u00fcber in das geistige Reich in einem wahrhaft erbarmungsw\u00fcrdigen Zustand\u2026ohne Glauben an Jesus Christus\u2026der jeden Ruf nach Ihm wahrlich h\u00f6ren w\u00fcrde\u2026<\/p>\n\n\n\n<p>Ein Abruf von der Erde vorzeitig ist oft ein Erbarmungsakt an diesen Seelen, dass sie nicht noch weiter absinken\u2026<\/p>\n\n\n\n<p>Darum gedenket derer, die pl\u00f6tzlich von der Erde scheiden und sendet ihnen liebevolle Gedanken nach\u2026<\/p>\n\n\n\n<p>&#8230;es kann f\u00fcr solche Seelen der vorzeitige Tod noch der einzige Weg sein zu einer Willenswandlung, so ihr ihnen Kraft gebet durch eure Liebe, durch euer Gebet.<\/p>\n\n\n\n<p>\u2026Suchet ihnen die Erkenntnis zu vermitteln, dass nicht das Erdenleben, sondern das Leben im geistigen Reich nach ihrem Tod das eigentliche Leben ist, das sie erstreben sollen w\u00e4hrend des Erdenlebens.<\/p>\n\n\n\n<p>B.D.Nr. 5714 Heft 156: S 84<\/p>\n","protected":false},"excerpt":{"rendered":"<p>G\u00f6ttliche Offenbarungen von Jesus Christus, empfangen von \u00a0B. Dudde ab Juni 1937-1965; Herausgegeben von Freunden der Neuoffenbarung: Ingo Schneuing Fl\u00f6rekeweg 9; 21339 L\u00fcneburg, http:\/\/www.berta-dudde.info Zustand nach dem Tod Ihr betretet nach eurem Ableben ein Reich, das dem gleichet, dass ihr verlassen habt\u2026d.h. eurem Seelenzustand entsprechend ist auch nun eure Umgebung. Hat nur die Materie euer [&hellip;]<\/p>\n","protected":false},"author":1,"featured_media":0,"parent":0,"menu_order":0,"comment_status":"closed","ping_status":"closed","template":"","meta":{"zakra_sidebar_layout":"customizer","zakra_remove_content_margin":false,"zakra_sidebar":"customizer","zakra_transparent_header":"customizer","zakra_logo":0,"zakra_main_header_style":"default","zakra_menu_item_color":"","zakra_menu_item_hover_color":"","zakra_menu_item_active_color":"","zakra_menu_active_style":"","zakra_page_header":true,"footnotes":""},"class_list":["post-67","page","type-page","status-publish","hentry"],"_links":{"self":[{"href":"https:\/\/jesusworte-fuer-die-endzeit.com\/WP\/wp-json\/wp\/v2\/pages\/67","targetHints":{"allow":["GET"]}}],"collection":[{"href":"https:\/\/jesusworte-fuer-die-endzeit.com\/WP\/wp-json\/wp\/v2\/pages"}],"about":[{"href":"https:\/\/jesusworte-fuer-die-endzeit.com\/WP\/wp-json\/wp\/v2\/types\/page"}],"author":[{"embeddable":true,"href":"https:\/\/jesusworte-fuer-die-endzeit.com\/WP\/wp-json\/wp\/v2\/users\/1"}],"replies":[{"embeddable":true,"href":"https:\/\/jesusworte-fuer-die-endzeit.com\/WP\/wp-json\/wp\/v2\/comments?post=67"}],"version-history":[{"count":1,"href":"https:\/\/jesusworte-fuer-die-endzeit.com\/WP\/wp-json\/wp\/v2\/pages\/67\/revisions"}],"predecessor-version":[{"id":68,"href":"https:\/\/jesusworte-fuer-die-endzeit.com\/WP\/wp-json\/wp\/v2\/pages\/67\/revisions\/68"}],"wp:attachment":[{"href":"https:\/\/jesusworte-fuer-die-endzeit.com\/WP\/wp-json\/wp\/v2\/media?parent=67"}],"curies":[{"name":"wp","href":"https:\/\/api.w.org\/{rel}","templated":true}]}}