{"id":65,"date":"2025-03-31T11:48:04","date_gmt":"2025-03-31T09:48:04","guid":{"rendered":"https:\/\/jesusworte-fuer-die-endzeit.com\/WP\/?page_id=65"},"modified":"2025-03-31T11:48:04","modified_gmt":"2025-03-31T09:48:04","slug":"der-wahre-lebenszweck-auf-dem-planeten-erde","status":"publish","type":"page","link":"https:\/\/jesusworte-fuer-die-endzeit.com\/WP\/der-wahre-lebenszweck-auf-dem-planeten-erde\/","title":{"rendered":"Der wahre Lebenszweck auf dem Planeten Erde"},"content":{"rendered":"\n<figure class=\"wp-block-image size-large\"><img loading=\"lazy\" decoding=\"async\" width=\"1024\" height=\"685\" src=\"https:\/\/jesusworte-fuer-die-endzeit.com\/WP\/wp-content\/uploads\/2025\/03\/Screenshot-von-hintergrundbild-1024x685.png\" alt=\"\" class=\"wp-image-53\" srcset=\"https:\/\/jesusworte-fuer-die-endzeit.com\/WP\/wp-content\/uploads\/2025\/03\/Screenshot-von-hintergrundbild-1024x685.png 1024w, https:\/\/jesusworte-fuer-die-endzeit.com\/WP\/wp-content\/uploads\/2025\/03\/Screenshot-von-hintergrundbild-300x201.png 300w, https:\/\/jesusworte-fuer-die-endzeit.com\/WP\/wp-content\/uploads\/2025\/03\/Screenshot-von-hintergrundbild-768x514.png 768w, https:\/\/jesusworte-fuer-die-endzeit.com\/WP\/wp-content\/uploads\/2025\/03\/Screenshot-von-hintergrundbild.png 1245w\" sizes=\"auto, (max-width: 1024px) 100vw, 1024px\" \/><\/figure>\n\n\n\n<p><em>Ausz\u00fcge von Informationen von Jesus Christus an das Schreibmedium Bertha Dudde (1973 -1965) durch das innere Wort.<\/em><\/p>\n\n\n\n<p>Mein Heilsplan von Ewigkeit soll den Menschen unterbreitet werden, auf dass sie die Bedeutsamkeit ihres Erdenlebens erkennen .<\/p>\n\n\n\n<p>Dieser Heilsplan umfasst den Werdegang alles Gesch\u00f6pflichen, den Ursprung, den gegenw\u00e4rtigen Zustand.<\/p>\n\n\n\n<p>Das Wissen ist umfangreich und f\u00fcr viele Menschen NEU, denn es bestand noch nicht die Notwendigkeit, davon unterrichtet zu werden.<\/p>\n\n\n\n<p>Die Zeit des Endes erfordert, dass den Menschen nun das Wissen darum zugeleitet wird, auf dass sie verantwortungsbewusster leben.<\/p>\n\n\n\n<p>Und so sollen sie auch wissen um den endlosen Erdengang zuvor, den sie schon ihn ihren Seelensubstanzen zur\u00fcckgelegt haben.<\/p>\n\n\n\n<p>Es ist die Menschheit in gro\u00dfer geistiger Not, sie macht sich falsche Vorstellungen und sie sieht das ganze Erdenleben als Selbstzweck an.<\/p>\n\n\n\n<p>Ziel und Zweck eures Erdenlebens ist, dass ihr eure Urbeschaffenheit, euren Urzustand wieder erreicht. Nur wenige sind aufnahmef\u00e4hig und willig.<\/p>\n\n\n\n<p>Es muss der freie Wille der Menschen selbst entscheiden, was er annehmen oder ablehnen will, nur dadurch ist eine Vollendung auf Erden m\u00f6glich.<\/p>\n\n\n\n<p>Nur wenige Menschen halten sich an die beiden Gebote, die Ich den Menschen gab als Grundbedingung, dass sie wieder zum Wissen gelangen.<\/p>\n\n\n\n<p>Ohne Liebe ist die Bindung zu Mir nicht herzustellen.<\/p>\n\n\n\n<p>Eine Erl\u00f6sungsperiode geht zu Ende. Die Menschen sollten alles tun um ihre Erdenaufgabe zu erf\u00fcllen.<\/p>\n\n\n\n<p>F\u00fcr Menschen ist alles was mit Jesus zusammenh\u00e4ngt (Erdenleben, Kreuzestod, Himmelfahrt) eine Legende. Diese wahren Begebenheiten sind ungeheuer bedeutungsvoll f\u00fcr jede Seele \u2026 ihr sollt wenigstens Kenntnis nehmen von ihm.<\/p>\n\n\n\n<p>Ich lasse die Menschen nicht ungewarnt so kurz vor dem Ende. Warner und Mahner beschw\u00f6ren sie abzulassen von der Jagd nach irdischen G\u00fctern. Doch wer h\u00f6rt sie an? Wer glaubt noch an einen GOTT, vor dem sie sich verantworten m\u00fcssen, wer wei\u00df noch um den eigentlichen Zweck des Erdenlebens und wer glaubt noch an ein Leben nach dem Tode?<\/p>\n\n\n\n<p>Ein anderes Mittel als die Verk\u00fcndigung Meines Evangeliums gibt es f\u00fcr sie nur noch in Form \u00fcbergro\u00dfer Not.<\/p>\n\n\n\n<p>Abschluss dieser Erdperiode:&nbsp;begr\u00fcndet durch den geistigen Tiefstand. Meine Liebe will&nbsp; eine neue Rettungsaktion einleiten, weil die Zeit abgelaufen ist, die zur Erl\u00f6sung den Menschen gesetzt war.<\/p>\n\n\n\n<p>\u00dcberall wird Unfriede herrschen, \u00fcberall wird Feindseligkeit unter den Menschen sein, die L\u00fcge wird triumphieren und der Hass wird immer st\u00e4rker zum Vorschein kommen.<\/p>\n\n\n\n<p>Auch die Meinen werden von innerer Unruhe getrieben, oft zaghaft und schwergl\u00e4ubig sein. Ich werde sie st\u00e4rken und tr\u00f6sten.<\/p>\n\n\n\n<p>Ihr Menschen werdet noch viel erleben vor dem Ende und nichts anderes kann euch vor Irrtum sch\u00fctzen als engste Bindung zu Mir.<\/p>\n\n\n\n<p>Von dem Erf\u00fcllen der Gebote der Liebe zu Mir und zum N\u00e4chsten ist der Reifezustand des Menschen abh\u00e4ngig und auch die Erhellung des Geistes.<\/p>\n\n\n\n<p>Die Menschen achten nicht (alle) auf die innere Stimme und darum kann Ich sie nicht direkt anreden. Ich muss durch Mittler zu den Menschen sprechen, dessen Rede sie dann annehmen k\u00f6nnen oder ablehnen, doch ihnen dies freisteht, ihrer Willensfreiheit wegen.<\/p>\n\n\n\n<p>Aber es soll kein Mensch Meine gnadenvolle F\u00fcrsorge entbehren, \u00fcber alle wache Ich und lenke sie recht.<\/p>\n\n\n\n<p>Mit gewaltigen Schritten kommt das Ende n\u00e4her. Ob auch die Menschen es anzweifeln wollen \u2026 ob sie auch noch so sehr der Welt huldige &#8230; sie werden alles hingeben m\u00fcssen und nur der Seelenzustand wird entscheidend sein f\u00fcr das fernere Los.<\/p>\n\n\n\n<p>Der Mir zugewandte Wille ist die bestandene Willensprobe, die Zweck und Ziel des Erdendaseins ist.<\/p>\n\n\n\n<p>Das Ende kommt unwiderruflich, denn die Menschheit selbst zieht es heran \u2026 durch die v\u00f6llige Entgeistigung der Menschen.<\/p>\n\n\n\n<p>Ein jeder der gewarnt wird, kann stehenbleiben, sich besinnen und umkehren vor seinem Absturz in die Tiefe.<\/p>\n\n\n\n<p>Solange das Ende noch nicht da ist, kann ein jeder einzelne die Schrecken des Endes von sich abwenden. Denn Ich bin ein GOTT der Liebe und nicht des Zornes, Ich bin ein GOTT des Lebens und nicht des Todes und der Vernichtung.<\/p>\n\n\n\n<p>Ich will noch jeden einzelnen aufmerksam machen durch pers\u00f6nliche Hinweise, Anzeichen und Geschehnisse, die ihn selbst betreffen.<\/p>\n\n\n\n<p>Es soll jeder von Mir angesprochen werden, auch der gr\u00f6\u00dfte S\u00fcnder und Sp\u00f6tter eines ewigen GOTTES. Sie alle sollen zuvor noch Meine Gnade erfahren.<\/p>\n\n\n\n<p>Ihr Menschen sollt es auch verstehen, dass Mich nur Meine \u00fcbergro\u00dfe&nbsp; Liebe dazu veranlasst, euch von allen Kenntnis zu geben um eine freiwillige R\u00fcckkehr zu Mir dadurch zu erreichen, dass ihr Meine Liebe erkennt und sie erwidert.<\/p>\n\n\n\n<p>Alle Menschen sollen wissen um Meinen Heilsplan von Ewigkeit, um das Ende, um die Totalumgestaltung der Erde, wenn die Zeit erf\u00fcllt ist.<\/p>\n\n\n\n<p>Alle werden in kommender Zeit der Not ausgesetzt sein und nur die St\u00e4rke ihres Glauben f\u00fchrt sie hindurch durch alle Not. Auch sie wird Meine Liebe erfassen und ihnen helfen.<\/p>\n\n\n\n<p>Nur die enge Bindung mit Mir wird allen ihr Los ertragen helfen, denn sie geben sich dann Mir vertrauensvoll&nbsp; hin und Meiner Macht sind nun keine Schranken mehr gesetzt. Ich kann entsprechend ihrer Glaubenstiefe nun auch ungew\u00f6hnlich wirken.<\/p>\n\n\n\n<p>Die Zeichen des nahen Endes werden immer deutlicher sein, wie auch Meine Liebe und Macht stets deutlicher zum Ausdruck kommt, denn wer Mir geh\u00f6rt, der braucht wahrlich nichts zu bef\u00fcrchten.<\/p>\n\n\n\n<p>Als Erstes m\u00fcssen die Menschen zu einem Liebeleben angeregt werden, denn ohne Liebe werden sie auch ein weiteres Wissen nicht als Wahrheit zu erkennen verm\u00f6gen.<\/p>\n\n\n\n<p>Die Liebe ist das Erst und die Liebe garantiert dann auch das Verst\u00e4ndnis f\u00fcr alle Zusammenh\u00e4nge f\u00fcr Mein Wesen und Mein Walten und Wirken.<\/p>\n\n\n\n<p>Es muss ein jeder Mensch den Schritt wagen aus dem irdischen Reich in das geistige, er wird alles mit anderen Augen betrachten, er l\u00e4sst dann ein zweites Leben neben dem irdischen Leben gelten.<\/p>\n\n\n\n<p>Es ist eine gro\u00dfe Verwirrung unter den Menschen. Mein reines Wort erkennen sie nicht mehr, sie suchen nach eigenem Willen und Ermessen Mein Wort zu deuten und kommen immer mehr von&nbsp; der Wahrheit ab, weil das Verstandesdenken nur immer gr\u00f6\u00dfere Verwirrung schafft und das Herz als Eingangstor zur Weisheit verschlossen bleibt.<\/p>\n\n\n\n<p>Mein Wort ist den Menschen fremd geworden und darum will Ich es ihnen von &nbsp;neuem zuf\u00fchren, von Meinen Auserw\u00e4hlten, die Ich ebenso belehrt habe und eingef\u00fchrt in eine Wissen wie Meine Apostel, als Ich auf Erden wandelte.<\/p>\n\n\n\n<p>Ihr geht euren Weg abseits von Mir, in eurem Leben bin Ich nur selten oder gar nicht vorhanden, doch Ich will es, dass ihr zu Mir kommet, dass ihr Mich rufet, dass ihr Mich stets voran gehen lasset, dass ihr euer Leben nicht lebet ohne Mich.<\/p>\n\n\n\n<p>Bald beginnt die letzte Phase vor dem Ende, bald wird&nbsp; der letzte Glaubenskampf entbrennen, dem aber eine gewaltige Ersch\u00fctterung der Erde vorangeht, die allen Menschen zu denken geben sollte und die doch nur von wenigen erkannt wird als ein letzter Warn- und Mahnruf von oben.<\/p>\n\n\n\n<p>Ihr habt noch einen beschwerlichen Weg zu gehen, aber mit Meiner Kraft ist er f\u00fcr euch gangbar und darum will Ich euch allen zuvor Meine Kraft anbieten, auch euch die ihr noch nicht an Mich glaubet.<\/p>\n\n\n\n<p>Rufet Mich an in der Not und ihr werdet sichtlich Meine Hilfe erfahren ..<a><\/a>. fluchet,&nbsp; murret und klaget nicht, wenn ihr schmerzvoll betroffen werdet von dem was unwiderruflich kommt und kommen muss\u2026<\/p>\n\n\n\n<p>Besinnet euch, wenn eine Entscheidung von euch verlangt wird f\u00fcr oder wider Mich.<\/p>\n\n\n\n<p>Ihr steht vor einer Weltenwende \u2026 irdisch und geistig steht euch eine Wende bevor, ihr Menschen stehet im Mittelpunkt eines gewaltigen Geschehen; haltet euch an Mich, euren Gott und Vater von Ewigkeit und ungef\u00e4hrdet werdet ihr bleiben, wenn alles um euch vergeht. Denn Ich Selbst bin eure Kraft und St\u00e4rke, Ich Selbst bin der Herr \u00fcber Leben und Tod \u2026 Wer bei Mir ist, wer an Meiner Seite steht, der brauchet wahrlich nichts f\u00fcrchten, denn er wird leben in Ewigkeit.<\/p>\n","protected":false},"excerpt":{"rendered":"<p>Ausz\u00fcge von Informationen von Jesus Christus an das Schreibmedium Bertha Dudde (1973 -1965) durch das innere Wort. Mein Heilsplan von Ewigkeit soll den Menschen unterbreitet werden, auf dass sie die Bedeutsamkeit ihres Erdenlebens erkennen . Dieser Heilsplan umfasst den Werdegang alles Gesch\u00f6pflichen, den Ursprung, den gegenw\u00e4rtigen Zustand. Das Wissen ist umfangreich und f\u00fcr viele Menschen [&hellip;]<\/p>\n","protected":false},"author":1,"featured_media":0,"parent":0,"menu_order":0,"comment_status":"closed","ping_status":"closed","template":"","meta":{"zakra_sidebar_layout":"customizer","zakra_remove_content_margin":false,"zakra_sidebar":"customizer","zakra_transparent_header":"customizer","zakra_logo":0,"zakra_main_header_style":"default","zakra_menu_item_color":"","zakra_menu_item_hover_color":"","zakra_menu_item_active_color":"","zakra_menu_active_style":"","zakra_page_header":true,"footnotes":""},"class_list":["post-65","page","type-page","status-publish","hentry"],"_links":{"self":[{"href":"https:\/\/jesusworte-fuer-die-endzeit.com\/WP\/wp-json\/wp\/v2\/pages\/65","targetHints":{"allow":["GET"]}}],"collection":[{"href":"https:\/\/jesusworte-fuer-die-endzeit.com\/WP\/wp-json\/wp\/v2\/pages"}],"about":[{"href":"https:\/\/jesusworte-fuer-die-endzeit.com\/WP\/wp-json\/wp\/v2\/types\/page"}],"author":[{"embeddable":true,"href":"https:\/\/jesusworte-fuer-die-endzeit.com\/WP\/wp-json\/wp\/v2\/users\/1"}],"replies":[{"embeddable":true,"href":"https:\/\/jesusworte-fuer-die-endzeit.com\/WP\/wp-json\/wp\/v2\/comments?post=65"}],"version-history":[{"count":1,"href":"https:\/\/jesusworte-fuer-die-endzeit.com\/WP\/wp-json\/wp\/v2\/pages\/65\/revisions"}],"predecessor-version":[{"id":66,"href":"https:\/\/jesusworte-fuer-die-endzeit.com\/WP\/wp-json\/wp\/v2\/pages\/65\/revisions\/66"}],"wp:attachment":[{"href":"https:\/\/jesusworte-fuer-die-endzeit.com\/WP\/wp-json\/wp\/v2\/media?parent=65"}],"curies":[{"name":"wp","href":"https:\/\/api.w.org\/{rel}","templated":true}]}}