{"id":63,"date":"2025-03-31T11:46:33","date_gmt":"2025-03-31T09:46:33","guid":{"rendered":"https:\/\/jesusworte-fuer-die-endzeit.com\/WP\/?page_id=63"},"modified":"2025-03-31T11:46:33","modified_gmt":"2025-03-31T09:46:33","slug":"die-seele-und-des-menschen-leib","status":"publish","type":"page","link":"https:\/\/jesusworte-fuer-die-endzeit.com\/WP\/die-seele-und-des-menschen-leib\/","title":{"rendered":"Die Seele und des Menschen Leib"},"content":{"rendered":"\n<figure class=\"wp-block-image size-large\"><img loading=\"lazy\" decoding=\"async\" width=\"1024\" height=\"683\" src=\"https:\/\/jesusworte-fuer-die-endzeit.com\/WP\/wp-content\/uploads\/2025\/03\/migratory-birds-7242608_1920-1024x683.jpg\" alt=\"\" class=\"wp-image-30\" srcset=\"https:\/\/jesusworte-fuer-die-endzeit.com\/WP\/wp-content\/uploads\/2025\/03\/migratory-birds-7242608_1920-1024x683.jpg 1024w, https:\/\/jesusworte-fuer-die-endzeit.com\/WP\/wp-content\/uploads\/2025\/03\/migratory-birds-7242608_1920-300x200.jpg 300w, https:\/\/jesusworte-fuer-die-endzeit.com\/WP\/wp-content\/uploads\/2025\/03\/migratory-birds-7242608_1920-768x512.jpg 768w, https:\/\/jesusworte-fuer-die-endzeit.com\/WP\/wp-content\/uploads\/2025\/03\/migratory-birds-7242608_1920-1536x1025.jpg 1536w, https:\/\/jesusworte-fuer-die-endzeit.com\/WP\/wp-content\/uploads\/2025\/03\/migratory-birds-7242608_1920.jpg 1920w\" sizes=\"auto, (max-width: 1024px) 100vw, 1024px\" \/><\/figure>\n\n\n\n<p>Nach direkten Kundgaben von Jesus Christus an Jakob Lorber, Neuoffenbarung Bd. 1; Dr. Walter Lutz; Lorber Verlag<\/p>\n\n\n\n<p>Jesus: \u201e<em>Die Seele des Menschen als die h\u00f6chstpotenzierte Zusammenf\u00fcgung von Mineral- , Pflanzen-und Tierseelen hat f\u00fcr ihre Vorexistenz keine R\u00fcckerinnerung, weil die einzelnen Seelenteile in den drei Naturreichen keine eigene und streng gesonderte, sondern f\u00fcr ihre Art nur aus dem allgemeinen Gottraumleben entliehene Intelligenz besa\u00dfen. \u2026.eine R\u00fcckerinnerung an die fr\u00fcheren Bestands- und Seinsstufen ist nicht m\u00f6glich, weil in der Menschenseele aus endlos vielen Sonderseelen nur ein Mensch geworden ist.\u201c<\/em><\/p>\n\n\n\n<p>Ev. Bd. 8, Kap. 29,11<\/p>\n\n\n\n<p>Jesus: <em>\u201eDer Leib ist f\u00fcr die noch unlautere Seele eine h\u00f6chst weise und zweckm\u00e4\u00dfig eingerichtete L\u00e4uterungsmaschine.\u201c<\/em><\/p>\n\n\n\n<p>Ev. Bd.&nbsp;2, Kap. 210,2<\/p>\n\n\n\n<p>Jesus: <em>\u201eJe mehr sich die Seele mit der Materie ihres Leibes verbindet, desto mehr muss die Ausbildung des Geistes Gottes in ihr verk\u00fcmmern und desto mehr verliert sie dann auch das Bewusstsein und die Erkenntnis des ewigen, unverw\u00fcstbaren Lebens in ihr.\u201c<\/em><\/p>\n\n\n\n<p>Ev. Bd. 2, Kap. 226,1<\/p>\n\n\n\n<p class=\"has-vivid-red-color has-text-color has-link-color wp-elements-8ca16e39b008ad398208d6d2934cf57f\"><strong>Wahrnehmung einer Seele<\/strong><\/p>\n\n\n\n<p>Jesus: <em>\u201eDer Leib als tote Materie kann weder etwas sehen, noch h\u00f6ren, noch f\u00fchlen, riechen und schmecken ohne eine lebendige Seele ins sich. Er ist also nur ein Werkzeug der Seele, so gebaut und eingerichtet, dass sich die Seele seiner f\u00fcr die Au\u00dfenwelt bedienen kann.<\/em><\/p>\n\n\n\n<p><em>Der Leib f\u00fcr sich hat weder einen Verstand noch einen Willen, au\u00dfer die Seele geht durch ihre weltlichen und sinnlichen Gel\u00fcste ganz ins Fleisch \u00fcber und vergr\u00e4bt sich sosehr darin, dass sie das Bewusstsein ihres geistigen Ichs verliert.<\/em><\/p>\n\n\n\n<p><em>Dann ist die Seele so gut wie tot und es kommt ihr wie ein Wahnwitz vor, wenn sie von einer geistigen Selbstverst\u00e4ndigkeit und dem Leben nach dem Leibestod etwas vernimmt!\u201c<\/em><\/p>\n\n\n\n<p>Ev. Bd. 7, Kap. 58, 3-4<\/p>\n\n\n\n<p>Jesus: <em>\u201eDer Leib ist nach au\u00dfen hin mit allerlei Sinnen versehen, dadurch bekommt die Seele reichliche Kunde von der Au\u00dfenwelt, gut und schlechte, wahre und falsche. \u2013 Aus dem Urteil des in ihr wohnenden Geistes merkt sie bald , was gut und was schlecht ist; andererseits macht sie auch durch die \u00e4u\u00dferen Sinne ihre Leibes Erfahrungen von guten und schlechten, wohltuenden und schmerzlichen Eindr\u00fccken. \u00dcberdies wird der Seele von Gott auf dem Wege der Offenbarung durch das innere und \u00e4u\u00dfere Wort die Ordnung Gottes verk\u00fcndet.\u201c<\/em><\/p>\n\n\n\n<p>Ev. Bd. 2 Kap. 210, 4-5<\/p>\n\n\n\n<p>Erzengel Raphael: <em>\u201eJeder&nbsp; Mensch hat eine unsterbliche Seele und in ihr einen ewigen Geist. Auf dass die Seele als ein sich aus der Materie entwickelnder Geist mit dem Urgeist Gottes, der \u201eLiebe\u201c hei\u00dft, eins werde, muss die Seele all ihr Streben dahin richten, f\u00fcrs erste sich der Materie und ihren Anforderungen zu entziehen, all ihr Trachten, Tun und Treiben allein nach dem Geistigen zu richten und f\u00fcrs zweite fortw\u00e4hrend nur daf\u00fcr besorgt sein, eins zu werden mit dem in ihr ruhenden Geiste der reinen Liebe Gottes.\u201c<\/em><\/p>\n\n\n\n<p>Ev. Bd. 5, Kap. 51,3<\/p>\n\n\n\n<p>Jesus: <em>\u201e&#8230;dass f\u00fcr die Seele die Materie ein gewisses \u00dcbergewicht haben muss, ist darum so verordnet, damit die Seele gen\u00f6tigt wird, t\u00e4tig gegen das \u00dcbergewicht der Materie zu werden, um so von der Freiheit ihres Willens den rechten Gebrauch machen zu k\u00f6nnen\u2026.<\/em><\/p>\n\n\n\n<p><em>Wenn die Seele sich nur einige M\u00fche gibt, sich ins Geistige zu erheben,&nbsp; da bekommt das Geistige sogleich ein m\u00e4chtiges \u00dcbergewicht und die Seele erhebt sich mit Leichtigkeit \u00fcber das Gewicht der Materie ihres Fleisches und dringt in das Leben ihres Geistes. \u2026dann kann ihr die Materie ihres Fleisches kein Hindernis zum Fortschreiten zur h\u00f6chsten Lebensvollendung mehr in den Weg legen&#8230;\u201c<\/em><\/p>\n\n\n\n<p>Ev. Bd. 9; Kap. 181, 7-11<\/p>\n\n\n\n<p>Jesus zum Verlassen der Erde: <em>\u201eFreund, meinst du denn, dass die Seele ohne Hilfe des materiellen Leibes die Gegenden dieser Erde nicht schauen kann, wenn sie, nach Meiner Ordnung vollendet, beim Tode ihren schweren Leib verl\u00e4sst? Der Leib ist ja nur auf kurze Zeit ihr als ein Werkzeug gegeben, um sich bei rechtem Gebrauch die volle Lebensfreiheit und Selbstst\u00e4ndigkeit f\u00fcr ewig zu bereiten. Was im Leibe f\u00fchlt, h\u00f6rt, sieht, riecht, schmeckt, denkt und will, das ist das unsterbliche Wesen der Seele und nicht der an und f\u00fcr sich tote Leib, dessen Scheinleben nur durch das wahre Leben der Seele bedingt ist.\u201c<\/em><\/p>\n\n\n\n<p>Ev. Bd.&nbsp;9, Kap. 167, 2-6<\/p>\n\n\n\n<p>Der Herr: <em>\u201eBei der Zeugung des Menschen wird die aus den drei Naturreichen gesammelte Seele in den Mutterleib getrieben, wonach sich ihr chaotisches Spezifikalgemisch zu entwirren beginnt.\u201c<\/em><\/p>\n\n\n\n<p>Erde und Mond; Kap. 50, 2-5<\/p>\n\n\n\n<p>Der Herr: <em>\u201eDie Teilbarkeit der Seele kann man auch an der \u00c4hnlichkeit der Kinder mit den Eltern leicht erkennen; denn dass die Seelen der Kinder zum Teil auch aus den Seelen der Eltern genommen wurden, beweist die physiognomische und charakterliche \u00c4hnlichkeit zwischen Kindern und Eltern.\u201c<\/em><\/p>\n\n\n\n<p>Ed. Kap. 53, 4<\/p>\n\n\n\n<p>Die Frage eines Schriftgelehrten: <em>\u201eWas ist die Seele des Menschen und wo hat sie ihren Sitz im Leibe?\u201c<\/em><\/p>\n\n\n\n<p>Ein vom Geist Gottes Erleuchteter: <em>\u201eDie Seele als eine geistige Substanz ist ganz vollkommen Mensch sowohl der Gestalt als auch allen Bestandteilen des Leibes nach. Die H\u00e4nde der Seele befinden sich in den H\u00e4nden des Leibes, ihre F\u00fc\u00dfe in den Leibes F\u00fc\u00dfen und sofort alle Teile der Seele in den entsprechenden Teilen des Leibes.<\/em><\/p>\n\n\n\n<p><em>Wird der Leib krank, so ist die Seele in den kranken Leibesteilen gegenw\u00e4rtig und sehr bem\u00fcht, diese wieder gesund zu machen.\u201c<\/em><\/p>\n\n\n\n<p>Ev. Bd. 6; Kap. 218,1<\/p>\n\n\n\n<p>Beispiel eines Beinverlustes mit dem Gef\u00fchl, dass das Bein noch vorhanden sei: <em>\u201eSolche F\u00e4lle beweisen, dass die Seele den ganzen Leib durchdringt und kein Glied verliert, wenn auch der Leib verst\u00fcmmelt wird, und dass die Seele in sich unsterblich ist und nach des Leibes Tode ewig fortlebt.\u201c<\/em><\/p>\n\n\n\n<p>Ev. VBd. 6;&nbsp; Kap. 219, 10-12<\/p>\n\n\n\n<p>Eine H\u00e4ndeloser bezeugt: <em>\u201eSiehe, ich f\u00fchle meine beiden verlorenen H\u00e4nde gleichfort so, als h\u00e4tte ich sie noch, und dann und wann f\u00fchle ich sogar noch wie einen brennenden Schmerz eben in den verlorenen H\u00e4nden. Und ich meine da, dass meine Seele darum die H\u00e4nde nicht verloren hat, wenn sie auch mein Leib verlor.\u201c<\/em><\/p>\n\n\n\n<p>Ev. Bd. 8. Kap. 201,16<\/p>\n\n\n\n<p>Jesus: <em>\u201eSo kunstvoll auch das fleischliche Auge des Menschen gebaut ist, so steht es dennoch in keinem Vergleich zu der Wunderbarkeit des geistigen Auges, das alles im rechten Masse und durch und durch sieht.\u201c<\/em><\/p>\n\n\n\n<p>Ev. Bd. 6; Kap. 157, 4 und 6<\/p>\n\n\n\n<p>Jesus: <em>\u201eIm Grunde kann keine Seele so verdorben werden, dass sie nimmer zu heilen w\u00e4re. Es wird wohl bei manchen Seelen geraume Zeit entweder hier oder jenseits dauern, bis sie jene selbstst\u00e4ndige, gesunde Festigkeit erreicht, um den Urlebenskeim in sich v\u00f6llig zu erwecken und sich von ihm in allen Teilen durchdringen zu lassen.\u201c<\/em><\/p>\n\n\n\n<p>Ev. Bb. 4; Kap. 35,8-9<\/p>\n\n\n\n<p>Jesus: <em>\u201eMag eine&nbsp; Menschenseele mit ihrer Vollendung noch so lange zu tun haben, so bleibt ihr dennoch ihr eigenstes Ur-Ich und wird sich als solches auch f\u00fcr ewig unwandelbar erkennen, was doch tr\u00f6stender ist, als wenn die Seele v\u00f6llig zerteilt in ein anderes Individuum \u00fcbergehen w\u00fcrde.\u201c<\/em><\/p>\n\n\n\n<p>Ev. Bd. 4;&nbsp; Kap.243,7<\/p>\n\n\n\n<p>Jesus: <em>\u201eJeder Mensch hat als ein geistiges, seelisches und k\u00f6rperliches Wesen ebenso eine <u>Au\u00dfenlebensatmosph\u00e4re<\/u> um sich wie jeder Weltk\u00f6rper, jeder Stein, jeder Baum und jedes Gew\u00e4chs nach seiner Art und so auch jedes Tier; denn ohne eine solche Au\u00dfenlebensatmosph\u00e4re k\u00f6nnte kein lebendes Wesen bestehen.<\/em><\/p>\n\n\n\n<p><em>Dass sich die Sache aber so verh\u00e4lt, k\u00f6nnt ihr schon daraus entnehmen, dass ihr zum Beispiel in einem Eichenwald eine ganz andere Empfindung habt als in einem Zedernwald, eine andere auf einem Kalkfelsen als auf einem Granitfelsen, eine andere in einem Weinberge als in einem Garten mit Feigenb\u00e4umen. Und so hat der Mensch auch verschiedenartige Empfindungen bei der Ann\u00e4herung verschiedener Tiere und Menschen.<\/em><\/p>\n\n\n\n<p><em>Ein feinf\u00fchlender Mensch empfindet es oft auf eine betr\u00e4chtliche Ferne hin, ob ihm ein guter oder ein b\u00f6ser Mensch begegnen wird.<\/em><\/p>\n\n\n\n<p><em>Und seht das empfinden auch die Tiere und manche um vieles sch\u00e4rfer als ein materieller und wenig \u00fcber Gutes und Wahres nachdenkender Mensch.&#8220;<\/em><\/p>\n\n\n\n<p>Ev. Bd. 8; Kap. 102, 2-4<\/p>\n\n\n\n<p>Jesus: <em>\u201eUnverdorbene Menschenseelen wirken mit ihrer Lebensausstrahlung wie Sonnen auf die Pflanzen und Tiere ihrer Umgebung.\u201c<\/em><\/p>\n\n\n\n<p>Ev. Bd. 4; Kap. 216,1<\/p>\n\n\n\n<p class=\"has-vivid-red-color has-text-color has-link-color wp-elements-334b098b9f04f091c2349483dc8ffd64\"><strong>Des Menschen LEIB<\/strong><\/p>\n\n\n\n<p>Jesus. <em>\u201eDer Leib des Menschen kann weder etwas glauben noch wollen, sondern er dient der Seele eine kurze Zeit nur als ein Werkzeug zur T\u00e4tigkeit nach au\u00dfen und sonach auch zu ihrer Ausbildung; das Denken, Lieben, Wollen und Handeln nach dem erkannten Wahrheiten ist Sache der Seele.\u201c<\/em><\/p>\n\n\n\n<p>Ev. Bd. 8; Kap.129,5<\/p>\n\n\n\n<p>Jesus: <em>\u201eObwohl der&nbsp; Leib der Seele zur Erreichung des ewigen Lebens unumg\u00e4nglich notwendig ist, so ist er aber leicht auch des gr\u00f6\u00dfte Unheil f\u00fcr sie; denn wenn sie sich von den Reizungen ihres Fleisches bet\u00f6ren l\u00e4sst, und sich ganz in diese mit all ihrer Liebe und mit all ihrem Denken und Wollen versenkt, so ist die Seele in das Gericht ihres eigenen F\u00fcrsten der L\u00fcge und Finsternis eingegangen, aus dem sie schwer zu erl\u00f6sen sein wird.\u201c<\/em><\/p>\n\n\n\n<p>Ev. Bd. 8; Kap 12,6<\/p>\n\n\n\n<p>Jesus: <em>\u201eDer Leib ist der Seele eine schwere, oft sehr dr\u00fcckende B\u00fcrde, aber sie muss ihn zu ihrer geistigen Reifung ertragen, auch wenn er, besonders im h\u00f6heren Alter noch so gebrechlich wird!\u201c<\/em><\/p>\n\n\n\n<p>Ev. Bd. 9; Kap. 135,7<\/p>\n\n\n\n<p>Der Herr: <em>\u201eSpeise und Trank, Kleidung und Wohnung, K\u00fcnste und Gewerbe, soweit zum Nahrungserwerb&nbsp; erforderlich, sind Angeh\u00f6r des Leibes und daher auch dem Leib zuzubilligen in gerechtem Ma\u00dfe und zweckdienlicher Art.\u201c<\/em><\/p>\n\n\n\n<p>Hi. Bd. II; S 328,9<\/p>\n\n\n\n<p>Jesus: \u201e<em>Der Leib eines \u00e4lteren Menschen wird nach und nach immer schw\u00e4cher, weil in ihm gewisse Fibern und Nerven mit der Zeit absterben und unt\u00e4tig werden. Und doch kann dabei der Mensch noch viele Jahre leben, ohne dass er an seiner geistigen Kraft etwas verliert, besonders wenn er stets nach dem Willen Gotte gelebt hat.\u201c<\/em><\/p>\n\n\n\n<p>Ev. Bd. 6; Kap 246,7<\/p>\n","protected":false},"excerpt":{"rendered":"<p>Nach direkten Kundgaben von Jesus Christus an Jakob Lorber, Neuoffenbarung Bd. 1; Dr. Walter Lutz; Lorber Verlag Jesus: \u201eDie Seele des Menschen als die h\u00f6chstpotenzierte Zusammenf\u00fcgung von Mineral- , Pflanzen-und Tierseelen hat f\u00fcr ihre Vorexistenz keine R\u00fcckerinnerung, weil die einzelnen Seelenteile in den drei Naturreichen keine eigene und streng gesonderte, sondern f\u00fcr ihre Art nur [&hellip;]<\/p>\n","protected":false},"author":1,"featured_media":0,"parent":0,"menu_order":0,"comment_status":"closed","ping_status":"closed","template":"","meta":{"zakra_sidebar_layout":"customizer","zakra_remove_content_margin":false,"zakra_sidebar":"customizer","zakra_transparent_header":"customizer","zakra_logo":0,"zakra_main_header_style":"default","zakra_menu_item_color":"","zakra_menu_item_hover_color":"","zakra_menu_item_active_color":"","zakra_menu_active_style":"","zakra_page_header":true,"footnotes":""},"class_list":["post-63","page","type-page","status-publish","hentry"],"_links":{"self":[{"href":"https:\/\/jesusworte-fuer-die-endzeit.com\/WP\/wp-json\/wp\/v2\/pages\/63","targetHints":{"allow":["GET"]}}],"collection":[{"href":"https:\/\/jesusworte-fuer-die-endzeit.com\/WP\/wp-json\/wp\/v2\/pages"}],"about":[{"href":"https:\/\/jesusworte-fuer-die-endzeit.com\/WP\/wp-json\/wp\/v2\/types\/page"}],"author":[{"embeddable":true,"href":"https:\/\/jesusworte-fuer-die-endzeit.com\/WP\/wp-json\/wp\/v2\/users\/1"}],"replies":[{"embeddable":true,"href":"https:\/\/jesusworte-fuer-die-endzeit.com\/WP\/wp-json\/wp\/v2\/comments?post=63"}],"version-history":[{"count":1,"href":"https:\/\/jesusworte-fuer-die-endzeit.com\/WP\/wp-json\/wp\/v2\/pages\/63\/revisions"}],"predecessor-version":[{"id":64,"href":"https:\/\/jesusworte-fuer-die-endzeit.com\/WP\/wp-json\/wp\/v2\/pages\/63\/revisions\/64"}],"wp:attachment":[{"href":"https:\/\/jesusworte-fuer-die-endzeit.com\/WP\/wp-json\/wp\/v2\/media?parent=63"}],"curies":[{"name":"wp","href":"https:\/\/api.w.org\/{rel}","templated":true}]}}