{"id":61,"date":"2025-03-31T11:44:51","date_gmt":"2025-03-31T09:44:51","guid":{"rendered":"https:\/\/jesusworte-fuer-die-endzeit.com\/WP\/?page_id=61"},"modified":"2025-03-31T11:44:51","modified_gmt":"2025-03-31T09:44:51","slug":"marias-botschaft-an-die-welt","status":"publish","type":"page","link":"https:\/\/jesusworte-fuer-die-endzeit.com\/WP\/marias-botschaft-an-die-welt\/","title":{"rendered":"Marias Botschaft an die Welt"},"content":{"rendered":"\n<figure class=\"wp-block-image size-large\"><img loading=\"lazy\" decoding=\"async\" width=\"1024\" height=\"651\" src=\"https:\/\/jesusworte-fuer-die-endzeit.com\/WP\/wp-content\/uploads\/2025\/03\/roche-9485693_1920-1024x651.jpg\" alt=\"\" class=\"wp-image-52\" srcset=\"https:\/\/jesusworte-fuer-die-endzeit.com\/WP\/wp-content\/uploads\/2025\/03\/roche-9485693_1920-1024x651.jpg 1024w, https:\/\/jesusworte-fuer-die-endzeit.com\/WP\/wp-content\/uploads\/2025\/03\/roche-9485693_1920-300x191.jpg 300w, https:\/\/jesusworte-fuer-die-endzeit.com\/WP\/wp-content\/uploads\/2025\/03\/roche-9485693_1920-768x488.jpg 768w, https:\/\/jesusworte-fuer-die-endzeit.com\/WP\/wp-content\/uploads\/2025\/03\/roche-9485693_1920-1536x977.jpg 1536w, https:\/\/jesusworte-fuer-die-endzeit.com\/WP\/wp-content\/uploads\/2025\/03\/roche-9485693_1920.jpg 1920w\" sizes=\"auto, (max-width: 1024px) 100vw, 1024px\" \/><\/figure>\n\n\n\n<p><strong>HINWEIS F\u00dcR DIE NAHE ZUKUNFT:<\/strong> <strong>MARIAS BOTSCHAFT an die WELT (1994)<\/strong> (Ausz\u00fcge davon)<\/p>\n\n\n\n<p>Anni Kirkwood 1991\/Deutsche Fassung: Ch. Falk-Verlag; 1992; ISBN-3-924161-62-3; 7.Auflage 1994<\/p>\n\n\n\n<p><em><u>Menschen des Planeten Erde<\/u>, h\u00f6rt diese Botschaft. Ich, Maria die Mutter Jesu, lebe und bin besorgt um Euch. Meine Botschaft ergeht an die ganze Erde und nicht nur an die Mitglieder der Kirche.<\/em><\/p>\n\n\n\n<p><em>Auf jeden Menschen, der jetzt lebt auf&nbsp; der Erde, werden schwierige Zeiten zukommen\u2026schlie\u00dft Frieden mit euch selbst und sucht Gott in eurem Inneren!<\/em><\/p>\n\n\n\n<p><em>Menschen des Planeten Erde, betet, reinigt euer Denken von aller Angst, allem Neid, von Eifersucht, Bosheit, von Verzweiflung und allen S\u00fcchten. Erneuert euren Glauben an das Gute und an Gott.<\/em><\/p>\n\n\n\n<p><em>Die Zeit r\u00fcckt n\u00e4her, die euch aufr\u00fctteln und auf aufschrecken wird, nicht als irgend eine Art von Strafe, sondern damit die Erde und das Bewusstsein des Menschen erneuert wird.<\/em><\/p>\n\n\n\n<p><em>Diesmal habe ich die Erlaubnis bekommen, euch vorher zu warnen.<\/em><\/p>\n\n\n\n<p><em>Jetzt ist es Zeit, um euch aufzumachen und in eurem Inneren Gott zu suchen. Sucht Gott nirgendwo anders!<\/em><\/p>\n\n\n\n<p><em>Meine Wahrheit kommt von Gott. Die Dinge, die jetzt geschehen, haben vor vielen Millionen Jahren ihren Anfang genommen. Ein Geschehen dieser Gr\u00f6\u00dfenordnung gibt es im Universum nicht oft.<\/em><\/p>\n\n\n\n<p><em>Im biblischen Buch der Offenbarung geht es um den POLSPRUNG.<\/em><\/p>\n\n\n\n<p><em>Das ist nicht das Ende der Welt. Ihr m\u00fcsst unbedingt begreifen, dass das nicht das Ende ist, sondern der Anfang eines neuen Zeitalters und einer neuen Welt und eines neuen Verst\u00e4ndnisses.<\/em><\/p>\n\n\n\n<p><em>Das Wachstum des Universums ist eine der Hauptursachen f\u00fcr die zunehmende Intensit\u00e4t und St\u00e4rke der St\u00fcrme\u2026..der Barometerdruck und die Gr\u00f6\u00dfe der Magnetfelder&nbsp; wird neue Rekorde erreichen\u2026..ebenso die Flutkatstrophen\u2026.<\/em><\/p>\n\n\n\n<p><em>Diese Gewalt, die all die vielen Jahre hindurch in eurem Herzen gew\u00fctet hat, wird dann au\u00dfen f\u00fcr alle sichtbar sein.<\/em><\/p>\n\n\n\n<p><em>Dies ist <u>KEINE STRAFE<\/u>, sondern die Auswirkung von jahrhundertlangem Hass, jahrhundertlanger Angst und Wut. Die Spannungen, die das menschliche Bewusstsein beherrscht haben, werden auf der Erde entfesselt sein.<\/em><\/p>\n\n\n\n<p><em>Es wird <u>KEINEN 3. WELTKRIEG<\/u> geben, denn Gott wird euch nicht gestatten, diese sch\u00f6ne Erde mit euren Kernwaffen zu zerst\u00f6ren.<\/em><\/p>\n\n\n\n<p><em>Ihr werdet zu sehr damit besch\u00e4ftigt ein, euch gegen die Elemente zu behaupten, als dass ihr Kriege f\u00fchren k\u00f6nnt.<\/em><\/p>\n\n\n\n<p><em>Die Waldbr\u00e4nde, Orkane, Tornados, Erdbeben, Vulkanausbr\u00fcche und St\u00fcrme haben erst begonnen.<\/em><\/p>\n\n\n\n<p><em>Meine Botschaft, wo ich an vielen, auch ganz unbekannten Orten erscheinen werde, wird an jedem Ort dieselbe sein:<\/em><\/p>\n\n\n\n<p><em>Gebet, Meditation, Umkehr \u2013 kehrt in eurem Herzen und eurem Geist zu Gott zur\u00fcck!<\/em><\/p>\n\n\n\n<p><em>Die St\u00fcrme kommen allm\u00e4hlich und werden mit jedem Jahr h\u00e4ufiger. Auch die bew\u00f6lkten Tage nehmen auf unberechenbare Weise zu. Zu Zeiten, wo ihr Regen braucht, wird es keinen geben und wenn es regnet, dann zu stark und zu lange.<\/em><\/p>\n\n\n\n<p><em>Es wird alle Arten von Extremen geben, so dass das Ungew\u00f6hnliche die Norm wird. Man wird das Unvorhersehbare vorher sagen und das Unglaubliche wird allt\u00e4glich sein. Die Tage mit normalem Klima und ruhigem, angenehmen, voraussagbarem Wetter werden f\u00fcr eine Weile vorbei sein.<\/em><\/p>\n\n\n\n<p><em>Bei diesen Voraussagen handelt es sich um langfristige Vorg\u00e4nge\u2026 es wird auch einige Jahre geben, wo die St\u00fcrme weniger gewaltig sind\u2026 alle Dinge verlaufen nach demselben Muster wie die Gezeiten, wie Ebbe und Flut.<\/em><\/p>\n\n\n\n<p><em>Jetzt ist es Zeit zu beten, euer Herz von aller Bosheit, alle Angst und Wut zu reinigen.<\/em><\/p>\n\n\n\n<p><em>Es ist Zeit, dass der Mensch erkennt, dass das Geistige das Wichtigste im Leben ist und nicht Besitz oder Titel.<\/em><\/p>\n\n\n\n<p><em>Ich bin ganz ratlos, wie ich das Interesse der Menschen erwecken soll, um sie auf die bevorstehenden Ver\u00e4nderungen, die ja schon geschehen, vorzubereiten.<\/em><\/p>\n\n\n\n<p><em>Ich bin um alle Menschen besorgt , die jetzt auf der Erde leben. Viel Land wird zerst\u00f6rt werden und es muss geschehen, damit dieser Planet weiterbestehen kann.<\/em><\/p>\n\n\n\n<p><em>Durch diese Schrift sende ich eine Botschaft an all jene, die au\u00dferhalb der Kirche und au\u00dferhalb jeder Religion stehen.<\/em><\/p>\n\n\n\n<p><em>Die Familie ist ein Mikrokosmos der ganzen Welt. Wir alle sind eine Familie. Wir alle brauchen Achtung, Liebe und Anerkennung. Fang an die Welt als eure Familie zu betrachten.<\/em><\/p>\n\n\n\n<p><em>Jede Kultur ist verehrungsw\u00fcrdig, jede Rasse ist als Gottes Sch\u00f6pfung zu achten. Jedes Volk ist ein Bruder, jede Religion eine Schwester.<\/em><\/p>\n\n\n\n<p><em>Kinder der Erde, sorgt f\u00fcr eure Heimat, die dieser Planet ist. Betrachtet die ganze Welt als eure Familie und seht den Planeten als Einheit.<\/em><\/p>\n\n\n\n<p><em>Bevor ihr auf der Erde nicht aufh\u00f6ren k\u00f6nnt, Kriege zu f\u00fchren, seid ihr nicht bereit, zur <u>Familie des Universums<\/u> zu geh\u00f6ren.<\/em><\/p>\n\n\n\n<p><em>Legt euren Zorn ab und lernt voneinander;&nbsp; jede Kultur und jede Nation hat etwas zu lehren und etwas von den anderen zu lernen.<\/em><\/p>\n\n\n\n<p><em>Jede Religion betet \u2013 unter verschiedenen Verkleidungen \u2013 ihren Sch\u00f6pfer an.<\/em><\/p>\n\n\n\n<p><em>ES IST DERSELBE SCH\u00d6PFER!<\/em><\/p>\n\n\n\n<p><em>Es ist nicht wichtig wie ihr Ihn nennt. Dass ihr in eurem Herzen und Geiste nach ihm ruft, ist was z\u00e4hlt.<\/em><\/p>\n\n\n\n<p><em>Ehrt den Sch\u00f6pfer, indem ihr seine Sch\u00f6pfung ehrt. Eure Heimat ist der Planet Erde. Warum bombardiert ihr ihn, warum zerst\u00f6rt ihr seine Ozeane durch euren M\u00fcll? Warum zerst\u00f6rt ihr seine W\u00e4lder und Meeresk\u00fcsten? Es ist eure Heimat. Sorgt f\u00fcr sie. Es ist die einzige Heimat, die ihre euren Kindern hinterlassen k\u00f6nnt.<\/em><\/p>\n\n\n\n<p><em>Nur mit Liebe k\u00f6nnt ihr den kommenden Ver\u00e4nderungen auf der Erde begegnen.<\/em><\/p>\n\n\n\n<p><em>Es ist nicht wichtig, welcher Religion ihr angeh\u00f6rt. Es gibt nur einen Gott, den Sch\u00f6pfer aller Dinge, der in den verschiedenen Teilen der Welt unter verschiedenen Namen bekannt ist. Der Name, mit dem ihr Ihn anredet, ist letztlich nicht wichtig.<\/em><\/p>\n\n\n\n<p><em>Das Wichtigste ist, dass ihr mit Ihm in Verbindung treten und euch mit Seinem Geist verbinden wollt.<\/em><\/p>\n\n\n\n<p><em>Durch das Gebet kommt ihr in die Gegenwart eures Sch\u00f6pfers. Gebt dem Wort \u201eGebet\u201c seine wahre Bedeutung, die eines Gespr\u00e4ches mit Gott, dem Sch\u00f6pfer. Sprecht&nbsp; in eurem Inneren mit Gott wie zu einer Mutter, eurer Frau, eurem Bruder oder eurer Schwester<\/em><\/p>\n\n\n\n<p><em>Jeder einzelne kann seinen Teil dazu beitragen, dass Frieden und Liebe auf dieser Erde einkehren.<\/em><\/p>\n\n\n\n<p><em>Manche Menschen geben sich vollst\u00e4ndig ihre Karriere oder der Arbeit hin. Wenn das zum einzigen Brennpunkt eines Lebens wird , ist es Besessenheit und nicht richtig.<\/em><\/p>\n\n\n\n<p><em>Es ist Wachstum. In Zukunft werdet ihr ein gr\u00f6\u00dferes Universum bev\u00f6lkern. Die Felder und W\u00e4lder und alle Reiche der Erde werden erneuert werden.<\/em><\/p>\n\n\n\n<p><em>Das Universum w\u00e4chst und dehnt sich aus und dieses Wachstum bewirkt, dass sich&nbsp; eure Erdachse neigt.<\/em><\/p>\n\n\n\n<p><em>Zum einen ist es einfach Zeit f\u00fcr diese Rotation von Land und Meer. Ein weiterer Grund ist, dass eure Zivilisation den Planeten verschmutzt.<\/em><\/p>\n\n\n\n<p><em>Alle eure Werte und Ma\u00dfst\u00e4be befinden sich im Zusammenbruch.<\/em><\/p>\n\n\n\n<p><em>Dies sind keine Zust\u00e4nde, die einem Kind des Einen wahren Gottes geziemen.<\/em><\/p>\n\n\n\n<p><em>Kehrt zu eurem Ursprung zur\u00fcck \u2013 zum Uranfang allen Lebens, kehrt durch Gebet und Meditation zu Gott zur\u00fcck.<\/em><\/p>\n\n\n\n<p><em>Echtes Beten ist die F\u00e4higkeit, einfach mit Gott zu sprechen. Es gibt so viele Arten zu beten, wie es Menschen gibt.<\/em><\/p>\n\n\n\n<p><em>De einzige Mensch, der dich von Gott fernhalten kann, bist du selbst!<\/em><\/p>\n","protected":false},"excerpt":{"rendered":"<p>HINWEIS F\u00dcR DIE NAHE ZUKUNFT: MARIAS BOTSCHAFT an die WELT (1994) (Ausz\u00fcge davon) Anni Kirkwood 1991\/Deutsche Fassung: Ch. Falk-Verlag; 1992; ISBN-3-924161-62-3; 7.Auflage 1994 Menschen des Planeten Erde, h\u00f6rt diese Botschaft. Ich, Maria die Mutter Jesu, lebe und bin besorgt um Euch. Meine Botschaft ergeht an die ganze Erde und nicht nur an die Mitglieder der [&hellip;]<\/p>\n","protected":false},"author":1,"featured_media":0,"parent":0,"menu_order":0,"comment_status":"closed","ping_status":"closed","template":"","meta":{"zakra_sidebar_layout":"customizer","zakra_remove_content_margin":false,"zakra_sidebar":"customizer","zakra_transparent_header":"customizer","zakra_logo":0,"zakra_main_header_style":"default","zakra_menu_item_color":"","zakra_menu_item_hover_color":"","zakra_menu_item_active_color":"","zakra_menu_active_style":"","zakra_page_header":true,"footnotes":""},"class_list":["post-61","page","type-page","status-publish","hentry"],"_links":{"self":[{"href":"https:\/\/jesusworte-fuer-die-endzeit.com\/WP\/wp-json\/wp\/v2\/pages\/61","targetHints":{"allow":["GET"]}}],"collection":[{"href":"https:\/\/jesusworte-fuer-die-endzeit.com\/WP\/wp-json\/wp\/v2\/pages"}],"about":[{"href":"https:\/\/jesusworte-fuer-die-endzeit.com\/WP\/wp-json\/wp\/v2\/types\/page"}],"author":[{"embeddable":true,"href":"https:\/\/jesusworte-fuer-die-endzeit.com\/WP\/wp-json\/wp\/v2\/users\/1"}],"replies":[{"embeddable":true,"href":"https:\/\/jesusworte-fuer-die-endzeit.com\/WP\/wp-json\/wp\/v2\/comments?post=61"}],"version-history":[{"count":1,"href":"https:\/\/jesusworte-fuer-die-endzeit.com\/WP\/wp-json\/wp\/v2\/pages\/61\/revisions"}],"predecessor-version":[{"id":62,"href":"https:\/\/jesusworte-fuer-die-endzeit.com\/WP\/wp-json\/wp\/v2\/pages\/61\/revisions\/62"}],"wp:attachment":[{"href":"https:\/\/jesusworte-fuer-die-endzeit.com\/WP\/wp-json\/wp\/v2\/media?parent=61"}],"curies":[{"name":"wp","href":"https:\/\/api.w.org\/{rel}","templated":true}]}}