{"id":59,"date":"2025-03-31T11:43:14","date_gmt":"2025-03-31T09:43:14","guid":{"rendered":"https:\/\/jesusworte-fuer-die-endzeit.com\/WP\/?page_id=59"},"modified":"2025-03-31T11:43:14","modified_gmt":"2025-03-31T09:43:14","slug":"johannes-offenbarung","status":"publish","type":"page","link":"https:\/\/jesusworte-fuer-die-endzeit.com\/WP\/johannes-offenbarung\/","title":{"rendered":"Johannes Offenbarung"},"content":{"rendered":"\n<figure class=\"wp-block-image size-large\"><img loading=\"lazy\" decoding=\"async\" width=\"1024\" height=\"683\" src=\"https:\/\/jesusworte-fuer-die-endzeit.com\/WP\/wp-content\/uploads\/2025\/03\/clouds-2716_1920-1024x683.jpg\" alt=\"\" class=\"wp-image-23\" srcset=\"https:\/\/jesusworte-fuer-die-endzeit.com\/WP\/wp-content\/uploads\/2025\/03\/clouds-2716_1920-1024x683.jpg 1024w, https:\/\/jesusworte-fuer-die-endzeit.com\/WP\/wp-content\/uploads\/2025\/03\/clouds-2716_1920-300x200.jpg 300w, https:\/\/jesusworte-fuer-die-endzeit.com\/WP\/wp-content\/uploads\/2025\/03\/clouds-2716_1920-768x512.jpg 768w, https:\/\/jesusworte-fuer-die-endzeit.com\/WP\/wp-content\/uploads\/2025\/03\/clouds-2716_1920-1536x1024.jpg 1536w, https:\/\/jesusworte-fuer-die-endzeit.com\/WP\/wp-content\/uploads\/2025\/03\/clouds-2716_1920.jpg 1920w\" sizes=\"auto, (max-width: 1024px) 100vw, 1024px\" \/><\/figure>\n\n\n\n<p class=\"has-vivid-red-color has-text-color has-link-color wp-elements-89299d65e87f7b6c685e8123e7a4cb03\"><strong>Eine Botschaft von Jesu<\/strong><\/p>\n\n\n\n<p>Mitteilung an Annie Kinkwood 1992 durch J. Christus; Ch. Falk-Verlag 1992;&nbsp; ISBN 3-924161-62-3; 7.Auflage 1994; Amerikanische Ausgabe by Annie Kirkwood 1991; erschien by Blue Dolphin Publ. Nevada City CA 95959<\/p>\n\n\n\n<p>In der Offenbarung von Johannes wird die Geschichte allegorisch geschildert. Johannes hatte nicht die passenden Worte, um die Zukunft zu beschreiben.<\/p>\n\n\n\n<p class=\"has-vivid-red-color has-text-color has-link-color wp-elements-9ad2f7f278d9ab60a8a9e4a8117228e8\"><strong>Offenbarung 4:<\/strong><\/p>\n\n\n\n<p>Die sieben Geister Gottes sind G\u00f6ttliche Liebe,- Licht,- Kraft,-Weisheit,-Wille,-Leben,-Ordnung. Die vier Gestalten stehen f\u00fcr die Menschen aus den vier Enden der Welt.<\/p>\n\n\n\n<p>Die 24 Throne um den Thron herum sind die verschiedenen Dimensionen und Ebenen, und die \u00c4ltesten sind die Bewohner dieser Dimensionen.<\/p>\n\n\n\n<p class=\"has-vivid-red-color has-text-color has-link-color wp-elements-953c9cc3addb8616dec0d47fc449f655\"><strong>Offenbarung 5, 6:<\/strong><\/p>\n\n\n\n<p>Das 1. Siegel bedeutet die Zeit der Kreuzz\u00fcge. Die Absichten waren gut, daf\u00fcr steht das wei\u00dfe Pferd, aber Absichten sind nicht alles.<\/p>\n\n\n\n<p>Das 2. Siegel steht f\u00fcr die Zeit der Inquisition und der Hexenverbrennungen, wo die Menschen f\u00fcr ihre \u00dcberzeugung get\u00f6tet wurden.<\/p>\n\n\n\n<p>Das 3. Siegel repr\u00e4sentiert das Aussenden der Priester, um der Kirche Gold und heidnische St\u00e4mme zuzuf\u00fchren, die Zeit der Entdeckung der Neuen Welt.<\/p>\n\n\n\n<p>Das 4. Siegel steht f\u00fcr das dunkle Mittelalter und die Zeit der gro\u00dfen Seuchen, als der Tod \u00fcber das ganze Land zog.<\/p>\n\n\n\n<p>Das 5. Siegel repr\u00e4sentiert die Vernichtung der Juden w\u00e4hrend eures Weltkrieges und aller Menschen, die w\u00e4hrend dieser 2000 Jahre ihr Leben f\u00fcr ihre \u00dcberzeugung gelassen haben.<\/p>\n\n\n\n<p>Das 6. Siegel steht f\u00fcr die Atombombe, den Mord an Millionen von unschuldigen Menschen, vieler, die auf die Ungerechtigkeiten ihrer Nationen keinen Einfluss hatten. Es steht auch f\u00fcr diese \u201eEndzeit\u201c wo St\u00fcrme \u00fcber die Erde fegen werden und die Erde in jedem Teil der Welt beben wird.<\/p>\n\n\n\n<p>Das 7. Siegel ist noch nicht vollst\u00e4ndig gezeigt worden.<\/p>\n\n\n\n<p class=\"has-vivid-red-color has-text-color has-link-color wp-elements-442d99f16b18eb21d9826c5d4bb65e82\"><strong>Offenbarung 7, 1-8:<\/strong><\/p>\n\n\n\n<p>Die 144.000 repr\u00e4sentieren die Menschen, die in den gro\u00dfen Religionen ihre innige Verbindung mit Gott gefunden haben. Sie sind zum Herzen der Dinge vorgedrungen und haben sich mit Gott vereint. Es sind diejenigen, die in ihrem Herzen und in ihrem Denken ihr ganzes Sein Gott \u00fcbergeben haben. Sie haben ihre \u00c4ngste, ihre Wut, ihre Feindseligkeit und alle Arten von&nbsp; Gedanken zum Altar gebracht und Gott hat sie in Liebe, Vergebung, Wohlt\u00e4tigkeit, Hoffnung und Mut verwandelt. Sie tragen das Siegel Gottes an sich.<\/p>\n\n\n\n<p>Das 7. Siegel \u00f6ffnet sich jetzt. Es ist die \u201eEndzeit\u201c, wo alle St\u00fcrme losgelassen sind,&nbsp; Erdbeben und Vulkane werden \u00fcberall auf der Erde ausbrechen.<\/p>\n\n\n\n<p class=\"has-vivid-red-color has-text-color has-link-color wp-elements-1c9810baf913c6d9f51c3098930395e6\"><strong>Offenbarung 7, 8-17:<\/strong><\/p>\n\n\n\n<p>Eine Schar in wei\u00dfen Kleidern; dass sind Menschen die ihre Verbindung zu Gott ganz allein gefunden haben.<\/p>\n\n\n\n<p>Versteht, dass das 7. Siegel noch nicht vollst\u00e4ndig ist. Es ist eure nahe Zukunft.<\/p>\n\n\n\n<p>Die Worte dieser Allegorie klingen sehr erschreckend, denn es wird viel Angst<\/p>\n\n\n\n<p>unter den Menschen auf der Erde herrschen<\/p>\n\n\n\n<p>7 ist die Zahl, in der Gott die Welt und alles, was drinnen ist, in der Allegorie<\/p>\n\n\n\n<p>der Sch\u00f6pfung erschaffen hat.&nbsp; Es ist die Zahl, in der Gott wirkt.<\/p>\n\n\n\n<p>7 Engel und 7 Trompeten bedeuten einfach Vollst\u00e4ndigkeit, die Vollst\u00e4ndigkeit dieser \u00c4ra, dieser Zivilisation und dieser Zeit, wie ihr sie jetzt kennt.<\/p>\n\n\n\n<p class=\"has-vivid-red-color has-text-color has-link-color wp-elements-b0b844f4eeb5dbd938920dbdf8712e98\"><strong>Offenbarung 8, 1-5:<\/strong><\/p>\n\n\n\n<p>Der Engel, der Gebete darbringt, symbolisiert die heutige Zeit. Die Heiligen und alle die Wesen auf anderen Ebenen und anderen Planeten beten jetzt f\u00fcr euren Planeten Erde. Die vielen Gebete klingen wie Donner, Blitz und Erdbeben.<\/p>\n\n\n\n<p>Der 1. Engel bringt Hagel und Feuer, und ein Drittel der Welt wird verbrannt, ein Drittel der B\u00e4ume, ein Drittel des gr\u00fcnen Grases.<\/p>\n\n\n\n<p>Versteht ihr nicht, dass ihr bereits ein Drittel der Welt mit euren Chemikalien verw\u00fcstet habt? Durch den Missbrauch der Chemikalien habt ihr ein Drittel der Erde, der B\u00e4ume und des Grases vernichtet und jetzt werden aufgrund der st\u00e4ndig zunehmenden Bev\u00f6lkerung ganze W\u00e4lder verbrannt, nicht nur in einem Teil der Welt, sondern \u00fcberall auf dem Globus.<\/p>\n\n\n\n<p class=\"has-vivid-red-color has-text-color has-link-color wp-elements-15eadfa052bffb838d259745e6a7f828\"><strong>Offenbarung 8, 8:<\/strong><\/p>\n\n\n\n<p>Der 2. Engel l\u00e4sst \u201eetwas wie einen riesigen Berg, mit Feuer brennend\u201c ins Meer fahren.<\/p>\n\n\n\n<p>Dieses Bild steht f\u00fcr den riesigen M\u00fcllberg von chemischen und nuklearen Abfallprodukten, die ins Meer geworfen werden. Es hat ein Drittel der Meere zerst\u00f6rt und die Meerestiere beginnen zu sterben. Die Schiffe stehen f\u00fcr den Handel mit Meeresfr\u00fcchten, der vernichtet wird.<\/p>\n\n\n\n<p>Mit dem 3. Engel f\u00e4llt ein gro\u00dfer Stern wie eine brennende Fackel vom Himmel und ein Drittel der Fl\u00fcsse und Quellen wird zerst\u00f6rt und schmeckt bitter. Viele Menschen sterben an dem verseuchten Wasser. K\u00f6nnt ihr nicht sehen, dass ihr euer Trinkwasser mit Chemikalien und nuklearem Abfall vergiftet habt?<\/p>\n\n\n\n<p>Es ist ein weltweites Problem, eines, das die Gew\u00e4sser der ganzen Erde beeintr\u00e4chtigt.<\/p>\n\n\n\n<p>Der 4. Engel posaunt. Das sind die Asteroiden, die das Sonnensystem bombardieren werden. Euer Land und andere versuchen, die ankommenden<\/p>\n\n\n\n<p>Asteroiden mit nuklearen Bomben abzulenken, aber das wird nur dazu f\u00fchren, dass ein Drittel des Himmels, Sterne, Planeten und die Sonne in Mitleidenschaft gezogen werden. Das wird bald geschehen.<\/p>\n\n\n\n<p>Der Asteroideng\u00fcrtel ist bereits in Aufruhr. Mehrere Asteroiden sind bereits in euer Sonnensystem eingedrungen, gro\u00dfe und kleinere.<\/p>\n\n\n\n<p class=\"has-vivid-red-color has-text-color has-link-color wp-elements-0efa5d161a6283062d53ff69d15c956c\"><strong>Offenbarung 8, 13:<\/strong><\/p>\n\n\n\n<p>Der Adler, der in die Himmelsmitte fliegt, steht f\u00fcr Leute wie Ruth Montgomery, Edgar Cayce, Nostradamus, die Autorin dieses Buches und andere, die die kommenden Ereignisse vorausgesagt haben.<\/p>\n\n\n\n<p>Diese Tage werden nur dann eine schreckliche und entsetzliche Zeit auf der Erde sein, wenn ihr verloren seid und euch von Gott getrennt f\u00fchlt.<\/p>\n\n\n\n<p class=\"has-vivid-red-color has-text-color has-link-color wp-elements-1f15b0035d558ffcd1a499e13d229866\"><strong>Offenbarung 9, 1:<\/strong><\/p>\n\n\n\n<p>Der 5. Engel posaunt und \u201edem Stern ward der Schl\u00fcssel gegeben zum Brunnen des Abgrundes\u201c.<\/p>\n\n\n\n<p>Die Heuschrecken sind die St\u00fcrme. Der Stachel an ihren Schw\u00e4nzen ist der Aufruhr, in den sich die Menschen versetzt f\u00fchlen. Mit jedem der immer gewaltiger werdenden St\u00fcrme wird mehr und mehr Angst in das Erdenbewusstsein kommen.<\/p>\n\n\n\n<p>Der 6. Engel posaunt. Die gro\u00dfen Erdbeben beginnen und durch die erh\u00f6hte Vulkant\u00e4tigkeit wird Schwefel in die Luft geschleudert.<\/p>\n\n\n\n<p>Der\u00a0 7. Engel symbolisiert die Zeit des <strong>POLSPRUNGES<\/strong>.<\/p>\n\n\n\n<p>Die 24 \u00c4ltesten sind die Abgeordneten aus anderen Welten. Sie stehen f\u00fcr alle, die um die Menschen der Erde besorgt sind und f\u00fcr sie beten. Sie kommen, um viele Menschen von der Erde wegzuholen. Das Symbol daf\u00fcr ist der Tempel Gottes im Himmel. Viele werden gerettet werden\u2026wegen der Ernsthaftigkeit und Ehrlichkeit, mit der sie Gott suchen.<\/p>\n\n\n\n<p>Der Fall von Babylon ist der Fall des Handelsimperiums, auf das die Nationen ihren Wert aufgebaut haben. Es ist der Welthandel in Aktien, Papiergeld und G\u00fctern aller Art. Da in manchen Gegenden die Technologie erhalten bleiben wird, werden viele um die Tage weinen, in denen die Welt noch durch Satelliten, Computer und Handel verbunden waren.<\/p>\n\n\n\n<p>In dem neuen Zeitalter wird 1000 Jahre lang Frieden herrschen. Es wird keine Angst, keine Wut und keine Feindseligkeit geben.<\/p>\n","protected":false},"excerpt":{"rendered":"<p>Eine Botschaft von Jesu Mitteilung an Annie Kinkwood 1992 durch J. Christus; Ch. Falk-Verlag 1992;&nbsp; ISBN 3-924161-62-3; 7.Auflage 1994; Amerikanische Ausgabe by Annie Kirkwood 1991; erschien by Blue Dolphin Publ. Nevada City CA 95959 In der Offenbarung von Johannes wird die Geschichte allegorisch geschildert. Johannes hatte nicht die passenden Worte, um die Zukunft zu beschreiben. [&hellip;]<\/p>\n","protected":false},"author":1,"featured_media":0,"parent":0,"menu_order":0,"comment_status":"closed","ping_status":"closed","template":"","meta":{"zakra_sidebar_layout":"customizer","zakra_remove_content_margin":false,"zakra_sidebar":"customizer","zakra_transparent_header":"customizer","zakra_logo":0,"zakra_main_header_style":"default","zakra_menu_item_color":"","zakra_menu_item_hover_color":"","zakra_menu_item_active_color":"","zakra_menu_active_style":"","zakra_page_header":true,"footnotes":""},"class_list":["post-59","page","type-page","status-publish","hentry"],"_links":{"self":[{"href":"https:\/\/jesusworte-fuer-die-endzeit.com\/WP\/wp-json\/wp\/v2\/pages\/59","targetHints":{"allow":["GET"]}}],"collection":[{"href":"https:\/\/jesusworte-fuer-die-endzeit.com\/WP\/wp-json\/wp\/v2\/pages"}],"about":[{"href":"https:\/\/jesusworte-fuer-die-endzeit.com\/WP\/wp-json\/wp\/v2\/types\/page"}],"author":[{"embeddable":true,"href":"https:\/\/jesusworte-fuer-die-endzeit.com\/WP\/wp-json\/wp\/v2\/users\/1"}],"replies":[{"embeddable":true,"href":"https:\/\/jesusworte-fuer-die-endzeit.com\/WP\/wp-json\/wp\/v2\/comments?post=59"}],"version-history":[{"count":1,"href":"https:\/\/jesusworte-fuer-die-endzeit.com\/WP\/wp-json\/wp\/v2\/pages\/59\/revisions"}],"predecessor-version":[{"id":60,"href":"https:\/\/jesusworte-fuer-die-endzeit.com\/WP\/wp-json\/wp\/v2\/pages\/59\/revisions\/60"}],"wp:attachment":[{"href":"https:\/\/jesusworte-fuer-die-endzeit.com\/WP\/wp-json\/wp\/v2\/media?parent=59"}],"curies":[{"name":"wp","href":"https:\/\/api.w.org\/{rel}","templated":true}]}}