{"id":51,"date":"2025-03-31T11:41:16","date_gmt":"2025-03-31T09:41:16","guid":{"rendered":"https:\/\/jesusworte-fuer-die-endzeit.com\/WP\/?page_id=51"},"modified":"2025-03-31T11:41:16","modified_gmt":"2025-03-31T09:41:16","slug":"jesus-wahrer-mensch","status":"publish","type":"page","link":"https:\/\/jesusworte-fuer-die-endzeit.com\/WP\/jesus-wahrer-mensch\/","title":{"rendered":"Jesus &#8211; Wahrer Mensch"},"content":{"rendered":"\n<figure class=\"wp-block-image size-large\"><img loading=\"lazy\" decoding=\"async\" width=\"1024\" height=\"683\" src=\"https:\/\/jesusworte-fuer-die-endzeit.com\/WP\/wp-content\/uploads\/2025\/03\/mountains-6564997_1920-1024x683.jpg\" alt=\"\" class=\"wp-image-31\" srcset=\"https:\/\/jesusworte-fuer-die-endzeit.com\/WP\/wp-content\/uploads\/2025\/03\/mountains-6564997_1920-1024x683.jpg 1024w, https:\/\/jesusworte-fuer-die-endzeit.com\/WP\/wp-content\/uploads\/2025\/03\/mountains-6564997_1920-300x200.jpg 300w, https:\/\/jesusworte-fuer-die-endzeit.com\/WP\/wp-content\/uploads\/2025\/03\/mountains-6564997_1920-768x512.jpg 768w, https:\/\/jesusworte-fuer-die-endzeit.com\/WP\/wp-content\/uploads\/2025\/03\/mountains-6564997_1920-1536x1024.jpg 1536w, https:\/\/jesusworte-fuer-die-endzeit.com\/WP\/wp-content\/uploads\/2025\/03\/mountains-6564997_1920.jpg 1920w\" sizes=\"auto, (max-width: 1024px) 100vw, 1024px\" \/><\/figure>\n\n\n\n<p>Neuoffenbarung Dr. Walter Lutz Nr. 1 ;S 35-40; Lorberwerk Bietighiem; Evangelium Band 1-11; Jugend Jesus; Geistige Sonne<\/p>\n\n\n\n<p>Jesus: <em>\u201eIch lebte bis zum 30. Jahre wie jeder andere, wohlerzogene, junge Mensch und musste durch den Lebenswandel nach dem Gesetze Moses die Gottheit in Mir wie jeder Mensch erwecken.<\/em><\/p>\n\n\n\n<p><em>Ich musste erst an einem Gott glauben und habe Ihn dann immer mehr mit aller Selbstverleugnung und mit stets m\u00e4chtigerer Liebe erfassen m\u00fcssen.<\/em><\/p>\n\n\n\n<p><em>So war Ich \u2013 als der Herr selbst- f\u00fcr jeden Menschen ein lebendiges Vorbild.\u201c<\/em><\/p>\n\n\n\n<p>Jug.,Vorrede Abs.1<\/p>\n\n\n\n<p>Der Herr: <em>&#8222;Jesu Seele war wie die eines jeden Menschen und mit umso mehr Schw\u00e4chen behaftet, weil der allm\u00e4chtige&nbsp; Gottgeist sich selbst in die gewaltigsten Bande legen musste, um in Seiner Seele gehalten&nbsp; werden&nbsp; zu k\u00f6nnen. Also musste die Seele Jesu auch die gr\u00f6\u00dften Versuchungen, sich selbst verleugnend bestehen.&#8220;<\/em><\/p>\n\n\n\n<p>Jug.Kap.298, 1, 4-7, 17-19<\/p>\n\n\n\n<p>Jesus f\u00fchlte in sich fortw\u00e4hrend aufs lebendigste die allm\u00e4chtige Gottheit: Er wusste es in Seiner Seele, dass alles in der Unendlichkeit Seinem leisesten Winke untertan ist.<\/p>\n\n\n\n<p>Darum hatte Er den gr\u00f6\u00dften Drang in Seiner Seele, zu herrschen \u00fcber alles.<\/p>\n\n\n\n<p>Stolz, Herrschsucht, Sinn f\u00fcr Freiheit und Wohlleben, Weiberlust und Zorn waren die Hauptschw\u00e4chen Seiner Seele. Aber Er k\u00e4mpfte aus dem Willen der Seele gegen alle diese m\u00e4chtigsten, gef\u00e4hrlichsten Triebfedern. Den STOLZ dem\u00fctigte Er durch die Armut; aber welch ein hartes Mittel war das f\u00fcr den, dem alles geh\u00f6rte!<\/p>\n\n\n\n<p>Die HERRSCHSUCHT b\u00e4ndigte Er durch den willigsten Gehorsam zu denen, welche gegen Ihn ein Nichts waren.<\/p>\n\n\n\n<p>Seine ewige, allerh\u00f6chste Freiheit best\u00fcrmte Er damit, dass Er sich den Menschen zu knechtischer Arbeit gefangen gab.<\/p>\n\n\n\n<p>Den Hang zum WOHLLEBEN bek\u00e4mpfte Er durch freiwilliges Fasten.<\/p>\n\n\n\n<p>Die WEIBERLUST bek\u00e4mpfte Er durch schwere Arbeit und magere Kost, durch Gebet und Umgang mit weisen M\u00e4nnern. Ja in dieser Schw\u00e4che hatte Er ungemein viel auszustehen, da Sein \u00c4u\u00dferes und der Ton Seiner Rede h\u00f6chst einnehmbar waren.<\/p>\n\n\n\n<p>Da Er ferner die Bosheit der Menschen durchschaute, so ist es auch begreiflich, dass Er erregbar war und leicht beleidigt und erz\u00fcrnt werden konnte; aber da m\u00e4\u00dfigte Er Sein Gem\u00fct durch Seine Liebe und Erbarmung.\/Jug.Kap. 299; 2-18<\/p>\n\n\n\n<p>Jesus: <em>\u201eIch als Mensch bin kein Gott, wohl aber ein Gottessohn, was eigentlich jeder Mensch sein soll. Denn die Menschen dieser Erde&nbsp; sind berufen, Kinder Gottes zu werden und zu sein, wenn sie nach dem erkannten Willen Gottes leben.<\/em><\/p>\n\n\n\n<p><em>Einer von ihnen aber ist von Gott von Ewigkeit her bestimmt, der Erste zu sein, das urg\u00f6ttliche Leben in sich zu haben und es jedermann zu geben, der an Ihn glaubt und nach Seiner Lehre lebt. Und dieser Erste bin Ich\u201c<\/em><\/p>\n\n\n\n<p>Ev. Bd 6, Kap 90,9-10<\/p>\n\n\n\n<p>Jesus: <em>&#8222;Der Geist in Mir ist wohl Gott, doch Ich als purer Menschensohn nicht; denn auch Ich habe als Mensch, jedem Menschen gleich, durch viel M\u00fche und \u00dcbung Mir die W\u00fcrde eines Gottes erwerben m\u00fcssen und konnte Mich danach erst einen mit dem Geiste Gottes. Nun bin Ich wohl eins mit Ihm im Geiste, aber im Leibe noch nicht. Doch&nbsp; Ich werde auch da v\u00f6llig eins werden (mit Ihm), aber erst nach einem gro\u00dfen Leiden und g\u00e4nzlicher tiefst dem\u00fctigender Selbstverleugnung Meiner Seele.\u201c<\/em><\/p>\n\n\n\n<p>Ev. Bd 6, Kap 90,12<\/p>\n\n\n\n<p>Jesus zu einem r\u00f6mischen Hauptmann: <em>\u201eAls Mensch muss Ich Mich streng nach dem richten, was der Vater im Himmel Mir auferlegt! Es ist zwar alles auch Mein, was da ist des Vaters, <strong>denn Ich und der Vater sind im Grunde eins-<\/strong><\/em><\/p>\n\n\n\n<p><em>Aber dennoch steht in Mir selbst die Liebe h\u00f6her als die Weisheit, ihr Licht. Darum kennt Meine Weisheit Meiner Liebe keine Gesetze geben, sondern nur umgekehrt.\u201c<\/em><\/p>\n\n\n\n<p>Ev. Bd 6,Kap.144,14<\/p>\n\n\n\n<p>Jesus: \u201c<em>Es liegt nicht immer in Meiner Ordnung, im Voraus zu bestimmen, was Ich tun werde; denn alles kommt auf Den an, der in Mir wohnt. Und Ich als nun auch nur ein Mensch mit Fleisch und Blut und einer unsterblichen Seele muss horchen auf diesem Geist in Mir.<\/em><\/p>\n\n\n\n<p><em>Wenn Er zu Mir sagt:\u201c Gehe dort und da hin und tue diese und das!\u201c dann erst wei\u00df es auch Mein Fleisch und Mein Blut.\u201c<\/em><\/p>\n\n\n\n<p>Ev. Bd 9, Kap.146,2-3<\/p>\n\n\n\n<p>Jesus zu einem armen Fischer: <em>\u201eDu siehst, dass Ich dir gleich nur ein ganz schlichter Mensch bin. Ich esse, trinke, trage Kleider nach der Art der Galil\u00e4er und rede mit denselben Worten wie du. Aber so Ich eines Meiner Worte mit Meinem Willen erf\u00fclle, so muss auf das Wort ohne den geringsten Handgriff die vollendete Tat folgen.&#8220;<\/em><\/p>\n\n\n\n<p>EV Bd 5 Kap.216, 2<\/p>\n\n\n\n<p>Johannes: <em>\u201cJesus ist der Inbegriff der g\u00e4nzlichen F\u00fclle der Gottheit, oder: In Jesus wohnt die Gottheit in Ihrer unendlichen F\u00fclle wahrhaft k\u00f6rperlich wesenhaft.\u201c<\/em><\/p>\n\n\n\n<p>Geistige Sonne Bd 2 Kap.13, 2-3<\/p>\n","protected":false},"excerpt":{"rendered":"<p>Neuoffenbarung Dr. Walter Lutz Nr. 1 ;S 35-40; Lorberwerk Bietighiem; Evangelium Band 1-11; Jugend Jesus; Geistige Sonne Jesus: \u201eIch lebte bis zum 30. Jahre wie jeder andere, wohlerzogene, junge Mensch und musste durch den Lebenswandel nach dem Gesetze Moses die Gottheit in Mir wie jeder Mensch erwecken. Ich musste erst an einem Gott glauben und [&hellip;]<\/p>\n","protected":false},"author":1,"featured_media":0,"parent":0,"menu_order":0,"comment_status":"closed","ping_status":"closed","template":"","meta":{"zakra_sidebar_layout":"customizer","zakra_remove_content_margin":false,"zakra_sidebar":"customizer","zakra_transparent_header":"customizer","zakra_logo":0,"zakra_main_header_style":"default","zakra_menu_item_color":"","zakra_menu_item_hover_color":"","zakra_menu_item_active_color":"","zakra_menu_active_style":"","zakra_page_header":true,"footnotes":""},"class_list":["post-51","page","type-page","status-publish","hentry"],"_links":{"self":[{"href":"https:\/\/jesusworte-fuer-die-endzeit.com\/WP\/wp-json\/wp\/v2\/pages\/51","targetHints":{"allow":["GET"]}}],"collection":[{"href":"https:\/\/jesusworte-fuer-die-endzeit.com\/WP\/wp-json\/wp\/v2\/pages"}],"about":[{"href":"https:\/\/jesusworte-fuer-die-endzeit.com\/WP\/wp-json\/wp\/v2\/types\/page"}],"author":[{"embeddable":true,"href":"https:\/\/jesusworte-fuer-die-endzeit.com\/WP\/wp-json\/wp\/v2\/users\/1"}],"replies":[{"embeddable":true,"href":"https:\/\/jesusworte-fuer-die-endzeit.com\/WP\/wp-json\/wp\/v2\/comments?post=51"}],"version-history":[{"count":1,"href":"https:\/\/jesusworte-fuer-die-endzeit.com\/WP\/wp-json\/wp\/v2\/pages\/51\/revisions"}],"predecessor-version":[{"id":58,"href":"https:\/\/jesusworte-fuer-die-endzeit.com\/WP\/wp-json\/wp\/v2\/pages\/51\/revisions\/58"}],"wp:attachment":[{"href":"https:\/\/jesusworte-fuer-die-endzeit.com\/WP\/wp-json\/wp\/v2\/media?parent=51"}],"curies":[{"name":"wp","href":"https:\/\/api.w.org\/{rel}","templated":true}]}}