{"id":49,"date":"2025-03-31T11:40:04","date_gmt":"2025-03-31T09:40:04","guid":{"rendered":"https:\/\/jesusworte-fuer-die-endzeit.com\/WP\/?page_id=49"},"modified":"2025-03-31T11:40:04","modified_gmt":"2025-03-31T09:40:04","slug":"jesus-wahrer-gott","status":"publish","type":"page","link":"https:\/\/jesusworte-fuer-die-endzeit.com\/WP\/jesus-wahrer-gott\/","title":{"rendered":"Jesus &#8211; Wahrer Gott"},"content":{"rendered":"\n<figure class=\"wp-block-image size-large\"><img loading=\"lazy\" decoding=\"async\" width=\"1024\" height=\"683\" src=\"https:\/\/jesusworte-fuer-die-endzeit.com\/WP\/wp-content\/uploads\/2025\/03\/heaven-3335585-1-1024x683.jpg\" alt=\"\" class=\"wp-image-28\" srcset=\"https:\/\/jesusworte-fuer-die-endzeit.com\/WP\/wp-content\/uploads\/2025\/03\/heaven-3335585-1-1024x683.jpg 1024w, https:\/\/jesusworte-fuer-die-endzeit.com\/WP\/wp-content\/uploads\/2025\/03\/heaven-3335585-1-300x200.jpg 300w, https:\/\/jesusworte-fuer-die-endzeit.com\/WP\/wp-content\/uploads\/2025\/03\/heaven-3335585-1-768x512.jpg 768w, https:\/\/jesusworte-fuer-die-endzeit.com\/WP\/wp-content\/uploads\/2025\/03\/heaven-3335585-1-1536x1024.jpg 1536w, https:\/\/jesusworte-fuer-die-endzeit.com\/WP\/wp-content\/uploads\/2025\/03\/heaven-3335585-1-2048x1365.jpg 2048w\" sizes=\"auto, (max-width: 1024px) 100vw, 1024px\" \/><\/figure>\n\n\n\n<p>Aus Dr. Walter Lutz \u201eNeuoffenbarung\u201c Teil 1; &nbsp;aus J. Lorber-Verlag Bietigheim; Evangelium Band 1-11; Geistige Sonne; Robert Blum; Laodizenerbriefe<a><\/a><\/p>\n\n\n\n<p>Evangelist Johannes in der geistigen Welt: <em>\u201eSaget ihr \u201eGOTT\u201c, so nennet ihr zwar auch das allerh\u00f6chste Wesen, aber ihr nennt es in Seiner Unendlichkeit, da es erf\u00fcllt das unendliche All und wirkt mit Seiner unendlichen Kraft von Ewigkeit zu Ewigkeit.<\/em><\/p>\n\n\n\n<p><em>Doch in dem Namen \u201eJESUS\u201c bezeichnet ihr das vollkommene, m\u00e4chtige, wesenhafte <strong>Zentrum Gottes,<\/strong> oder noch deutlicher gesprochen:<\/em><\/p>\n\n\n\n<p><strong><em>Jesus ist der wahrhaftige, wesenhafte Gott als Mensch!,<\/em><\/strong><\/p>\n\n\n\n<p><em>aus dem erst alle Gottheit, welche die Unendlichkeit erf\u00fcllt, als der Geist Seiner unermesslichen Macht, Kraft und Gewalt gleich den Strahlen aus der Sonne hervorgeht.<\/em><\/p>\n\n\n\n<p><em>Jesus ist demnach der Inbegriff der g\u00e4nzlichen F\u00fclle der Gottheit, oder: in Jesus wohnt die Gottheit in Ihrer unendlichen F\u00fclle wahrhaft k\u00f6rperlich wesenhaft.\u201c<\/em><\/p>\n\n\n\n<p>Geistige Sonne; Bd.2, Kap. 13,2-3<\/p>\n\n\n\n<p>Jesus: \u201e<em>Ich bin \u00fcberall im unendlichen Raum der ewige Gott. Aber hier bin Ich nun bei euch in Meiner ewigen Seinsmitte, von der aus die ganze Unendlichkeit ewig fort erhalten wird in ihrer endlosen Ausdehnung.<\/em><\/p>\n\n\n\n<p><em>Von Ewigkeit wohnte Ich in Meiner unzug\u00e4nglichen Mitte und in Meinem unzug\u00e4nglichen Licht aus Mir selbst. Aber Mir hat es der Menschen wegen wohl gefallen, aus Meiner Mitte und aus Meinem Lichte, das auch den h\u00f6chsten Engeln unzug\u00e4nglich war, herauszutreten, Mich auf diese Erde zu begehen \u2013 und nun bin Ich euch Menschen zug\u00e4nglich und ihr k\u00f6nnt Mein Licht ertragen.&#8220;<\/em><\/p>\n\n\n\n<p>Ev. Bd. 4; Kap. 122, 7-8<\/p>\n\n\n\n<p>Jesus zu dem verstandesklugen Ess\u00e4erf\u00fchrer Roklus: <em>\u201eKannst du dir von Gott keinen dich befriedigenden Begriff machen, so siehe Mich an und du hast dann jene f\u00fcr ewig g\u00fcltige Form vor dir, unter der allein du dir deinen Gott und Sch\u00f6pfer vorstellen kannst<\/em><\/p>\n\n\n\n<p><em>Denn Gott ist auch ein Mensch, aber der in sich Vollendetste! Siehst du Mich, so siehst du alles!&#8220;<\/em><\/p>\n\n\n\n<p>Ev. Bd. 5; Kap. 73,4<\/p>\n\n\n\n<p>Zeugnis einer gl\u00e4ubigen Volksmenge nach Jesu gewaltiger Gerichtsrede im Tempel: <em>\u201eWir alles sind v\u00f6llig im Klaren \u00fcber Dich und Deine g\u00f6ttliche Sendung. Wir haben recht gut gemerkt, was Du damit anzeigtest, als Du sagtest: Ich bin nicht allein da, sondern der Vater ist allewege bei Mir!\u201c.<\/em><\/p>\n\n\n\n<p>Aber diese dummen Pharis\u00e4er merkten es nicht, dass der Vater und Du ein und dasselbe seid und dass, wenn Du sagtest: <em>\u201eDer Vater hat Mich gesandt\u201c<\/em>, Du damit f\u00fcr der Menschen schwachen Verstand andeuten willst, dass Du Ewiger, Dir selbst einen Leib geschaffen hast, um uns W\u00fcrmer dieser Erde ein sichtbarer Gott, Lehrer und Tr\u00f6ster in unserer gro\u00dfen Not zu sein. Dein heiliger Leib ist Dein Sohn, und Du Vater, bist in Dir vor uns armen S\u00fcnder auf dieser Erde.\u201c<\/p>\n\n\n\n<p>Ev. Bd. 6; Kap. 200,2<\/p>\n\n\n\n<p>Paulus auf die Frage der Weltweisen zu Laodizea: \u201e<em>Was Unterschied ist da zwischen Gott und Seinem Sohn Christus?\u201c&#8212;\u201eGott ist Einer und Christus ist Einer; denn so es nur einen Gott gibt, so gibt es auch nur einen Christus. Was Unterschiede sollte da sein zwischen Gott und Christus? Gott ist die Liebe und Christus ist die Weisheit in Gott oder das Licht, die Wahrheit, der Weg und das ewige Leben! In Christus wohnt die ganze F\u00fclle der Gottheit leibhaftig!\u201c<\/em><\/p>\n\n\n\n<p>Laodizenerbrief Kap. 1, 20 \u2013 22<\/p>\n\n\n\n<p>Der Erzengel Raphael zu bekehrenden Ess\u00e4erf\u00fchrern: <em>\u201eAn den Namen Jesus, dh \u201eGotteskraft\u201c, haltet euch, und es m\u00fcssen Berge weichen vor euch und St\u00fcrme verstummen, vorausgesetzt, dass eurer Lebenswandel so ist, dass ihr diesen Namens w\u00fcrdig seid. Denn dies ist Gottes wahrhaftiger Name in Seiner Liebe von Ewigkeit, vor dem sich beugt im Himmel, auf Erden und unter der Erde!\u201c<\/em><\/p>\n\n\n\n<p>Ev. Bd. 5, Kap. 84<\/p>\n\n\n\n<p>Der geheilte Sohn eines armen, j\u00fcdischen Herbergswirtes erkl\u00e4rt seinem Vater, der in dem Heiland Jesus einen gro\u00dfen Propheten vermutet: <em>\u201eVater, die Propheten haben niemals&nbsp; gesagt:<\/em> \u201eIch will es, dass dieses oder jenes&nbsp; geschehe!\u201c, <em>sondern allzeit:\u201c Der Herr sagt es, und Seine Wille ist es!\u201c.<\/em><\/p>\n\n\n\n<p>Dieser Heiland aber sagte: <em>\u201cIch will es, dass du sehend und gerade werdest\u201c, und siehe, ich ward ihm Augenblick sehend und&nbsp; gerade. Daher muss der Heiland Jesus offenbar mehr als ein Prophet sein! &#8230;.und ich werde mich nicht irren, wenn ich behaupte, dass in Ihm der so oft verhei\u00dfene und von allen wahren Juden mit gr\u00f6\u00dfter Sehnsucht erwartete Erl\u00f6ser gekommen ist!\u201c<\/em><\/p>\n\n\n\n<p>Ev. Bd. Kap 143, 14-19<\/p>\n\n\n\n<p>Jesus: \u201e<em>Dieser Mein Leib, ist die verherrlichte Gestalt des Vaters der Menschen und Engel wegen, damit Ich ihnen ein begreiflicher und schaubarer Gott bin; und ihr k\u00f6nnet Mich nun schauen, h\u00f6ren und sprechen und doch leben dabei; w\u00e4hrend es ehedem hie\u00df, dass Gott niemand sehen und dabei leben k\u00f6nne!\u201c<\/em><\/p>\n\n\n\n<p>Ev. Bd. 8, Kap 27,3<\/p>\n\n\n\n<p>Jesus: <em>\u201eIn Mir betritt der Geist Gottes nun zum ersten Male diese Erde! Das ist derselbe Geist, von dem alle Urv\u00e4ter, alle alten Weisen und Propheten in ihren reinen Gesichtern geweissagt haben!\u201c<\/em><\/p>\n\n\n\n<p>Ev. Bd. 2, Kap.109,7<\/p>\n\n\n\n<p>Ein Engel im Jenseits: <em>\u201eSollte es dem Gott, aus dem jedes durch Zeit und Raum begrenztes Wesen hervorging, wohl unm\u00f6glich sein, ohne Verlust Seiner g\u00f6ttlichen Allmacht, aus Liebe zu uns, Seinen Gesch\u00f6pfen, Seinen Kindern, sich selbst in Zeit und Raum einzuschr\u00e4nken, da doch Zeit wie Raum aus Ihm hervorgehen?!\u201c<\/em><\/p>\n\n\n\n<p>Bruder Martin; Kap. 32,24<\/p>\n\n\n\n<p>Ein erleuchteter Ober\u00e4gypter, bezeugt im Schauen und Erkennen des Herrn: <em>\u201e\u2026nie hatte eines Gesch\u00f6pfes Auge seinen unendlichen und ewigen Sch\u00f6pfer geschaut! &#8211; &#8211; Aber jetzt, da&nbsp; es Ihm nach Seinem ewigen Ratschluss gefallen hat, sich selbst in Seiner ganzen ewigen Wesenheit Seinen Gesch\u00f6pfen schau- und begreifbar zu machen, ist er, der Ewige, Unendliche, ohne Ver\u00e4nderung Seiner Macht und Gr\u00f6\u00dfe, als schaubarer Gott in Menschengestalt unter euch, ihr sehet und redet mit Ihm &#8211; -und begreift es dennoch nicht, wen ihr in&nbsp; eurer Mitte habt!\u201c<\/em><\/p>\n\n\n\n<p>Ev. Bd. 7; Kap. 138,8<\/p>\n\n\n\n<p>Der Jesusknabe im Tempel zu Jerusalem zeugt verh\u00fcllt vor den Priestern und Schriftgelehrten von sich selbst: <em>\u201eDas Jesuskind hat nie lesen und schreiben gelernt und dennoch gibt es keine Schrift der Welt, die es nicht lesen k\u00f6nnte. Er schreibt in allen Zungen, ist bewandert in allen K\u00fcnsten und hat eine Kraft, vor der die Berge zittern und die m\u00e4chtigsten Zedern sich bis zur Erde beugen und sogar Sonne, Mond und Sterne gehorchen Seinem Willen!\u201c<\/em><\/p>\n\n\n\n<p>Drei Tage im Tempel; Kap. 5;&nbsp; 17-18<\/p>\n\n\n\n<p>Der im Jenseits zum Licht gelangte einstige M\u00f6nch Thomas: \u201e<em>Jesus, der Gekreuzigte, ist nicht nur der Sohn des lebendigen, allm\u00e4chtigen Gottes, sondern Gott der Allm\u00e4chtige, selbst in aller F\u00fclle der urewigen Allmacht und Allkraft! Durch Ihn und in Ihm ist allein das Heil und das wahre, ewige Leben zu finden und zu haben!\u201c<\/em><\/p>\n\n\n\n<p>Robert Blum; Bd. 1; Kap. 129,5<\/p>\n\n\n\n<p>Jesus, der Herr, in einem Schreiben an den f\u00fcr seinen todkranken Sohn um Hilfe flehenden F\u00fcrsten Abgarus Ukkama in Edessa: <em>\u201eSiehe, Ich der Herr von Ewigkeit, nun ein Lehrer der Menschen und ein Befreier vom ewigen Tode, werden deinem Sohn das ewige Leben schenken vor Meiner Auffahrt, da er Mich, ungesehen ungekannt, vor Meinem bevorstehenden Leiden f\u00fcr alle Menschen &#8211; -aus seinem ganzen Herzen geliebt hat!\u201c<\/em><\/p>\n\n\n\n<p>Briefwechsel II; Antw. Abs. 2<\/p>\n\n\n\n<p>Der Herr Jesus in einem Schreiben an den F\u00fcrsten Abgarus Ukkama in Edessa: <em>\u201eSiehe, h\u00f6re und schweige: Ich allein bin der Herr und au\u00dfer Mir ist keiner mehr! Darum tue Ich frei, was ich tue. Und niemand kann zu Mir sagen: Tue das oder tue das nicht!\u201c<\/em><\/p>\n\n\n\n<p>Briefwechsel II; Antw. Abs.4<\/p>\n\n\n\n<p>Der erleuchtete F\u00fcrst Abgarus Ukkama in Edessa bezeugt im Feuer des Geistes: <em>\u201eBist Du, oh Herr als dass Urlicht und die ewige Urkraft, auch hier auf dieser Erde, die Du mit einem Hauche verwehen k\u00f6nntest, wie ein ganz einfacher Mensch unter den Menschen, so regierest und erh\u00e4ltst Du dennoch aus Deinem innersten Gottwesen die ganze Unendlichkeit! Und jeder Staub der Erde, jeder Tropfen im Meere, die Sonne, der Mond und alle zahllosen Sterne gehorchen der Allmachtstimme Deines Herzens, das da der ewige Mittelpunkt aller Dinge und Wesen in der ganzen Unendlichkeit ist.\u201c<\/em><\/p>\n\n\n\n<p>Briefwechsel V; Abs. 3<\/p>\n","protected":false},"excerpt":{"rendered":"<p>Aus Dr. Walter Lutz \u201eNeuoffenbarung\u201c Teil 1; &nbsp;aus J. Lorber-Verlag Bietigheim; Evangelium Band 1-11; Geistige Sonne; Robert Blum; Laodizenerbriefe Evangelist Johannes in der geistigen Welt: \u201eSaget ihr \u201eGOTT\u201c, so nennet ihr zwar auch das allerh\u00f6chste Wesen, aber ihr nennt es in Seiner Unendlichkeit, da es erf\u00fcllt das unendliche All und wirkt mit Seiner unendlichen Kraft [&hellip;]<\/p>\n","protected":false},"author":1,"featured_media":0,"parent":0,"menu_order":0,"comment_status":"closed","ping_status":"closed","template":"","meta":{"zakra_sidebar_layout":"customizer","zakra_remove_content_margin":false,"zakra_sidebar":"customizer","zakra_transparent_header":"customizer","zakra_logo":0,"zakra_main_header_style":"default","zakra_menu_item_color":"","zakra_menu_item_hover_color":"","zakra_menu_item_active_color":"","zakra_menu_active_style":"","zakra_page_header":true,"footnotes":""},"class_list":["post-49","page","type-page","status-publish","hentry"],"_links":{"self":[{"href":"https:\/\/jesusworte-fuer-die-endzeit.com\/WP\/wp-json\/wp\/v2\/pages\/49","targetHints":{"allow":["GET"]}}],"collection":[{"href":"https:\/\/jesusworte-fuer-die-endzeit.com\/WP\/wp-json\/wp\/v2\/pages"}],"about":[{"href":"https:\/\/jesusworte-fuer-die-endzeit.com\/WP\/wp-json\/wp\/v2\/types\/page"}],"author":[{"embeddable":true,"href":"https:\/\/jesusworte-fuer-die-endzeit.com\/WP\/wp-json\/wp\/v2\/users\/1"}],"replies":[{"embeddable":true,"href":"https:\/\/jesusworte-fuer-die-endzeit.com\/WP\/wp-json\/wp\/v2\/comments?post=49"}],"version-history":[{"count":1,"href":"https:\/\/jesusworte-fuer-die-endzeit.com\/WP\/wp-json\/wp\/v2\/pages\/49\/revisions"}],"predecessor-version":[{"id":50,"href":"https:\/\/jesusworte-fuer-die-endzeit.com\/WP\/wp-json\/wp\/v2\/pages\/49\/revisions\/50"}],"wp:attachment":[{"href":"https:\/\/jesusworte-fuer-die-endzeit.com\/WP\/wp-json\/wp\/v2\/media?parent=49"}],"curies":[{"name":"wp","href":"https:\/\/api.w.org\/{rel}","templated":true}]}}