{"id":47,"date":"2025-03-31T11:38:40","date_gmt":"2025-03-31T09:38:40","guid":{"rendered":"https:\/\/jesusworte-fuer-die-endzeit.com\/WP\/?page_id=47"},"modified":"2025-03-31T11:38:40","modified_gmt":"2025-03-31T09:38:40","slug":"jesus-die-dreieinigkeit-gottes","status":"publish","type":"page","link":"https:\/\/jesusworte-fuer-die-endzeit.com\/WP\/jesus-die-dreieinigkeit-gottes\/","title":{"rendered":"Jesus &#8211; die Dreieinigkeit Gottes"},"content":{"rendered":"\n<figure class=\"wp-block-image size-large\"><img loading=\"lazy\" decoding=\"async\" width=\"1024\" height=\"683\" src=\"https:\/\/jesusworte-fuer-die-endzeit.com\/WP\/wp-content\/uploads\/2025\/03\/dawn-8412840_1920-1024x683.jpg\" alt=\"\" class=\"wp-image-27\" srcset=\"https:\/\/jesusworte-fuer-die-endzeit.com\/WP\/wp-content\/uploads\/2025\/03\/dawn-8412840_1920-1024x683.jpg 1024w, https:\/\/jesusworte-fuer-die-endzeit.com\/WP\/wp-content\/uploads\/2025\/03\/dawn-8412840_1920-300x200.jpg 300w, https:\/\/jesusworte-fuer-die-endzeit.com\/WP\/wp-content\/uploads\/2025\/03\/dawn-8412840_1920-768x512.jpg 768w, https:\/\/jesusworte-fuer-die-endzeit.com\/WP\/wp-content\/uploads\/2025\/03\/dawn-8412840_1920-1536x1024.jpg 1536w, https:\/\/jesusworte-fuer-die-endzeit.com\/WP\/wp-content\/uploads\/2025\/03\/dawn-8412840_1920.jpg 1920w\" sizes=\"auto, (max-width: 1024px) 100vw, 1024px\" \/><\/figure>\n\n\n\n<p>Direkte Kundgaben an ausgew\u00e4hlte Medien; Neuoffenbarung am Anfang des 3. Jahrtausends&nbsp; Dr.W. Lutz Nr.1<a><\/a>; Lorberwerk Bietigheim<\/p>\n\n\n\n<p>Jesus: \u201e<em>Ich, wie ihr Mich nun als Gottmenschen unter euch sehet, bin mit Meiner ganzen Urzentralwesenheit vollkommen und ungeteilt unter euch hier in diesem Speisesaal auf dem \u00d6lberg und befinde Mich darum als wahrer Gott und Mensch zugleich nirgends anderswo, weder auf dieser Erde noch auf einer anderen; aber durch die von Mir ausgehende Kraft, die da ist der Heilige Geist, erf\u00fclle Ich wirkend dennoch alle Himmel und den irdisch-materiellen und endlosen Raum.<\/em><\/p>\n\n\n\n<p><em>Ich sehe da alles vom Gr\u00f6\u00dften bis zum Kleinsten, wei\u00df um alles, verordne, schaffe, leite und regiere alles.\u201c<\/em><\/p>\n\n\n\n<p>Ev. Bd. 8; Kap. 27,4<\/p>\n\n\n\n<p>Jesus: <em>\u201eWenn unter dem Namen \u201eVater, Sohn, und Heiliger Geist\u201c nicht ein f\u00fcr sich bestehender, einwesiger Gott zu verstehen w\u00e4re, und man stattdessen einen von dem Vater unterschiedenen Sohn und ebenso einen unterschiedenen Heiligen Geist annehmen m\u00fcsste,-was f\u00fcr einen Gott wohl m\u00fcsste dann der Vater sein?! \u2013 K\u00f6nnet ihr euch wohl vorstellen, dass der Vater alt geworden sei, sich zur Ruhe setzen&nbsp; wolle und darum nun einem Ihm gleich allm\u00e4chtigen Sohne und einem gleich allm\u00e4chtigen Heiligen Geiste die ganze Regierung \u00fcbergeben und sich selbst abgedankt habe?!\u201c<\/em><\/p>\n\n\n\n<p>Ev. Bd. 8; Kap. 26,7 und 10<\/p>\n\n\n\n<p>Jesus: <em>\u201eIch bin als nun ein Mensch im Fleisch unter euch der Sohn und bin niemals von einem anderen als von Mir Selbst gezeugt und darum Mein eigener Vater von Ewigkeit. Wo anders k\u00f6nnte da der Vater sein als nur im Sohne und wo anders der Sohn als im Vater, also ein Gott \u2013 Sohn und Vater \u2013 in einer Person! \u2013Ich bin also durchg\u00e4ngig Gott;&nbsp; in Mir ist der Vater und die von Mir nach Meiner Liebe, Weisheit und nach Meinem allm\u00e4chtigen Willen ausgehende Kraft, die den ewig endlosen Raum allenthalben erf\u00fcllt und \u00fcberall wirkt, ist der Heilige Geist. &nbsp;<\/em><\/p>\n\n\n\n<p><em>Wenn ihr nun solches wisset aus Meinem Munde, so werdet ihr auch verstehen, aus welchem Grunde ihr die Menschen, die an Mich glauben und nach Meiner ihnen bekanntgemachten Lehre handeln, im Namen des Vaters, des Sohnes und des Heiligen Geistes durch die Auflegung der H\u00e4nde st\u00e4rken sollet!\u201c<\/em><\/p>\n\n\n\n<p>Ev. Bd. Kap. 27;&nbsp; 2,3 und 5<\/p>\n\n\n\n<p>Jesus: <em>\u201eDie Schrift der Propheten sagt und erkl\u00e4rt, dass Ich, Jesus Christus, auch Menschensohn genannt, der wahre Gott sei, obschon Gott unter verschiedenen Namen, wie Vater, Sohn und Geist, bezeichnet wird, &#8211; Gott ist nur eine pers\u00f6nliche Herrlichkeit in der vollkommensten Form eines Menschen!<\/em><\/p>\n\n\n\n<p><em>Wie aber beim Menschen die Seele, ihr Au\u00dfenleib und ihr innerster Geist so geeint sind, dass sie nur ein Wesen oder gewisserart nur eine individuelle Substanz ausmachen, unter sich aber doch ein wohlunterscheidbares Drei sind, ebenso geeint sind&nbsp; Vater, Sohn und Geist.\u201c<\/em><\/p>\n\n\n\n<p>Ev. Bd. 8; Kap; 25, 14 \u2013 15<\/p>\n\n\n\n<p>Johannes im Gespr\u00e4ch mit Petrus: <em>\u201eIn Jesus wohnt die F\u00fclle der Gottheit k\u00f6rperlich! Als den Sohn, der aber keine andere Pers\u00f6nlichkeit ist und sein kann, erkenne ich nur Seinen Leib insoweit, als er ein Mittel zum Zwecke ist; aber im ganzen ist er dennoch identisch mit der in aller F\u00fclle in ihm wohnenden Gottheit. \u2013 Ist denn mein Leib eine andere Pers\u00f6nlichkeit als meine Seele? Machen denn nicht beide einen Menschen aus, obschon im Anfang meines Seins die Seele diesen Leib erst ausbilden musste?<\/em><\/p>\n\n\n\n<p><em>Man kann daher wohl sagen, dass der Leib ein Sohn der Seele ist, aber darum macht er keine zweite Pers\u00f6nlichkeit aus! Und noch weniger kann man das von dem Geiste in der Seele sagen; denn was w\u00e4re eine Seele ohne den g\u00f6ttlichen Geist in ihr!? Sie wird ja erst ein vollkommener Mensch durch ihn, so er sie ganz durchdrungen hat. Da ist dann Geist, Seele und Leib vollkommen ein und dieselbe Pers\u00f6nlichkeit!&#8220;<\/em><\/p>\n\n\n\n<p>Zudem steht geschrieben: <em>\u201eGott schuf die Menschen vollkommen nach Seinem Ebenma\u00dfe\u201c<\/em><\/p>\n\n\n\n<p>Ev.Bd.4; Kap. 88,1-11<\/p>\n\n\n\n<p>Petrus: <em>\u201eWer und was ist der Heilige Geist?\u201c<\/em><\/p>\n\n\n\n<p>Antwort Jesu: <em>\u201eDer Vater, Ich als Sohn und der Heilige Geist sind unscheidbar eines und dasselbe von Ewigkeit. Der Vater in Mir ist die ewige Liebe und als solche der Urgrund und die Ursubstanz aller Dinge in der ganzen Unendlichkeit. \u2013 Ich als Sohn bin das Licht oder die Weisheit, die aus dem Feuer der ewigen Liebe hervorgeht\u2026damit aber\u2026. alles gemacht werden kann, dazu geh\u00f6rt noch der allm\u00e4chtige Wille Gottes, und das ist eben der Heilige Geist in Gott, durch den die Werke und Wesen ihr volles Dasein bekommen.- Und sehet, das alles ist nun in Mir: Liebe, Weisheit und Allmacht. Somit gibt es nur einen Gott und der BIN ICH!<\/em><\/p>\n\n\n\n<p><em>Ich habe nur darum&nbsp; hier einen Leib angenommen, um Mich euch Menschen, die Ich v\u00f6llig nach Meinem Ebenma\u00dfe erschaffen habe, in eurer Gestalt n\u00e4her offenbaren zu k\u00f6nnen.\u201c<\/em><\/p>\n\n\n\n<p>Ev. Bd.6; Kap. 229 und Kap. 230, 2-6<\/p>\n\n\n\n<p>Evangelist Markus zu katholischen Seelen im Geisterreich: <em>&#8222;In Jesus hat wirklich&nbsp; die Weisheit Gottes, als sein ewiges Wort aus der ewigen Liebe hervorgehend, das Fleisch angenommen und hie\u00df Gottes Sohn, welches ebenso viel besagt wie: Die Weisheit ist die Frucht der Liebe und geht aus ihr hervor wie das Licht aus der W\u00e4rme.&#8220;<\/em><\/p>\n\n\n\n<p>Und die sichtbare Gestalt des Geistes Gottes (Taube) \u00fcber dem Sohne bezeichnete erstaunlich, dass die ewige, unendliche Kraft Gottes zwar ebenso wie die Weisheit aus der Liebe hervorgeht, aber dennoch durch die Wahrheit wirkt.<\/p>\n\n\n\n<p>Geistige Sonne Bd.1; Kap.51, 21-23<\/p>\n\n\n\n<p>Evangelist Markus zu lichtsuchenden M\u00f6nchen in der geistigen Welt: <em>\u201eJesus Christus ist der alleinige Gott und Herr aller Himmel und Welten.<\/em><\/p>\n\n\n\n<p><em>Er ist in sich allein Seiner ewigen, unendlichen Liebe zufolge der Vater und Seiner unendlichen Weisheit zufolge der Sohn und Seiner allm\u00e4chtigen, unantastbaren Heiligkeit zufolge der Heilige Geist selbst, wie Er es selber von sich ausgesagt hat, dass Er und der Vater eines sind und wer ihn sieht , auch den Vater sehe; und Er hat es selber gezeigt, dass der Heilige Geist von Ihm ausgeht, als er Seine Apostel anhauchte und zu ihnen sprach: Nehmet hin den Heiligen Geist!<\/em><\/p>\n\n\n\n<p><em>Sto\u00dfet euch nicht an dem Text, da es hei\u00dft:<\/em> \u201eDer Vater ist mehr als der Sohn: &#8211; denn solches besagt, dass die Liebe, als der Vater, in sich das Grundwesen Gottes ist, und aus ihr gehet hervor ewig das Licht und der ewig m\u00e4chtige Geist.\u201c<\/p>\n\n\n\n<p>Geistige Sonne, Bd.1; Kap. 74,15 und 17<\/p>\n\n\n\n<p>Jesus zu gereiften J\u00fcngern: <em>\u201eDie&nbsp; endlose Herrlichkeit Gottes hat nicht die Macht, andere, Ihr v\u00f6llig gleiche Gottheiten au\u00dfer sich zu erschaffen; denn k\u00f6nnte sie das, m\u00fcsste sie au\u00dferhalb&nbsp; des einen unendlichen Raumes noch mehrere ebenso unendliche R\u00e4ume erschaffen, was jeder helldenkende Mensch f\u00fcr baren Unsinn ansehen muss\u2026.<\/em><\/p>\n\n\n\n<p><em>Ihr k\u00f6nnt daraus klar ersehen, dass Ich, als nun im Menschenfleische wandelnd, kein zweiter, sondern ein und derselbe Gott bin, der Ich vor aller Kreatur von Ewigkeit her war und bleiben werde in Ewigkeit!\u201c<\/em><\/p>\n\n\n\n<p>Ev. Bd. 8, 26, 2-3<\/p>\n\n\n\n<p>Ein zweifelnder M\u00f6nch im Jenseits h\u00f6rt die himmlischen Offenbarungsworte: <em>\u201eJesus, der Gekreuzigte, ist allein Gott \u00fcber alle Himmel und \u00fcber alles, was den unendlichen Raum erf\u00fcllt. Er allein ist der Ursch\u00f6pfer aller Dinge, aller Engel, Menschen und aller Materie.<\/em><\/p>\n\n\n\n<p><em>An diesen Jesus wende dich im Herzen wahrhaftig und getreu und liebe Ihn, der dich so sehr liebt und liebte, dass Er aus Liebe zu dir wie zu allen Menschen die Menschennatur annahm und des Leibes bittersten Tod \u00fcber sich kommen lie\u00df, auf dass dir und allen Menschen ein ewiges Leben erm\u00f6glicht werden m\u00f6chte!\u201c<\/em><\/p>\n\n\n\n<p>Robert Blum; Bd. 1; Kap. 126, 1-2<\/p>\n\n\n\n<p>Jesus: <em>\u201cDer Vater in Mir ist gleich dem innersten Feuer der Sonne, und Ich, der Sohn, bin das&nbsp; aus dem Grundzentralfeuer stets hervorgehende Licht, durch das alles was da erschaffen&nbsp; ward, lebt und besteht. Also bin Ich, der Sohn in Meinem gegenw\u00e4rtigen Sein das \u00c4u\u00dfere und das Auswirkende des innersten Vaters in Mir und es ist sonach alles des Vaters Mein \u2013 und wiederum alles Meine des Vater; Ich und der Vater m\u00fcssen daher notwendig vollkommen eins sein, nur mit dem Unterschiede, dass in dem innersten Feuer stets ein tieferes Wissen und Erkennen vorhanden ist als in dem \u00e4u\u00dferen Lichte, das von dem innersten Feuer stets nur in dem Grad erregt wird, wie es n\u00f6tig ist!\u201c<\/em><\/p>\n\n\n\n<p>Ev. Bd. 4, Kap: 252, 14<\/p>\n\n\n\n<p>Jesus zu dem weltweisen Denker Philopold: <em>\u201eDie Einigung des Menschen Jesu mit Gott wird bewirkt durch Meine unendliche Liebe zum Gottgeist in Mir und Seine gleich unermessliche Liebe zu Mir, dem Sohne!<\/em><\/p>\n\n\n\n<p><em>Also bin Ich und der Vater eine Liebe, eine Weisheit, ein Wille, ein Leben und eine Macht, au\u00dfer der es in der ganzen ewigen Unendlichkeit keine mehr gibt und geben kann. Ich bin daher durch Mein Menschliches ebenso in der Zeit und im Raum, wie auch durch Mein G\u00f6ttliches au\u00dfer Zeit und Raum!\u201c<\/em><\/p>\n\n\n\n<p>Ev. Bd. 6; kap. 31, 7-8<\/p>\n\n\n\n<p><em>Jesus zu Maria Magdalena: \u201eDer Vater, der Mich als einen Menschensohn in diese Welt gesandt hat, ist in Mir. Ich und Er sind sind aber nicht Zwei, sondern eins; des Vaters Wille ist sonach auch Mein Wille und wirkt allenthalben. Den Vater f\u00fcr sich kann kein Mensch sehen; aber wer Mich sieht und h\u00f6rt, der sieht und h\u00f6rt auch den Vater; denn Ich als Vater habe Mich durch Meinen Wille selbst in diese Welt gesandt.<\/em><\/p>\n\n\n\n<p><em>&nbsp;Darin wohl euch, die ihr an Mich glaubet; denn wer an Mich glaubt, der glaubt auch an den Vater, der Mich gesandt hat und er wird ihm darum geben das ewige Leben!\u201c<\/em><\/p>\n\n\n\n<p>Ev. Bd. 8; Kap. 158, 15-19<\/p>\n\n\n\n<p>Jesus: <em>\u201eWahrlich Ich sage euch: Wo ich rede und wirke, da redet und wirket Mein Geist, der da ist Gott, der Vater in Ewigkeit und nicht diese Meine leibliche Person, die erst aufgel\u00f6st werden muss, um v\u00f6llig in des Vaters Herrlichkeit einzugehen.\u201c<\/em><\/p>\n\n\n\n<p>Ev. Bd. 8, Kap. 163,6<\/p>\n","protected":false},"excerpt":{"rendered":"<p>Direkte Kundgaben an ausgew\u00e4hlte Medien; Neuoffenbarung am Anfang des 3. Jahrtausends&nbsp; Dr.W. Lutz Nr.1; Lorberwerk Bietigheim Jesus: \u201eIch, wie ihr Mich nun als Gottmenschen unter euch sehet, bin mit Meiner ganzen Urzentralwesenheit vollkommen und ungeteilt unter euch hier in diesem Speisesaal auf dem \u00d6lberg und befinde Mich darum als wahrer Gott und Mensch zugleich nirgends [&hellip;]<\/p>\n","protected":false},"author":1,"featured_media":0,"parent":0,"menu_order":0,"comment_status":"closed","ping_status":"closed","template":"","meta":{"zakra_sidebar_layout":"customizer","zakra_remove_content_margin":false,"zakra_sidebar":"customizer","zakra_transparent_header":"customizer","zakra_logo":0,"zakra_main_header_style":"default","zakra_menu_item_color":"","zakra_menu_item_hover_color":"","zakra_menu_item_active_color":"","zakra_menu_active_style":"","zakra_page_header":true,"footnotes":""},"class_list":["post-47","page","type-page","status-publish","hentry"],"_links":{"self":[{"href":"https:\/\/jesusworte-fuer-die-endzeit.com\/WP\/wp-json\/wp\/v2\/pages\/47","targetHints":{"allow":["GET"]}}],"collection":[{"href":"https:\/\/jesusworte-fuer-die-endzeit.com\/WP\/wp-json\/wp\/v2\/pages"}],"about":[{"href":"https:\/\/jesusworte-fuer-die-endzeit.com\/WP\/wp-json\/wp\/v2\/types\/page"}],"author":[{"embeddable":true,"href":"https:\/\/jesusworte-fuer-die-endzeit.com\/WP\/wp-json\/wp\/v2\/users\/1"}],"replies":[{"embeddable":true,"href":"https:\/\/jesusworte-fuer-die-endzeit.com\/WP\/wp-json\/wp\/v2\/comments?post=47"}],"version-history":[{"count":1,"href":"https:\/\/jesusworte-fuer-die-endzeit.com\/WP\/wp-json\/wp\/v2\/pages\/47\/revisions"}],"predecessor-version":[{"id":48,"href":"https:\/\/jesusworte-fuer-die-endzeit.com\/WP\/wp-json\/wp\/v2\/pages\/47\/revisions\/48"}],"wp:attachment":[{"href":"https:\/\/jesusworte-fuer-die-endzeit.com\/WP\/wp-json\/wp\/v2\/media?parent=47"}],"curies":[{"name":"wp","href":"https:\/\/api.w.org\/{rel}","templated":true}]}}