{"id":38,"date":"2025-03-31T11:14:28","date_gmt":"2025-03-31T09:14:28","guid":{"rendered":"https:\/\/jesusworte-fuer-die-endzeit.com\/WP\/?page_id=38"},"modified":"2025-03-31T11:18:57","modified_gmt":"2025-03-31T09:18:57","slug":"jesus-christi-geburt","status":"publish","type":"page","link":"https:\/\/jesusworte-fuer-die-endzeit.com\/WP\/jesus-christi-geburt\/","title":{"rendered":"Jesus Christi Geburt"},"content":{"rendered":"\n<figure class=\"wp-block-image size-large\"><img loading=\"lazy\" decoding=\"async\" width=\"1024\" height=\"597\" src=\"https:\/\/jesusworte-fuer-die-endzeit.com\/WP\/wp-content\/uploads\/2025\/03\/nature-2608000_1920-1024x597.jpg\" alt=\"\" class=\"wp-image-32\" srcset=\"https:\/\/jesusworte-fuer-die-endzeit.com\/WP\/wp-content\/uploads\/2025\/03\/nature-2608000_1920-1024x597.jpg 1024w, https:\/\/jesusworte-fuer-die-endzeit.com\/WP\/wp-content\/uploads\/2025\/03\/nature-2608000_1920-300x175.jpg 300w, https:\/\/jesusworte-fuer-die-endzeit.com\/WP\/wp-content\/uploads\/2025\/03\/nature-2608000_1920-768x448.jpg 768w, https:\/\/jesusworte-fuer-die-endzeit.com\/WP\/wp-content\/uploads\/2025\/03\/nature-2608000_1920-1536x895.jpg 1536w, https:\/\/jesusworte-fuer-die-endzeit.com\/WP\/wp-content\/uploads\/2025\/03\/nature-2608000_1920.jpg 1920w\" sizes=\"auto, (max-width: 1024px) 100vw, 1024px\" \/><\/figure>\n\n\n\n<p class=\"has-medium-font-size\"><em><strong>\u201eIch, Jesus Christus habe aus gro\u00dfer Liebe zu Meinen Kindern auf dieser Erde, ausgew\u00e4hlten, Mir voll ergebenen Schreibmedien, insbesonders seit 1840 (dem Beginn der technischen Entwicklung) bis heute, genaue Details Meines Lebens \u00fcbermittelt. Dies war notwendig, weil vieles in den alten Schriften, nicht mit den tats\u00e4chlichen Ereignissen \u00fcbereinstimmt.\u201c<\/strong><\/em><\/p>\n\n\n\n<p class=\"has-white-color has-text-color has-link-color wp-elements-a99ef12e5b903b9bf2b7e95ba254939a\">jesusworte<\/p>\n\n\n\n<p class=\"has-vivid-red-color has-text-color has-link-color wp-elements-daa6e42f1aafdd951b4fda423cb2f49a\"><strong>Geburtsdatum, Todeszeitpunkt<\/strong><\/p>\n\n\n\n<p><em>&#8222;Zu allen Zeiten gab es \u00c4nderungen in der gesamten Konzeption Meines Kommens auf die Erde, je nach Religion, Land und Sitte.<\/em><\/p>\n\n\n\n<p><em>Alle Daten stimmen nicht \u00fcberein mit der wahrhaftigen, physischen Geburt, die ICH \u00fcber Meine innig geliebte Mutter Maria erlebte. Das irdische Geburtsdatum ist der 3. September 3996. Der Todestag am Kreuz: 30. M\u00e4rz 0024<\/em><\/p>\n\n\n\n<p><em>Ihr habt auch Schaltjahre, die alle 4 Jahre auftreten. Jedoch zur Zeit als ICH auf dieser Erde geboren wurde, hat es noch weitere Schaltjahre mehr und auch Schaltmonate gegeben.&#8220;<\/em><\/p>\n\n\n\n<p>Nachfolgende Textstellen aus \u201eDas Jakobusevangelium \u201eKindheit und Jugend Jesu\u201c<\/p>\n\n\n\n<p class=\"has-vivid-red-color has-text-color has-link-color wp-elements-cda6c94e07d4c70d64171d32240122d2\"><strong>Maria<\/strong><\/p>\n\n\n\n<p><em>&#8222;Maria, die im Tempel auferzogen ward, ist reif geworden und es war nach dem Mosaischen Gesetzes not, sie aus dem Tempel zu geben. Es wurden darum Boten in ganz Jud\u00e4a ausgesandt, solches zu verk\u00fcnden, auf dass die V\u00e4ter k\u00e4men, um, so jemand als w\u00fcrdig befunden w\u00fcrde, das M\u00e4gdlein zu nehmen in sein Haus.&#8220;<\/em><\/p>\n\n\n\n<p class=\"has-vivid-red-color has-text-color has-link-color wp-elements-6ac9c09c1e8478a3e2a462e957c97bbe\"><strong>Verlosung Marias im Tempel<\/strong><\/p>\n\n\n\n<p><em>&#8222;Jeder der Abkommens Davids erhielt einen frischen Lilienstab. Dann ging der Priester mit den St\u00e4ben in das Innere des Tempels und betete dort.<\/em><\/p>\n\n\n\n<p><em>Nur der Lilienstab von Josef blieb frisch. 2. Probe: der Priester gab Maria eine Taube in die Hand und behie\u00df sie zu treten in die Mitte der Bewerber. Die Taube flog alsbald zu Joseph hin, lie\u00df sich auf seinen Lilienstab nieder und von demselben auf das Haupt Josephs.&#8220;<\/em><\/p>\n\n\n\n<p class=\"has-vivid-red-color has-text-color has-link-color wp-elements-0709f4952376db162b96a7b1f0173a19\"><strong>Joseph<\/strong><\/p>\n\n\n\n<p>Joseph war Zimmermann, \u00fcber 70 Jahre alt, Witwer und hatte 5 S\u00f6hne. Er sprach zum Priester: <em>\u201eIch bin schon ein Greis und habe erwachsene S\u00f6hne zu Hause und bin seit lange her schon ein Witwer; wie werde ich doch zum Gesp\u00f6tte werden vor den S\u00f6hnen Israels, so ich dies M\u00e4gdlein nehme in mein Haus.&#8220;<\/em><\/p>\n\n\n\n<p>Priester: <em>\u201eJoseph! F\u00fcrchte Gott den Herrn\u201c<\/em><\/p>\n\n\n\n<p class=\"has-vivid-red-color has-text-color has-link-color wp-elements-3c37df7be0d82d39e3e60163632828e5\"><strong>Marias Schwangerschaft<\/strong><\/p>\n\n\n\n<p><em>&#8222;An einem Freitage morgens ging Maria mit&nbsp; einen&nbsp; Wasserkrug um ihn mit Wasser zu f\u00fcllen. Eine Stimme sprach zu ihr: \u201eGegr\u00fc\u00dfet seist du, an der Gnade des Herrn Reiche!.<\/em><\/p>\n\n\n\n<p><em>Maria ward von einem lichten \u00c4therhauch angeweht.<\/em> \u201eMaria du hast empfangen, und der Herr ist mit dir\u201c!&#8220;<\/p>\n\n\n\n<p class=\"has-vivid-red-color has-text-color has-link-color wp-elements-9d7d7093c65eddd3bd8f5d34d3ab116f\"><strong>Verhaftung Josephs, Todesurteil und Rechtfertigung durch ein Gottesurteil<\/strong><\/p>\n\n\n\n<p>Joseph und Maria mussten das Fluchwasser Gottes des Herrn trinken und wurden nach dem Gesetze in einem bekannten Gebirge ausgesetzt.<\/p>\n\n\n\n<p>Nach drei Tagen kamen beide unversehrt zur\u00fcck. Hohepreister: \u201eSo Gott der Herr eure S\u00fcnde nicht hat offenbar machen wollen, da will auch ich euch nicht richten, sondern spreche euch f\u00fcr schuldlos und ledig\u201c.<\/p>\n\n\n\n<p class=\"has-vivid-red-color has-text-color has-link-color wp-elements-85603d0722551c7802bb3680a914f60e\"><strong>Meine Geburt<\/strong><\/p>\n\n\n\n<p><em>&#8222;Mein Sch\u00f6pfungsprinzip, dass ICH gerade im Kleinsten am gr\u00f6\u00dften bin und gerade im Kleinsten als m\u00e4chtiger Sch\u00f6pfer und Herr dastehe, war der Grund, warum Ich einen der kleinsten Weltk\u00f6rper w\u00e4hlte.<\/em><\/p>\n\n\n\n<p><em>So war es bestimmt, dass die Volksz\u00e4hlung durch Herodes anbefohlen wurde und Ich nicht in einem von Menschen erbauten Haus, sondern in Meinem Haus, d.h. unter freiem Himmel in einer H\u00f6hle das Licht der Welt erblickte.<\/em><\/p>\n\n\n\n<p><em>Zeugen Meiner Geburt waren nicht Kaiser und K\u00f6nige, nicht einmal gew\u00f6hnliche Menschen, sondern nur Tiere, Gesch\u00f6pfe, die nicht verdorben, das waren, wozu Ich sie erschaffen habe. Die Volksz\u00e4hlung musste dazu beitragen, dass Maria sich zur Reise nach Bethlehem aufmachte. Auch musste gerade der grausame Herodes als Landpfleger oder Vierf\u00fcrst in Jerusalem herrschen, um Meine fernere Erziehung und Meinen sp\u00e4teren Lebenslauf zu erschweren.&#8220;<\/em><\/p>\n\n\n\n<p class=\"has-vivid-red-color has-text-color has-link-color wp-elements-9f7e7a1db5c6cc1cdc32720318af5cb9\"><strong>Stern von Bethlehem<\/strong><\/p>\n\n\n\n<p><em>&#8222;Der Stern war Ausdruck g\u00f6ttlichen Wirkens, des g\u00f6ttlichen Lichts und der Liebe Gottes. Als Ich durch Meine innig geliebte Mutter Maria das Licht der Welt erblickte, zeigte sich ein Stern mit zehn Strahlen am Firmament.<\/em><\/p>\n\n\n\n<p><em>Der Stern ist ein Komet. Der Komet wurde speziell in die Erdumlaufbahn gelenkt, um die Prophetie in Erf\u00fcllung zu bringen. Mit der Willenskraft vermag Ich, auch kurzfristige Ver\u00e4nderungen vorzunehmen. Gott ist an keine Schematas gebunden, dennoch hat alles seine Ordnung, ein System.<\/em><\/p>\n\n\n\n<p><em>Halley war es nicht, der den drei K\u00f6nigen den Weg zeigte.<\/em><\/p>\n\n\n\n<p><em>Der gleiche Komet, der meine Geburt anvisierte, wird auch die Erdumlaufbahn betreten, wann die gro\u00dfe Reinigung mit den Naturkatstrophen beginnen wird.&#8220;<\/em><\/p>\n\n\n\n<p class=\"has-vivid-red-color has-text-color has-link-color wp-elements-7a54c836a2941f100c164dcb7bade13a\"><strong>Die drei Weisen<\/strong><\/p>\n\n\n\n<p><em>&#8222;Die Weisen, diese 3 K\u00f6nige, waren Eingeweihte h\u00f6chstens Grades. Sie wanderten von Arabien nach Bethlehem, lange bevor Ich das Licht der Welt erblickte. Sie waren Magier, hellsehend, hellh\u00f6rend sowie hellempfindend.<\/em><\/p>\n\n\n\n<p><em>Die Namen der drei waren: Chaspara, Melcheor und Balthehasara.<\/em><\/p>\n\n\n\n<p><em><strong>Chaspara<\/strong> in Gesellschaft des Geistes Adams, Geschenk: goldgewirkte Beutel mit 33 Pfund feinstem Weihrauch. <strong>Melechesor<\/strong> (Mohjr) in Gesellschaft des Geistes Kains, Geschenk: Beutel mit reinstem Gold, 33 Pfund. <strong>Balthehasara,<\/strong> in Gesellschaft des Geistes Abrahams; Geschenk: Goldmyrrhe, 33 Pfund.<\/em><\/p>\n\n\n\n<p><em><strong>Gold:<\/strong> Gott sieht darin Gnade, die aus dem Herzen eures Sch\u00f6pfers zu euch flie\u00dft. Das Gold ist der K\u00f6rper, den Ich aus Gnade zu euch Menschen angenommen habe, um euch wieder die Br\u00fccke zu bauen in eure wahre Heimat.<\/em><\/p>\n\n\n\n<p><em><strong>Weihrauch:<\/strong> die D\u00fcfte, die von diesem Harz ausgehen, sollten hohe Engel- und Lichtwesen anziehen. Chaspara wollte zum Ausdruck bringen, dass Ich, als eingeborener Sohn Gottes, immer Zwiesprache mit Gottvater halte und in konstanter Verbindung mit der unsichtbaren, hohen Geisterwelt stehe.<\/em><\/p>\n\n\n\n<p><em><strong>Myrrhe:<\/strong> in ihr liegt der Wesenskern der Emotion. Der Emotionalbereich ist verbunden mit eurer Gef\u00fchlswelt, mit all dem, was nachher eine Seele- in Verbindung mit den Sinnespforten- beschatten k\u00f6nnte. Demzufolge muss auch die Myrrhe von euch als ein Geschenk gegeben werden.&#8220;<\/em><\/p>\n\n\n\n<p class=\"has-vivid-red-color has-text-color has-link-color wp-elements-9636cb582a1d6e48329aefa4af0d4f08\"><strong>Beschneidung von Jesus<\/strong><\/p>\n\n\n\n<p>Acht &nbsp;Tage nach der Geburt in der H\u00f6hle besorgte sich Joseph ein Turteltaubenpaar, um Jesus im Tempel von Jerusalem beschneiden zu lassen und es nach dem Gesetz zu opfern.<\/p>\n\n\n\n<p class=\"has-vivid-red-color has-text-color has-link-color wp-elements-6a3787494d8576e586ce5ed0437a09e8\"><strong>Flucht nach \u00c4gypten<\/strong><\/p>\n\n\n\n<p>Wegen des bevorstehenden Kindermordes durch Herodes, war die Hl. Familie gezwungen, die Flucht nach \u00c4gypten anzutreten. Die Kosten daf\u00fcr waren durch den Verkauf der Geschenke der Weisen aus Persien m\u00f6glich.<\/p>\n\n\n\n<p>Weil kein sicherer Weg von Pal\u00e4stina nach \u00c4gypten gegeben &nbsp;war, f\u00fchrte ihr dreit\u00e4giger Weg \u00fcber das St\u00e4dtchen Bostra, Stadt Panea, der Grenzstadt zwischen Pal\u00e4stina und Syrien, in die Provinz Ph\u00f6nizien, in die Gegend von Tyrus.<\/p>\n\n\n\n<p>Von dort kamen sie nach einer mehrt\u00e4gigen Schiffsreise nach Ostrazine in \u00c4gypten und verblieben dort drei Jahre.<\/p>\n\n\n\n<p class=\"has-vivid-red-color has-text-color has-link-color wp-elements-73c8f9149fb09c59fe516579586cea5a\"><strong>R\u00fcckkehr nach Nazareth<\/strong><\/p>\n\n\n\n<p>Nach dem Tod von Herodes, wurde sein Sohn&nbsp;Archelaus der neue K\u00f6nig und die Hl. Familie zog wieder zur\u00fcck nach Nazareth.<\/p>\n\n\n\n<p class=\"has-vivid-red-color has-text-color has-link-color wp-elements-4f16952f98009563c49e02ccc59de0d7\"><strong>Wunder bei der Geburt Jesus<\/strong><\/p>\n\n\n\n<p>Bei seiner Geburt geschahen au\u00dfergew\u00f6hnliche Dinge:<\/p>\n\n\n\n<p>Joseph: <em>\u201eAls ich hinaustrat und fortging, da war es mir, als ginge ich nicht! Ich sah den aufgehenden Vollmond und die Sterne im Aufgange wie im Niedergange und sah alles stand stille und der Mond verlie\u00df nicht den Rand der Erde und die Sterne am abendlichen Rand wollten nimmer sinken, dann sah ich Scharen und Scharen der V\u00f6gel sitzen auf den \u00c4sten der B\u00e4ume, alle waren mit ihren Gesichtern hierher gewendet und zitterten wie zu Zeiten gro\u00dfer bevorstehender Erdbeben, und ich blickte wieder auf dem Erdboden umher und ersah unweit von mir eine Anzahl Arbeiter, die da um eine mit Speise gef\u00fcllte Sch\u00fcssel sa\u00dfen, einige hielten ihre H\u00e4nde unbeweglich in der Sch\u00fcssel und konnten keine Speise aus der Sch\u00fcssel heben; die aber schon eher einen Bissen der Sch\u00fcssel enthoben hatten, die hielten ihn am Munde und mochten nicht den Mund \u00f6ffnen, aller Angesichter aber waren nach aufw\u00e4rts gerichtet, als s\u00e4hen sie gro\u00dfe Dinge am Himmel; dann sah ich Schafe, die von den Hirten getrieben wurden, aber die Schafe standen unbeweglich da und des Hirten Hand, der sie erhob,&nbsp; um zu schlagen die ruhenden Schafe, blieb wie erstarrt in der Luft und er konnte sie nicht bewegen; wieder sah ich eine ganze Herde B\u00f6cke, die hielten ihre Schnauzen \u00fcber dem Wasser und vermochten dennoch nicht zu trinken, denn sie waren alle wie g\u00e4nzlich gel\u00e4hmt; also sah ich auch ein B\u00e4chlein, das hatte einen starken Fall vom Berge herab, und siehe das Wasserstand stille und floss nicht hinab ins Tal! Und so war alles auf dem Erdboden anzusehen, als h\u00e4tte es kein Leben und keine Bewegung.\u201c<\/em><\/p>\n\n\n\n<p class=\"has-vivid-red-color has-text-color has-link-color wp-elements-de590a61348987a26cbd2a87369c164b\"><strong>Jesus Sprachgewandtheit mit drei Monaten<\/strong><\/p>\n\n\n\n<p>Cyrenius, ein Bruder des Kaisers Augustus und Landpfleger \u00fcber Asien und \u00c4gypten: <em>\u201eWie kommt es, Du mein Kindlein, dass Du, noch kaum etliche Monate alt, schon so vern\u00fcnftig und deutlich sprichst? Hat Dich Deine liebe Mutter das gelehrt?\u201c<\/em><\/p>\n\n\n\n<p>Das Kindlein: <em>\u201eCyrenius, da kommt es nicht auf das Alter und auf das Erlernen an, sondern was f\u00fcr einen Geist man hat! Lernen muss nur der Leib und die Seele; aber der Geist hat schon alles in sich aus Gott!\u201c, \u201eIch aber habe den rechten Geist vollm\u00e4chtig<\/em> aus Gott; siehe darum kann Ich auch schon so fr\u00fch reden!\u201c<\/p>\n\n\n\n<p>Cyrenius: <em>\u201eBeim Zeus, dieses Kind besch\u00e4mt schon jetzt mit dieser Antwort alle unsere Weisen! Was ist da Plato, Sokrates und hundert andere Weisen mehr?! Was aber wird dieses Kind erst leisten im Mannesalter?\u201c \u201eSicher mehr als unsere Weisen samt allen unseren G\u00f6ttern!\u201c<\/em><\/p>\n\n\n\n<p class=\"has-vivid-red-color has-text-color has-link-color wp-elements-41cc85dc39ab480b70682d15ba585265\"><strong>Jesus Wunderwirken bis zum 12. Jahr<\/strong><\/p>\n\n\n\n<p>Jesus wirkte in dieser Zeit zahlreiche Wunder, einmal erweckte er an einem Sabbat 12 aus Lehm gebildete V\u00f6gel zum Leben.<\/p>\n\n\n\n<p>Mit 12 Jahren verweilte er drei Tage im Tempel, wo Er die Gelehrten befragte und ihnen auf ihre Fragen Antworten gab, dass sie darob alle h\u00f6chlichst erstaunten.<\/p>\n\n\n\n<p>Er erkl\u00e4rte ihnen die geheimsten Stellen aus den Propheten, belehrte sie \u00fcber die Sterne, \u00fcber ihre Bahnen, \u00fcber ihr Grundlicht, \u00fcber ihr zweites, drittes, viertes, f\u00fcnftes, sechstes und siebente Licht.<\/p>\n\n\n\n<p>Also beschrieb Er ihnen auch das Wesen der Erde und zeigte ihnen den physischen, psychischen und geistigen Zusammenhang der Dinge<\/p>\n\n\n\n<p>Und bewies allen die Unsterblichkeit der Seele auf eine so unerh\u00f6rte Art, dass darob alle sprachen: <em>\u201eWahrlich, so etwas ist noch nie erh\u00f6rt worden! Ein Knabe von zw\u00f6lf Jahren ist weiser in einem Finger als wir alle zusammengenommen\u201c.<\/em><\/p>\n\n\n\n<p>Von da an zog sich dann Jesus ganz zur\u00fcck und ver\u00fcbte vor den Menschen bis in Sein drei\u00dfigstes Jahr kein Wunder mehr, und lebte und arbeitete dann wie ein jeder andere Mensch.<\/p>\n\n\n\n<p>&#8211; Jesus Pflegevater Joseph: Als Er ein Kind war bis zum 12. Jahr, waren ich und die Mutter wahrlich der Meinung, dass Er unfehlbar der uns verhei\u00dfene Messias sein werde, doch nach dem 12. Jahre hat sich all das fr\u00fcher an ihm so g\u00f6ttlich Scheinende v\u00f6llig verloren.<\/p>\n\n\n\n<p>&#8211; Er ist sehr fromm, willig und flei\u00dfig und tut ohne Murren alles, was wir Ihm nach Seiner Kraft zu tun geben;&nbsp; aber wie gesagt, von all dem Wunderbaren ist an Ihm nichts mehr zu entdecken.<\/p>\n\n\n\n<p>Ev. Bd 7; Kap 206, 1<\/p>\n\n\n\n<p><\/p>\n\n\n\n<p class=\"has-white-color has-text-color has-link-color wp-elements-d45bf63dd382be71364b0b63362cb748\">jesusworte <\/p>\n\n\n\n<p class=\"has-black-color has-text-color has-link-color wp-elements-f0ae0f85724949071fdf62d66c2aae38\"><em>Diese Informationen stammen aus folgenden Werken:<\/em><\/p>\n\n\n\n<p class=\"has-black-color has-text-color has-link-color wp-elements-2889f5429484a4bc13dc271bd9636183\"><em>Ab 1840: Jakob Lorber, geb.: 1800, gest.:1864, 25 B\u00e4nde \u00e0 500 Seiten \/\/ \u201eDas gro\u00dfe Evangelium Johannes\u201c (11 B\u00e4nde, beschreibt den Lebenslauf von Jesus Christus von der Hochzeit von Kana bis zu Seinem Kreuzestod) \/\/ \u201eDie Haushaltung Gottes\u201c (3 B\u00e4nde) \/\/ \u201eVon der H\u00f6lle bis zum Himmel\u201c (2 B\u00e4nde) \/\/\u201eJugend Jesus\u201c \/\/ Das Jakobus Evangelium (1 Band) \/\/ \u201eDie geistige Sonne\u201c (2 B\u00e4nde) \/\/ \u201eDas jenseitige Kinderreich\u201c(1 Band) \/\/ und viele kleinere Schriften wie \u201eJenseits der Schwelle\u201c, \u201e3 Tage im Tempel\u201c; \u201eBischof Martin\u201c ( 1 Band), \u201e Robert Blum\u201c (2 B\u00e4nde, \u201eWeg zu geistigen Wiedergeburt\u201c, \u201eDie Predigten des Herrn\u201c Gottfried Mayerhofer 1871 &nbsp;(1 Band)<\/em> <em>\/\/ Berta Dudde; Kundgaben von 1937- 1965, vom Herrn durch das \u201eInnere Wort\u201c (insgesamt 1937 Kundgaben)<\/em><\/p>\n\n\n\n<p><\/p>\n","protected":false},"excerpt":{"rendered":"<p>\u201eIch, Jesus Christus habe aus gro\u00dfer Liebe zu Meinen Kindern auf dieser Erde, ausgew\u00e4hlten, Mir voll ergebenen Schreibmedien, insbesonders seit 1840 (dem Beginn der technischen Entwicklung) bis heute, genaue Details Meines Lebens \u00fcbermittelt. Dies war notwendig, weil vieles in den alten Schriften, nicht mit den tats\u00e4chlichen Ereignissen \u00fcbereinstimmt.\u201c jesusworte Geburtsdatum, Todeszeitpunkt &#8222;Zu allen Zeiten gab [&hellip;]<\/p>\n","protected":false},"author":1,"featured_media":0,"parent":0,"menu_order":0,"comment_status":"closed","ping_status":"closed","template":"","meta":{"zakra_sidebar_layout":"customizer","zakra_remove_content_margin":false,"zakra_sidebar":"customizer","zakra_transparent_header":"customizer","zakra_logo":0,"zakra_main_header_style":"default","zakra_menu_item_color":"","zakra_menu_item_hover_color":"","zakra_menu_item_active_color":"","zakra_menu_active_style":"","zakra_page_header":true,"footnotes":""},"class_list":["post-38","page","type-page","status-publish","hentry"],"_links":{"self":[{"href":"https:\/\/jesusworte-fuer-die-endzeit.com\/WP\/wp-json\/wp\/v2\/pages\/38","targetHints":{"allow":["GET"]}}],"collection":[{"href":"https:\/\/jesusworte-fuer-die-endzeit.com\/WP\/wp-json\/wp\/v2\/pages"}],"about":[{"href":"https:\/\/jesusworte-fuer-die-endzeit.com\/WP\/wp-json\/wp\/v2\/types\/page"}],"author":[{"embeddable":true,"href":"https:\/\/jesusworte-fuer-die-endzeit.com\/WP\/wp-json\/wp\/v2\/users\/1"}],"replies":[{"embeddable":true,"href":"https:\/\/jesusworte-fuer-die-endzeit.com\/WP\/wp-json\/wp\/v2\/comments?post=38"}],"version-history":[{"count":5,"href":"https:\/\/jesusworte-fuer-die-endzeit.com\/WP\/wp-json\/wp\/v2\/pages\/38\/revisions"}],"predecessor-version":[{"id":44,"href":"https:\/\/jesusworte-fuer-die-endzeit.com\/WP\/wp-json\/wp\/v2\/pages\/38\/revisions\/44"}],"wp:attachment":[{"href":"https:\/\/jesusworte-fuer-die-endzeit.com\/WP\/wp-json\/wp\/v2\/media?parent=38"}],"curies":[{"name":"wp","href":"https:\/\/api.w.org\/{rel}","templated":true}]}}