{"id":218,"date":"2026-04-20T11:28:18","date_gmt":"2026-04-20T09:28:18","guid":{"rendered":"https:\/\/jesusworte-fuer-die-endzeit.com\/WP\/?page_id=218"},"modified":"2026-04-20T11:28:18","modified_gmt":"2026-04-20T09:28:18","slug":"auf-du-mit-gottvater","status":"publish","type":"page","link":"https:\/\/jesusworte-fuer-die-endzeit.com\/WP\/auf-du-mit-gottvater\/","title":{"rendered":"Auf DU mit GOTTVATER"},"content":{"rendered":"\n<figure class=\"wp-block-image size-large\"><img loading=\"lazy\" decoding=\"async\" width=\"1024\" height=\"683\" src=\"https:\/\/jesusworte-fuer-die-endzeit.com\/WP\/wp-content\/uploads\/2026\/04\/geralt-religion-3491357_1920-1024x683.jpg\" alt=\"\" class=\"wp-image-219\" srcset=\"https:\/\/jesusworte-fuer-die-endzeit.com\/WP\/wp-content\/uploads\/2026\/04\/geralt-religion-3491357_1920-1024x683.jpg 1024w, https:\/\/jesusworte-fuer-die-endzeit.com\/WP\/wp-content\/uploads\/2026\/04\/geralt-religion-3491357_1920-300x200.jpg 300w, https:\/\/jesusworte-fuer-die-endzeit.com\/WP\/wp-content\/uploads\/2026\/04\/geralt-religion-3491357_1920-768x512.jpg 768w, https:\/\/jesusworte-fuer-die-endzeit.com\/WP\/wp-content\/uploads\/2026\/04\/geralt-religion-3491357_1920-1536x1024.jpg 1536w, https:\/\/jesusworte-fuer-die-endzeit.com\/WP\/wp-content\/uploads\/2026\/04\/geralt-religion-3491357_1920.jpg 1920w\" sizes=\"auto, (max-width: 1024px) 100vw, 1024px\" \/><\/figure>\n\n\n\n<p>Ich wei\u00df ja um deinen ganzen Kampf und um alle deine Seelenstimmungen. Ich kenne sie viel genauer als du. Aber doch w\u00fcnsche Ich so sehr, dass du Mir stets alles vortragen und mit Mir beraten m\u00f6chtest. Denn das gibt dir Vertrauen zu Mir und erh\u00f6ht deine Liebe. Einem Freunde, selbst dem Geliebten kannst du dich nie so ganz hingeben wie Mir, weil Ich alles sehe, empfinde und verstehe, was in deiner Seele vor sich geht und nach Erl\u00f6sung ringt. Um dieses unbegrenzte Vertrauen bitte Ich dich, gib es Mir!<\/p>\n\n\n\n<p>Ich will dich lieben, wie nie dich jemand lieben kann \u2026<\/p>\n\n\n\n<p>Flehe Mich an um Kraft, so ist stets die Schranke zwischen uns gefallen und Ich kann dir deinen Weg besser zeigen.<\/p>\n\n\n\n<p>Auf eine jede Frage, welche du richtest an Mich, wirst du finden eine Antwort in dir, so du der Stimme des Geistes Geh\u00f6r schenkst, die zu dir spricht t\u00e4glich und st\u00fcndlich und die die Stimme deines alliebenden Vaters ist \u2026 Nur musst du dabei deinen Willen v\u00f6llig legen unter den Meinen; denn nur so kann ich Dir Meinen Willen offenbaren, ohne dich in deinem Willen zu beeintr\u00e4chtigen.<\/p>\n\n\n\n<p>Ihr erkennet noch lange nicht das Umfassende und die Gr\u00f6\u00dfe der Namen \u201eVater\u201c, sonst g\u00e4be es f\u00fcr euch kein Leid, keine Traurigkeit mehr auf der Erde, ihr w\u00fcrdet in allem nur die weise F\u00fchrung eures Vaters erblicken, der nur aus Liebe regiert und darum nichts zul\u00e4sst, was euch schaden kann, sondern stets nur sorgt f\u00fcr das, was euch geistigen Gewinn bringt. Ich lege euch nie mehr auf, als ihr tragen k\u00f6nnt. Und so Ich euch etwas zu tragen auferlege, so gebe Ich euch auch die Kraft dazu \u2026 Ich habe es euch ja allen verhei\u00dfen, dass ihr mit Mir alles \u00fcberwinden k\u00f6nnet und sollet!<\/p>\n\n\n\n<p>Ihr alle steht in Meinem Schutze.<\/p>\n\n\n\n<p>Ohne Aneiferung von au\u00dfen wird die menschliche Natur leicht lau und tr\u00e4ge, was sofort einen R\u00fcckgang im Geistigen zur Folge hat. Alle die Widerw\u00e4rtigkeiten, die mancherlei K\u00e4mpfe und Anstrengungen sind lauter Gnadenbezeugungen und Liebesbeweise von Mir, eurem Vater. Glaubet Mir doch, dass Ich euch am besten kenne und darum auch am sichersten das treffe bei jedem, das ihm am heilsamsten und dienlichsten ist. Ich f\u00fchre euch alle,&nbsp; die ihr Mir folgen wollet, so sicher, ja ihr d\u00fcrftet gewiss sein, dass kein Haar von eurem Haupte f\u00e4llt, ohne Meinen Willen. Deshalb gebt Mir immer mehr Raum d.h. werdet immer eigen willenloser\u2026 dann kann ich wahrhaft wirken in euch und durch euch.<\/p>\n\n\n\n<p>Sehet die Liebe Gottes sich vor euch erniedrigen, vor euch klein sich machen, um durch das tiefe Tal der Demut da H\u00f6chste zu erreichen: die Erl\u00f6sung einer ganzen Welt!<\/p>\n\n\n\n<p>Den Ich liebe, den zupfe und rupfe ich und wei\u00df auch das warum; deshalb sollt ihr frohlocken im Herzen, dass Ich euer Vater, euch lieb habe.<\/p>\n\n\n\n<p>Dr\u00fcckt einen oder den andere Kummer, Sorgen, welcher Art immer, so ist es f\u00fcr jeden Menschen m\u00f6glich, Mich selbst zu fragen, was recht, was zu tun not ist. Ich sage euch allen: Derjenige, selche in der Stille seines Herzens zu Mir kommt, soll nicht ohne Meinen Trost, ohne Meinen Rat, ohne Meine Hilfe bleiben.<\/p>\n\n\n\n<p>Ich will mit dir sein, in all deinen Pr\u00fcfungen, die du um deiner selbst willen durchzumachen hast, damit das geistige Leben in dir frei werde und du Mich in Meiner vollen Vaterliebe aufzunehmen f\u00e4hig wirst.<\/p>\n\n\n\n<p>Auf den Ruf des Herzens, werden zwar sehr leise, aber dennoch \u00fcberdeutlich vernehmbare Gedanken kommen.&nbsp; Du wirst sie auch erkennen, dass sie nicht auf dein Grund und Boden gewachsen sind. Hast du sie aber erkannt, so handle danach.<\/p>\n","protected":false},"excerpt":{"rendered":"<p>Ich wei\u00df ja um deinen ganzen Kampf und um alle deine Seelenstimmungen. Ich kenne sie viel genauer als du. Aber doch w\u00fcnsche Ich so sehr, dass du Mir stets alles vortragen und mit Mir beraten m\u00f6chtest. Denn das gibt dir Vertrauen zu Mir und erh\u00f6ht deine Liebe. Einem Freunde, selbst dem Geliebten kannst du dich [&hellip;]<\/p>\n","protected":false},"author":1,"featured_media":0,"parent":0,"menu_order":0,"comment_status":"closed","ping_status":"closed","template":"","meta":{"zakra_sidebar_layout":"customizer","zakra_remove_content_margin":false,"zakra_sidebar":"customizer","zakra_transparent_header":"customizer","zakra_logo":0,"zakra_main_header_style":"default","zakra_menu_item_color":"","zakra_menu_item_hover_color":"","zakra_menu_item_active_color":"","zakra_menu_active_style":"","zakra_page_header":true,"footnotes":""},"class_list":["post-218","page","type-page","status-publish","hentry"],"_links":{"self":[{"href":"https:\/\/jesusworte-fuer-die-endzeit.com\/WP\/wp-json\/wp\/v2\/pages\/218","targetHints":{"allow":["GET"]}}],"collection":[{"href":"https:\/\/jesusworte-fuer-die-endzeit.com\/WP\/wp-json\/wp\/v2\/pages"}],"about":[{"href":"https:\/\/jesusworte-fuer-die-endzeit.com\/WP\/wp-json\/wp\/v2\/types\/page"}],"author":[{"embeddable":true,"href":"https:\/\/jesusworte-fuer-die-endzeit.com\/WP\/wp-json\/wp\/v2\/users\/1"}],"replies":[{"embeddable":true,"href":"https:\/\/jesusworte-fuer-die-endzeit.com\/WP\/wp-json\/wp\/v2\/comments?post=218"}],"version-history":[{"count":1,"href":"https:\/\/jesusworte-fuer-die-endzeit.com\/WP\/wp-json\/wp\/v2\/pages\/218\/revisions"}],"predecessor-version":[{"id":220,"href":"https:\/\/jesusworte-fuer-die-endzeit.com\/WP\/wp-json\/wp\/v2\/pages\/218\/revisions\/220"}],"wp:attachment":[{"href":"https:\/\/jesusworte-fuer-die-endzeit.com\/WP\/wp-json\/wp\/v2\/media?parent=218"}],"curies":[{"name":"wp","href":"https:\/\/api.w.org\/{rel}","templated":true}]}}