{"id":197,"date":"2026-01-20T12:05:01","date_gmt":"2026-01-20T11:05:01","guid":{"rendered":"https:\/\/jesusworte-fuer-die-endzeit.com\/WP\/?page_id=197"},"modified":"2026-01-20T12:05:01","modified_gmt":"2026-01-20T11:05:01","slug":"wiederkunft-jesus-christus","status":"publish","type":"page","link":"https:\/\/jesusworte-fuer-die-endzeit.com\/WP\/wiederkunft-jesus-christus\/","title":{"rendered":"Wiederkunft Jesus Christus"},"content":{"rendered":"\n<figure class=\"wp-block-image aligncenter size-large\"><img loading=\"lazy\" decoding=\"async\" width=\"1920\" height=\"1080\" src=\"https:\/\/jesusworte-fuer-die-endzeit.com\/WP\/wp-content\/uploads\/2026\/01\/sky-8752964_1920-edited.png\" alt=\"\" class=\"wp-image-199\" srcset=\"https:\/\/jesusworte-fuer-die-endzeit.com\/WP\/wp-content\/uploads\/2026\/01\/sky-8752964_1920-edited.png 1920w, https:\/\/jesusworte-fuer-die-endzeit.com\/WP\/wp-content\/uploads\/2026\/01\/sky-8752964_1920-edited-300x169.png 300w, https:\/\/jesusworte-fuer-die-endzeit.com\/WP\/wp-content\/uploads\/2026\/01\/sky-8752964_1920-edited-1024x576.png 1024w, https:\/\/jesusworte-fuer-die-endzeit.com\/WP\/wp-content\/uploads\/2026\/01\/sky-8752964_1920-edited-768x432.png 768w, https:\/\/jesusworte-fuer-die-endzeit.com\/WP\/wp-content\/uploads\/2026\/01\/sky-8752964_1920-edited-1536x864.png 1536w\" sizes=\"auto, (max-width: 1920px) 100vw, 1920px\" \/><\/figure>\n\n\n\n<p><a><\/a><strong>Die zweite Wiederkunft von JESUS CHRISTUS in der Jetztzeit<\/strong><\/p>\n\n\n\n<p>Kurze Hinweise aus 34 verschiedenen Endzeitank\u00fcndigungen:<\/p>\n\n\n\n<p><strong><u>Das Ma\u00df ist voll<\/u><\/strong>:<\/p>\n\n\n\n<p>Es ist Zeit, das Ma\u00df des Verderbens ist voll und Ich muss einschreiten, wenn Mir noch Kinder sollen erhalten bleiben. Meine Liebe l\u00e4sst sich nicht mehr abhalten, mit Macht um dieselben zu werben.<\/p>\n\n\n\n<p>Alle Meine Mahnungen werden, wie vor der Sintflut, bei vielen fruchtlos bleiben. Ein m\u00e4chtiges Feuer aus der H\u00f6he wird kommen \u00fcber die Gebeine der Frevler und wird sie verzehren zu Staub und Asche. Nach etwa nicht v\u00f6llig 2000 Jahren wird abermals ein gr\u00f6\u00dftes und allgemeinstes Gericht kommen, zum Heile der Guten.<\/p>\n\n\n\n<p>Der Grund Meiner direkten Mitteilungen ist der, weil jetzt der Zeitpunkt sich n\u00e4hert, an dem die Welt ihren Gipfelpunkt in den Verirrungen und im Abweichen von Meinen Sch\u00f6pfungszwecken erreichen wird. Die Hauptsache ist und bleibt das unabl\u00e4ssige <strong>Streben nach der Wiedergeburt des Geistes in der Seele.<\/strong><\/p>\n\n\n\n<p>Ich werde bei Meiner Wiederkunft nicht mehr aus einem Weibe irgendwo als ein Kind geboren werden. Ich als Geist&nbsp; ben\u00f6tige nimmerdar eines 2. leiblichen Leibes.<\/p>\n\n\n\n<p><\/p>\n\n\n\n<p><strong><u>Ort Meiner Wiederkunft<\/u><\/strong>:<\/p>\n\n\n\n<p>Es gibt ein gar gro\u00dfes Land im Westen, das von allen Seiten vom gro\u00dfen Weltozean umflossen ist und nirgends \u00fcber dem Meere mit der alten Welt zusammenh\u00e4ngt.<\/p>\n\n\n\n<p><\/p>\n\n\n\n<p><strong><u>Kr\u00e4mer und Wechsler:<\/u><\/strong><\/p>\n\n\n\n<p>Es werden nichts mehr n\u00fctzen die Feuer und todspeienden Waffen, denn es wird ein Feind aus den L\u00fcften kommen und wird sie alle verderben die da \u00dcbles getan haben. Den Feind, den Ich aus den weiten Luftr\u00e4umen der Erde zusenden werde wie einen dahin zuckenden Blitz mit gro\u00dfem Get\u00f6se und Gekrache, gegen den werden vergeblich k\u00e4mpfen alle die Heere der Erde.<\/p>\n\n\n\n<p>&nbsp;Aber Meinen wenigen Freunden wird der gro\u00dfe unbesiegbare Feind kein Leid tun und wird sie verschonen f\u00fcr eine ganz neue Pflanzschule aus der neue und bessere Menschen hervorgehen werden.<\/p>\n\n\n\n<p>Wo in jener Zeit die Menschen in Meiner Ordnung leben, dort wird auch kein letztes Gericht zum Vorschein komme.<\/p>\n\n\n\n<p><\/p>\n\n\n\n<p><strong><u>Der Mensch sein eigener Richter:<\/u><\/strong><\/p>\n\n\n\n<p>Die Menschen werden von ihren vielen Weltkenntnissen und erworbenen Fertigkeiten einen stets b\u00f6seren Gebrauch machen und werden ganz freiwillig allerlei Gerichte aus <strong>den Tiefen Meiner Sch\u00f6pfung \u00fcber sich <\/strong>und am Ende \u00fcber die ganze Erde heraufbeschw\u00f6ren. Da aber sage Ich: <strong>Dem Selbstwollenden geschieht kein Unrecht.<\/strong><\/p>\n\n\n\n<p><\/p>\n\n\n\n<p><strong><u>Weltgericht<\/u><\/strong> (Evang. 6, Kap174,1)<\/p>\n\n\n\n<p>Es werden dann auch gro\u00dfe Zeichen auf der Erde, auf dem Meere und am Himmel geschehen. Ich werde Knechte erwecken, die aus Meinem Worte weissagen und mehrfach das kommende Gericht verk\u00fcnden werden. Aber der Hochmut der Menschen wird sie nicht anh\u00f6ren, oder doch nicht glauben, oder sie als Narren verlachen.<\/p>\n\n\n\n<p>Es werden dann sein, gro\u00dfe Kriege vereinzelt unter den V\u00f6lkern, es werden allerlei pestilenzartige Krankheiten entstehen, wie sie unter den Menschen&nbsp; bis jetzt noch nie bestanden. Dem werden gro\u00dfe Erdbeben vorangehen, auf dass sich die Menschen dadurch zur Bu\u00dfe und zur Liebe-T\u00e4tigkeit ermannen sollen.<\/p>\n\n\n\n<p><strong>Die Kinder der Erde <\/strong>sind Mir am n\u00e4chsten, weil Ich sie dort wesenhaft pers\u00f6nlich im Fleische zu Meinen <strong>ersten Kindern <\/strong>gemacht habe. Diesen Meinen Kindern ist es von Mir aus gegeben mit Mir zu erforschen, zu beherrschen und zu ordnen die Unendlichkeit und alle zahllosen Sch\u00f6pfungen in ihr.<\/p>\n\n\n\n<p><\/p>\n\n\n\n<p><strong><u>Zuk\u00fcnftige Ereignisse auf Erden:<\/u><\/strong><\/p>\n\n\n\n<p>Die Erde wird aus der gleichm\u00e4\u00dfigen Anziehung und Absto\u00dfung geworfen werden. Dadurch werden sich in ihrem Inneren Gewichtsverlagerungen und an der Oberfl\u00e4che <strong>Wasser und Festlandver\u00e4nderungen<\/strong> zeigen, die die <strong>jetzige \u00e4u\u00dfere Gestalt der Erde \u00e4ndern und ganz ungew\u00f6hnlichen Riesenerdbeben gleichen werden.<\/strong><\/p>\n\n\n\n<p>Die Erde ist in ihrem Inneren bereits gro\u00dfen Ver\u00e4nderungen unterworfen. Ihr k\u00f6nnt das an den Erdbeben, Erdersch\u00fctterungen, St\u00fcrmen und Wetterver\u00e4nderungen bemerken.<\/p>\n\n\n\n<p>Die Erde muss in eine neue Umlaufbahn um die Sonne eingeschwenkt werden.<\/p>\n\n\n\n<p>Es w\u00e4re wichtig, wenn die Menschheit nach dem 1. Schock zur Besinnung, <strong>zur Umkehr zu Gott gelangen w\u00fcrde.<\/strong><\/p>\n\n\n\n<p><\/p>\n\n\n\n<p><strong><u>Einflussabschw\u00e4chung:<\/u><\/strong><\/p>\n\n\n\n<p>Der einzige gangbare Weg w\u00e4re eine <strong>radikale&nbsp; Gesinnungs\u00e4nderung der Menschheit.<\/strong><\/p>\n\n\n\n<p>Die Oberfl\u00e4che des Erdplaneten wird bedeutend verkleinert werden, und zwar so, dass neue Wesenheiten des Fortschrittes f\u00fcr die Dauer ihrer materiellen Ausbildung darauf ihre Heimat finden k\u00f6nnen.<\/p>\n\n\n\n<p><strong>Der Wille zur Tat ist der einzige Weg! <\/strong>Richtig w\u00e4re der Einsatz des Willens, der Wille zum Frieden, zum geistigen Fortschritt, zur Gesundheit, zum geistigen Wohlstand!<\/p>\n\n\n\n<p><strong><u>Stufenweise Ereignisse:<\/u><\/strong><\/p>\n\n\n\n<p>Wenn die Menschheit die 1. und 2. Stufe \u00fcberschritten und sich noch nicht eines Besseren besonnen hat, dann erfolgen die <strong>Gro\u00dfkatastrophen.<\/strong><\/p>\n\n\n\n<p>1. Stufe: <strong>Vorwarnung: Kein Licht, bzw. 3 finstere Tage. Es ist die letzte Gnadenzeit, die der Menschheit gew\u00e4hrt wird.<\/strong><\/p>\n\n\n\n<p>2. Stufe: <strong>Erdteilregulierung mit Erdbeben usw.<\/strong><\/p>\n\n\n\n<p>Diese 2 Stufen sind nur bedingt zu betrachten, sie h\u00e4ngen&nbsp; von den Reaktionen der Menschheit ab<\/p>\n\n\n\n<p>3. Stufe: <strong>Plagen aus dem kosmischen Raum<\/strong><\/p>\n\n\n\n<p>Schw\u00e4chere Z\u00fcchtigung: wenn die Menschen jetzt noch bereit w\u00e4ren, sich intensiv zu wandeln.<\/p>\n\n\n\n<p>Ihr Menschen habt es in der Hand, euer Heil oder eure k\u00f6rperliche Vernichtung&nbsp; zu w\u00e4hlen.<\/p>\n\n\n\n<p><strong>Der einzige Lichtblick ist, dass sich die Erdenmenschen nach der ersten Welle der Ereignisse besinnen.<\/strong><\/p>\n\n\n\n<p>Die Erde ist derma\u00dfen durch die Menschen gesch\u00e4digt worden, dass sie an Lebensf\u00e4higkeit verloren hat. Das magnetische&nbsp; Feld, das eure Erde umgibt, ist besch\u00e4digt. Die vielen Atombombenversuche tragen die Hauptschuld.<\/p>\n\n\n\n<p><\/p>\n\n\n\n<p><strong><u>Pers\u00f6nliche Verantwortung:<\/u><\/strong><\/p>\n\n\n\n<p>Die Verantwortung jedes Einzelnen ist unendlich gro\u00df. Weil die g\u00f6ttliche Kraft durch euer Sein, eure geistig-seelische Substanz verunreinigt wird und zur\u00fcckflie\u00dft in Mein All. Daher habt ihr auch so viele Naturkatastrophen auf eurer Erde. Es sind Akkumulationen negativer Gef\u00fchlsimpulse schlechter Empfindungen, b\u00f6ser Gedanken, liebloser Worte und schlechter Taten.<\/p>\n\n\n\n<p><\/p>\n\n\n\n<p><strong><u>Notwendige Besinnung und Umkehr<\/u><\/strong>:<\/p>\n\n\n\n<p>Meine Kinder, welche Religion sie sein wollen, ob R\u00f6mische, ob Protestanten, ob Juden, ob T\u00fcrken, ob Brahmi, ob Heiden &#8211; kurz f\u00fcr alle soll es gesagt sein:<\/p>\n\n\n\n<p>Wenn ein bemerkenswerter Anteil der Menschheit eine radikale Gesinnungs\u00e4nderung und zur R\u00fcckkehr zu Gott finden w\u00fcrde, k\u00f6nnen&nbsp; die Auswirkungen der Ereignisse vermindert werden.<\/p>\n","protected":false},"excerpt":{"rendered":"<p>Die zweite Wiederkunft von JESUS CHRISTUS in der Jetztzeit Kurze Hinweise aus 34 verschiedenen Endzeitank\u00fcndigungen: Das Ma\u00df ist voll: Es ist Zeit, das Ma\u00df des Verderbens ist voll und Ich muss einschreiten, wenn Mir noch Kinder sollen erhalten bleiben. Meine Liebe l\u00e4sst sich nicht mehr abhalten, mit Macht um dieselben zu werben. Alle Meine Mahnungen [&hellip;]<\/p>\n","protected":false},"author":1,"featured_media":0,"parent":0,"menu_order":0,"comment_status":"closed","ping_status":"closed","template":"","meta":{"zakra_sidebar_layout":"customizer","zakra_remove_content_margin":false,"zakra_sidebar":"customizer","zakra_transparent_header":"customizer","zakra_logo":0,"zakra_main_header_style":"default","zakra_menu_item_color":"","zakra_menu_item_hover_color":"","zakra_menu_item_active_color":"","zakra_menu_active_style":"","zakra_page_header":true,"footnotes":""},"class_list":["post-197","page","type-page","status-publish","hentry"],"_links":{"self":[{"href":"https:\/\/jesusworte-fuer-die-endzeit.com\/WP\/wp-json\/wp\/v2\/pages\/197","targetHints":{"allow":["GET"]}}],"collection":[{"href":"https:\/\/jesusworte-fuer-die-endzeit.com\/WP\/wp-json\/wp\/v2\/pages"}],"about":[{"href":"https:\/\/jesusworte-fuer-die-endzeit.com\/WP\/wp-json\/wp\/v2\/types\/page"}],"author":[{"embeddable":true,"href":"https:\/\/jesusworte-fuer-die-endzeit.com\/WP\/wp-json\/wp\/v2\/users\/1"}],"replies":[{"embeddable":true,"href":"https:\/\/jesusworte-fuer-die-endzeit.com\/WP\/wp-json\/wp\/v2\/comments?post=197"}],"version-history":[{"count":1,"href":"https:\/\/jesusworte-fuer-die-endzeit.com\/WP\/wp-json\/wp\/v2\/pages\/197\/revisions"}],"predecessor-version":[{"id":200,"href":"https:\/\/jesusworte-fuer-die-endzeit.com\/WP\/wp-json\/wp\/v2\/pages\/197\/revisions\/200"}],"wp:attachment":[{"href":"https:\/\/jesusworte-fuer-die-endzeit.com\/WP\/wp-json\/wp\/v2\/media?parent=197"}],"curies":[{"name":"wp","href":"https:\/\/api.w.org\/{rel}","templated":true}]}}