{"id":187,"date":"2026-01-05T13:59:44","date_gmt":"2026-01-05T12:59:44","guid":{"rendered":"https:\/\/jesusworte-fuer-die-endzeit.com\/WP\/?page_id=187"},"modified":"2026-01-05T14:00:13","modified_gmt":"2026-01-05T13:00:13","slug":"72-stunden-blackout","status":"publish","type":"page","link":"https:\/\/jesusworte-fuer-die-endzeit.com\/WP\/72-stunden-blackout\/","title":{"rendered":"72 Stunden BLACKOUT"},"content":{"rendered":"\n<figure class=\"wp-block-image size-large\"><img loading=\"lazy\" decoding=\"async\" width=\"1024\" height=\"724\" src=\"https:\/\/jesusworte-fuer-die-endzeit.com\/WP\/wp-content\/uploads\/2026\/01\/blackout-7557212_1920-1024x724.jpg\" alt=\"\" class=\"wp-image-188\" srcset=\"https:\/\/jesusworte-fuer-die-endzeit.com\/WP\/wp-content\/uploads\/2026\/01\/blackout-7557212_1920-1024x724.jpg 1024w, https:\/\/jesusworte-fuer-die-endzeit.com\/WP\/wp-content\/uploads\/2026\/01\/blackout-7557212_1920-300x212.jpg 300w, https:\/\/jesusworte-fuer-die-endzeit.com\/WP\/wp-content\/uploads\/2026\/01\/blackout-7557212_1920-768x543.jpg 768w, https:\/\/jesusworte-fuer-die-endzeit.com\/WP\/wp-content\/uploads\/2026\/01\/blackout-7557212_1920-1536x1086.jpg 1536w, https:\/\/jesusworte-fuer-die-endzeit.com\/WP\/wp-content\/uploads\/2026\/01\/blackout-7557212_1920.jpg 1920w\" sizes=\"auto, (max-width: 1024px) 100vw, 1024px\" \/><\/figure>\n\n\n\n<p>F\u00fcr die nahe Zukunft ist ein solcher BLACKOUT angek\u00fcndigt. Durch ein kosmisches Ereignis&nbsp; soll sich das Erdmagnetfeld der Erde destabilisieren und eine Erdachsenver\u00e4nderung mit Polverschiebung, mit allen geophysikalischen \u00c4nderungen auf der Erdoberfl\u00e4che einstellen.<\/p>\n\n\n\n<p>Es w\u00fcrden Gro\u00dfkatastrophen, jedoch noch kein Weltuntergang folgen, jedoch mit einer m\u00f6glichen Beendigung &nbsp;der derzeitigen 2000-j\u00e4hrigen menschlichen Entwicklungsperiode vor einer neuen Zeitperiode.<\/p>\n\n\n\n<p>Prim\u00e4re Ursache daf\u00fcr ist die jahrhundertelange geistige und moralische Stagnation und Fehlentwicklung&nbsp; der Menschheit, die f\u00fcr keine positiven Verbesserungen &nbsp;aufgeschlossen war und ist.<\/p>\n\n\n\n<p>Diese ungeheuer negative Energie wirkt sich, von der Menschheit nicht erkannt, direkt auf die physikalischen Gesetzm\u00e4\u00dfigkeiten von nat\u00fcrlichen Katastrophen wie Vulkanausbr\u00fcche, Erdbeben, \u00dcberflutungen, Temperatur\u00e4nderungen negativ aus.<\/p>\n\n\n\n<p>Eine Verminderung dieser Katastrophen w\u00e4re nur durch eine deutliche Erh\u00f6hung der menschlichen, geistigen und moralischen Energie der Menschheit m\u00f6glich und w\u00fcrde von jedem einzelnen Menschen abh\u00e4ngig sein.<\/p>\n\n\n\n<p>Daf\u00fcr ist es schon sehr sp\u00e4t, aber noch nicht unm\u00f6glich.<\/p>\n","protected":false},"excerpt":{"rendered":"<p>F\u00fcr die nahe Zukunft ist ein solcher BLACKOUT angek\u00fcndigt. Durch ein kosmisches Ereignis&nbsp; soll sich das Erdmagnetfeld der Erde destabilisieren und eine Erdachsenver\u00e4nderung mit Polverschiebung, mit allen geophysikalischen \u00c4nderungen auf der Erdoberfl\u00e4che einstellen. Es w\u00fcrden Gro\u00dfkatastrophen, jedoch noch kein Weltuntergang folgen, jedoch mit einer m\u00f6glichen Beendigung &nbsp;der derzeitigen 2000-j\u00e4hrigen menschlichen Entwicklungsperiode vor einer neuen Zeitperiode. [&hellip;]<\/p>\n","protected":false},"author":1,"featured_media":0,"parent":0,"menu_order":0,"comment_status":"closed","ping_status":"closed","template":"","meta":{"zakra_sidebar_layout":"customizer","zakra_remove_content_margin":false,"zakra_sidebar":"customizer","zakra_transparent_header":"customizer","zakra_logo":0,"zakra_main_header_style":"default","zakra_menu_item_color":"","zakra_menu_item_hover_color":"","zakra_menu_item_active_color":"","zakra_menu_active_style":"","zakra_page_header":true,"footnotes":""},"class_list":["post-187","page","type-page","status-publish","hentry"],"_links":{"self":[{"href":"https:\/\/jesusworte-fuer-die-endzeit.com\/WP\/wp-json\/wp\/v2\/pages\/187","targetHints":{"allow":["GET"]}}],"collection":[{"href":"https:\/\/jesusworte-fuer-die-endzeit.com\/WP\/wp-json\/wp\/v2\/pages"}],"about":[{"href":"https:\/\/jesusworte-fuer-die-endzeit.com\/WP\/wp-json\/wp\/v2\/types\/page"}],"author":[{"embeddable":true,"href":"https:\/\/jesusworte-fuer-die-endzeit.com\/WP\/wp-json\/wp\/v2\/users\/1"}],"replies":[{"embeddable":true,"href":"https:\/\/jesusworte-fuer-die-endzeit.com\/WP\/wp-json\/wp\/v2\/comments?post=187"}],"version-history":[{"count":3,"href":"https:\/\/jesusworte-fuer-die-endzeit.com\/WP\/wp-json\/wp\/v2\/pages\/187\/revisions"}],"predecessor-version":[{"id":191,"href":"https:\/\/jesusworte-fuer-die-endzeit.com\/WP\/wp-json\/wp\/v2\/pages\/187\/revisions\/191"}],"wp:attachment":[{"href":"https:\/\/jesusworte-fuer-die-endzeit.com\/WP\/wp-json\/wp\/v2\/media?parent=187"}],"curies":[{"name":"wp","href":"https:\/\/api.w.org\/{rel}","templated":true}]}}