{"id":114,"date":"2025-03-31T12:52:56","date_gmt":"2025-03-31T10:52:56","guid":{"rendered":"https:\/\/jesusworte-fuer-die-endzeit.com\/WP\/?page_id=114"},"modified":"2025-03-31T14:02:07","modified_gmt":"2025-03-31T12:02:07","slug":"herzlich-willkommen","status":"publish","type":"page","link":"https:\/\/jesusworte-fuer-die-endzeit.com\/WP\/","title":{"rendered":"Herzlich Willkommen!"},"content":{"rendered":"\n<figure class=\"wp-block-image size-full\"><img loading=\"lazy\" decoding=\"async\" width=\"956\" height=\"450\" src=\"https:\/\/jesusworte-fuer-die-endzeit.com\/WP\/wp-content\/uploads\/2025\/03\/ocean-3605547_1920cut.jpg\" alt=\"\" class=\"wp-image-145\" srcset=\"https:\/\/jesusworte-fuer-die-endzeit.com\/WP\/wp-content\/uploads\/2025\/03\/ocean-3605547_1920cut.jpg 956w, https:\/\/jesusworte-fuer-die-endzeit.com\/WP\/wp-content\/uploads\/2025\/03\/ocean-3605547_1920cut-300x141.jpg 300w, https:\/\/jesusworte-fuer-die-endzeit.com\/WP\/wp-content\/uploads\/2025\/03\/ocean-3605547_1920cut-768x362.jpg 768w\" sizes=\"auto, (max-width: 956px) 100vw, 956px\" \/><\/figure>\n\n\n\n<p class=\"has-black-color has-text-color has-link-color wp-elements-b6c5ba70d919177a1bcbe584c9616169\"><strong>Herzlich Willkommen auf der Webseite \u201eJesusworte f\u00fcr die Endzeit\u201c.<\/strong><\/p>\n\n\n\n<p>Es wirft sich die Frage auf, wann diese Endzeit sein soll. In der Bibel gibt es diesbez\u00fcgliche Hinweise z.B. in der mystisch klingenden, allegorischen Johannes-Offenbarung.<\/p>\n\n\n\n<p>Seit dem Beginn des technischen Zeitalters um 1840 befugte Jesus Christus einen begnadeten Propheten namens <strong>Jakob Lorber<\/strong> und gab ihm den Auftrag niederzuschreiben, was sich vor 2000 Jahren im Detail wirklich zugetragen hat.<\/p>\n\n\n\n<p>Jakob Lorber (* 22. Juli 1800 in Kanischa, damals Herzogtum Steiermark, Habsburgmonarchie; \u2020 24. August 1864 in Graz) war&nbsp;ein \u00f6sterreichischer Musiker&nbsp;und christlicher Mystiker. Sein Werk wird in der konfessionskundlichen Fachliteratur den Privatoffenbarungen zugeordnet; er selbst bezeichnete sich als \u201eSchreibknecht Gottes\u201c.<\/p>\n\n\n\n<p>Lorber ver\u00f6ffentlichte in 25 B\u00e4nden ein umfangreiches Werk, mit \u00fcber 20.000 Seiten, die teils noch zu seiner Lebzeiten ver\u00f6ffentlichet wurden. Er verstand seine Neuoffenbarungen selbst als Wort Gottes. Was er wisse, wisse er nur aus Gott durch eine besondere, unverdiente Gnade. Aufgrund dieses Anspruchs war Lorber der Ansicht, im Besitz umf\u00e4nglichster Erkenntnis zu sein. Bei seinen Anh\u00e4ngern gelten Lorbers Schriften als \u201eder Bibel ebenb\u00fcrtig.\u201c Nach dem Autor Kurt Eggenstein sind Lorbers Neuoffenbarung eine Heilsbotschaft, welche&nbsp;das Evangelium&nbsp;erl\u00e4utere und erg\u00e4nze, da Jesus dem damaligen Volk nur wenig von den Geheimnissen der Sch\u00f6pfung erz\u00e4hlen konnte und&nbsp;seine Apostel ihn auch nur schwer zu verstehen vermochten. In Lorbers Schriften f\u00e4nden sich auch zahlreiche Aussagen und Konzepte der Quantphysik, und Warnungen vor modernen Risikenwie Klimaver\u00e4nderungen, Luftverschmutzung und Entwaldung.&nbsp;<\/p>\n\n\n\n<p>Weiters sind in diesem gewaltigen Werk nicht nur Erkl\u00e4rungen \u00fcber die Existenz den Aufbau und die Entwicklung unserer Seelen oder &nbsp;Angaben \u00fcber unser Leben nach dem leiblichen Tod, sondern auch \u00fcber riesige Umw\u00e4lzungen auf unserem&nbsp; Erdk\u00f6rper, bis zu einem Polsprung, enthalten.<\/p>\n\n\n\n<p>Mit diesem umfangreichen Inhalt, mit dem ich mich seit \u00fcber 40 Jahren besch\u00e4ftige, &nbsp;m\u00f6chte ich Ihnen &#8211; wenn auch nur auszugsweise m\u00f6glich &#8211; einzelne Themen etwas n\u00e4her bringen.<\/p>\n\n\n\n<p>Als Diskussionsgrundlage dient der Inhalt wohl nicht, da jede\/r seine\/ihre eigene Einstellung dazu einnehmen wird. Jedoch einen neuen, weiteren Blick auf bestimmte Thematiken zu werfen, ist &#8211; so finde ich &#8211; immer eine gute Idee.<\/p>\n\n\n\n<p>In diesem Sinne freue mich, wenn ich Ihr Interesse an diesem neuen Zugang geweckt habe.<\/p>\n","protected":false},"excerpt":{"rendered":"<p>Herzlich Willkommen auf der Webseite \u201eJesusworte f\u00fcr die Endzeit\u201c. Es wirft sich die Frage auf, wann diese Endzeit sein soll. In der Bibel gibt es diesbez\u00fcgliche Hinweise z.B. in der mystisch klingenden, allegorischen Johannes-Offenbarung. Seit dem Beginn des technischen Zeitalters um 1840 befugte Jesus Christus einen begnadeten Propheten namens Jakob Lorber und gab ihm den [&hellip;]<\/p>\n","protected":false},"author":1,"featured_media":0,"parent":0,"menu_order":0,"comment_status":"closed","ping_status":"closed","template":"","meta":{"zakra_sidebar_layout":"customizer","zakra_remove_content_margin":false,"zakra_sidebar":"customizer","zakra_transparent_header":"customizer","zakra_logo":0,"zakra_main_header_style":"default","zakra_menu_item_color":"","zakra_menu_item_hover_color":"","zakra_menu_item_active_color":"","zakra_menu_active_style":"","zakra_page_header":true,"footnotes":""},"class_list":["post-114","page","type-page","status-publish","hentry"],"_links":{"self":[{"href":"https:\/\/jesusworte-fuer-die-endzeit.com\/WP\/wp-json\/wp\/v2\/pages\/114","targetHints":{"allow":["GET"]}}],"collection":[{"href":"https:\/\/jesusworte-fuer-die-endzeit.com\/WP\/wp-json\/wp\/v2\/pages"}],"about":[{"href":"https:\/\/jesusworte-fuer-die-endzeit.com\/WP\/wp-json\/wp\/v2\/types\/page"}],"author":[{"embeddable":true,"href":"https:\/\/jesusworte-fuer-die-endzeit.com\/WP\/wp-json\/wp\/v2\/users\/1"}],"replies":[{"embeddable":true,"href":"https:\/\/jesusworte-fuer-die-endzeit.com\/WP\/wp-json\/wp\/v2\/comments?post=114"}],"version-history":[{"count":5,"href":"https:\/\/jesusworte-fuer-die-endzeit.com\/WP\/wp-json\/wp\/v2\/pages\/114\/revisions"}],"predecessor-version":[{"id":146,"href":"https:\/\/jesusworte-fuer-die-endzeit.com\/WP\/wp-json\/wp\/v2\/pages\/114\/revisions\/146"}],"wp:attachment":[{"href":"https:\/\/jesusworte-fuer-die-endzeit.com\/WP\/wp-json\/wp\/v2\/media?parent=114"}],"curies":[{"name":"wp","href":"https:\/\/api.w.org\/{rel}","templated":true}]}}